{"id":20675,"date":"2022-06-02T20:20:29","date_gmt":"2022-06-02T20:20:29","guid":{"rendered":"http:\/\/www.favorioyuncak.com\/?post_type=product&#038;p=20675"},"modified":"2022-07-31T12:14:44","modified_gmt":"2022-07-31T12:14:44","slug":"sihirli-dugmeler-15li-paket","status":"publish","type":"product","link":"https:\/\/matraxoyuncak.com\/tr\/urun\/sihirli-dugmeler-15li-paket\/","title":{"rendered":"Sihirli D\u00fc\u011fmeler (15&#8217;li Paket)"},"content":{"rendered":"<div class=\"toy-detail\">\n<div class=\"block\">\n<div class=\"text\"><strong>Barkod<\/strong><\/div>\n<div class=\"value\">8695295150374<\/div>\n<\/div>\n<div class=\"block\">\n<div class=\"text\"><strong>\u00dcr\u00fcn Ebatlar\u0131<\/strong><\/div>\n<div class=\"value\">33,5 x 28 x 1,2 cm. (\u015eeffaf Delikli Saha 15 Adet)<\/div>\n<\/div>\n<div class=\"clear\"><\/div>\n<\/div>\n<div class=\"other-details\">\n<div class=\"title\"><strong>Di\u011fer Bilgiler<\/strong><\/div>\n<div class=\"desc\">\n<p>Paket \u015eekli: Karton Kutu<\/p>\n<p>Paket Ebatlar\u0131: 35 x 28 x 31 cm.<\/p>\n<p>Koli i\u00e7i Adet: 4<\/p>\n<p>Koli Ebatlar\u0131: 62 x 57 x 37 cm.<\/p>\n<p>Net Koli A\u011f\u0131rl\u0131\u011f\u0131: 35,450 gr.<\/p>\n<\/div>\n<\/div>\n","protected":false},"excerpt":{"rendered":"<p>3 ya\u015f ve \u00fczeri \u00e7ocuklar, \u201cSihirli D\u00fc\u011fmeler\u201d sayesinde, ilk g\u00fczel mozaik desenlerini 1200 adet b\u00fcy\u00fck k\u0131r\u0131lmaz d\u00fc\u011fmeyi, \u015feffaf saha ya takarak kolayca olu\u015fturabilirler. 16 adet ger\u00e7ek\u00e7i ve grafik konulu farkl\u0131 ve e\u011fitici desenler i\u00e7eren \u00f6n arka bask\u0131l\u0131 32 Adet Desen Kartonundan se\u00e7tikleri her hangi birini, Destek kartonunun da yard\u0131m\u0131 ile kolayca \u015eeffaf Sahan\u0131n alt\u0131na takabilirler. Bu oyuncak; el g\u00f6z koordinasyonu ve psikomotor geli\u015fiminine, \u00e7ocuklar\u0131n kendi dizaynlar\u0131n\u0131 yapmaya ba\u015flamalar\u0131yla da yarat\u0131c\u0131l\u0131klar\u0131n\u0131n geli\u015fimine yard\u0131mc\u0131 olur. \u00c7ocuklar\u0131m\u0131z\u0131n geli\u015fimini destekleyen bu \u00fcr\u00fcn\u00fcm\u00fcz ayn\u0131 zamanda anaokulu, kre\u015f, ilkokul gibi e\u011fitim kurumlar\u0131nda da tercih edilmektedir. Bu set sayesinde, ayn\u0131 anda 15 \u00e7ocuk Sihirli D\u00fc\u011fmeler oyunca\u011f\u0131 ile oynayabilir.<\/p>\n","protected":false},"featured_media":20678,"template":"","meta":[],"product_brand":[],"product_cat":[235],"product_tag":[],"class_list":{"0":"post-20675","1":"product","2":"type-product","3":"status-publish","4":"has-post-thumbnail","6":"product_cat-egitici-oyuncaklar","8":"first","9":"instock","10":"shipping-taxable","11":"product-type-simple"},"yoast_head":"<!-- This site is optimized with the Yoast SEO plugin v25.0 - https:\/\/yoast.com\/wordpress\/plugins\/seo\/ -->\n<title>Sihirli D\u00fc\u011fmeler (15&#039;li Paket) - Matrax Oyuncak | Futbol, Ah\u015fap, Bilardo, E\u011fitici, Oyuncak \u00dcreticisi<\/title>\n<meta name=\"description\" content=\"Matrax Oyuncak, futbol, ah\u015fap, bilardo ve e\u011fitici oyuncaklar\u0131n \u00fcretimini T\u00fcrkiye&#039;de ger\u00e7ekle\u015ftiren ilk ve tek yerli firma olan Ak\u00e7i\u00e7ek Oyuncak&#039;\u0131n markas\u0131d\u0131r.\" \/>\n<meta name=\"robots\" content=\"index, follow, max-snippet:-1, max-image-preview:large, max-video-preview:-1\" \/>\n<link rel=\"canonical\" href=\"https:\/\/matraxoyuncak.com\/tr\/urun\/sihirli-dugmeler-15li-paket\/\" \/>\n<meta property=\"og:locale\" content=\"tr_TR\" \/>\n<meta property=\"og:type\" content=\"article\" \/>\n<meta property=\"og:title\" content=\"Sihirli D\u00fc\u011fmeler (15&#039;li Paket) - Matrax Oyuncak | Futbol, Ah\u015fap, Bilardo, E\u011fitici, Oyuncak \u00dcreticisi\" \/>\n<meta property=\"og:description\" content=\"Matrax Oyuncak, futbol, ah\u015fap, bilardo ve e\u011fitici oyuncaklar\u0131n \u00fcretimini T\u00fcrkiye&#039;de ger\u00e7ekle\u015ftiren ilk ve tek yerli firma olan Ak\u00e7i\u00e7ek Oyuncak&#039;\u0131n markas\u0131d\u0131r.\" \/>\n<meta property=\"og:url\" content=\"https:\/\/matraxoyuncak.com\/tr\/urun\/sihirli-dugmeler-15li-paket\/\" \/>\n<meta property=\"og:site_name\" content=\"Matrax Oyuncak | Futbol, Ah\u015fap, Bilardo, E\u011fitici, Oyuncak \u00dcreticisi\" \/>\n<meta property=\"article:modified_time\" content=\"2022-07-31T12:14:44+00:00\" \/>\n<meta property=\"og:image\" content=\"https:\/\/matraxoyuncak.com\/wp-content\/uploads\/2022\/06\/6676sd_15-1.jpg\" \/>\n\t<meta property=\"og:image:width\" content=\"605\" \/>\n\t<meta property=\"og:image:height\" content=\"465\" \/>\n\t<meta property=\"og:image:type\" content=\"image\/jpeg\" \/>\n<meta name=\"twitter:card\" content=\"summary_large_image\" \/>\n<script type=\"application\/ld+json\" class=\"yoast-schema-graph\">{\"@context\":\"https:\/\/schema.org\",\"@graph\":[{\"@type\":\"WebPage\",\"@id\":\"https:\/\/matraxoyuncak.com\/urun\/sihirli-dugmeler-15li-paket\/\",\"url\":\"https:\/\/matraxoyuncak.com\/urun\/sihirli-dugmeler-15li-paket\/\",\"name\":\"Sihirli D\u00fc\u011fmeler (15'li Paket) - Matrax Oyuncak | Futbol, Ah\u015fap, Bilardo, E\u011fitici, Oyuncak \u00dcreticisi\",\"isPartOf\":{\"@id\":\"https:\/\/matraxoyuncak.com\/#website\"},\"primaryImageOfPage\":{\"@id\":\"https:\/\/matraxoyuncak.com\/urun\/sihirli-dugmeler-15li-paket\/#primaryimage\"},\"image\":{\"@id\":\"https:\/\/matraxoyuncak.com\/urun\/sihirli-dugmeler-15li-paket\/#primaryimage\"},\"thumbnailUrl\":\"https:\/\/matraxoyuncak.com\/wp-content\/uploads\/2022\/06\/6676sd_15-1.jpg\",\"datePublished\":\"2022-06-02T20:20:29+00:00\",\"dateModified\":\"2022-07-31T12:14:44+00:00\",\"description\":\"Matrax Oyuncak, futbol, ah\u015fap, bilardo ve e\u011fitici oyuncaklar\u0131n \u00fcretimini T\u00fcrkiye'de ger\u00e7ekle\u015ftiren ilk ve tek yerli firma olan Ak\u00e7i\u00e7ek Oyuncak'\u0131n markas\u0131d\u0131r.\",\"breadcrumb\":{\"@id\":\"https:\/\/matraxoyuncak.com\/urun\/sihirli-dugmeler-15li-paket\/#breadcrumb\"},\"inLanguage\":\"tr\",\"potentialAction\":[{\"@type\":\"ReadAction\",\"target\":[\"https:\/\/matraxoyuncak.com\/urun\/sihirli-dugmeler-15li-paket\/\"]}]},{\"@type\":\"ImageObject\",\"inLanguage\":\"tr\",\"@id\":\"https:\/\/matraxoyuncak.com\/urun\/sihirli-dugmeler-15li-paket\/#primaryimage\",\"url\":\"https:\/\/matraxoyuncak.com\/wp-content\/uploads\/2022\/06\/6676sd_15-1.jpg\",\"contentUrl\":\"https:\/\/matraxoyuncak.com\/wp-content\/uploads\/2022\/06\/6676sd_15-1.jpg\",\"width\":605,\"height\":465},{\"@type\":\"BreadcrumbList\",\"@id\":\"https:\/\/matraxoyuncak.com\/urun\/sihirli-dugmeler-15li-paket\/#breadcrumb\",\"itemListElement\":[{\"@type\":\"ListItem\",\"position\":1,\"name\":\"Anasayfa\",\"item\":\"https:\/\/matraxoyuncak.com\/tr\/\"},{\"@type\":\"ListItem\",\"position\":2,\"name\":\"\u00dcr\u00fcnler\",\"item\":\"https:\/\/matraxoyuncak.com\/shop__trashed\/\"},{\"@type\":\"ListItem\",\"position\":3,\"name\":\"Sihirli D\u00fc\u011fmeler (15&#8217;li Paket)\"}]},{\"@type\":\"WebSite\",\"@id\":\"https:\/\/matraxoyuncak.com\/#website\",\"url\":\"https:\/\/matraxoyuncak.com\/\",\"name\":\"Matrax Oyuncak | Futbol, Ah\u015fap, Bilardo, E\u011fitici, Oyuncak \u00dcreticisi\",\"description\":\"Matrax Oyuncak, futbol, ah\u015fap, bilardo ve e\u011fitici oyuncaklar\u0131n \u00fcretimini T\u00fcrkiye&#039;de ger\u00e7ekle\u015ftiren ilk ve tek yerli firma olan Ak\u00e7i\u00e7ek Oyuncak&#039;\u0131n markas\u0131d\u0131r.\",\"publisher\":{\"@id\":\"https:\/\/matraxoyuncak.com\/#organization\"},\"potentialAction\":[{\"@type\":\"SearchAction\",\"target\":{\"@type\":\"EntryPoint\",\"urlTemplate\":\"https:\/\/matraxoyuncak.com\/?s={search_term_string}\"},\"query-input\":{\"@type\":\"PropertyValueSpecification\",\"valueRequired\":true,\"valueName\":\"search_term_string\"}}],\"inLanguage\":\"tr\"},{\"@type\":\"Organization\",\"@id\":\"https:\/\/matraxoyuncak.com\/#organization\",\"name\":\"Matrax Oyuncak\",\"url\":\"https:\/\/matraxoyuncak.com\/\",\"logo\":{\"@type\":\"ImageObject\",\"inLanguage\":\"tr\",\"@id\":\"https:\/\/matraxoyuncak.com\/#\/schema\/logo\/image\/\",\"url\":\"https:\/\/matraxoyuncak.com\/wp-content\/uploads\/2022\/05\/matrax-logo.png\",\"contentUrl\":\"https:\/\/matraxoyuncak.com\/wp-content\/uploads\/2022\/05\/matrax-logo.png\",\"width\":228,\"height\":91,\"caption\":\"Matrax Oyuncak\"},\"image\":{\"@id\":\"https:\/\/matraxoyuncak.com\/#\/schema\/logo\/image\/\"}}]}<\/script>\n<!-- \/ Yoast SEO plugin. -->","yoast_head_json":{"title":"Sihirli D\u00fc\u011fmeler (15'li Paket) - Matrax Oyuncak | Futbol, Ah\u015fap, Bilardo, E\u011fitici, Oyuncak \u00dcreticisi","description":"Matrax Oyuncak, futbol, ah\u015fap, bilardo ve e\u011fitici oyuncaklar\u0131n \u00fcretimini T\u00fcrkiye'de ger\u00e7ekle\u015ftiren ilk ve tek yerli firma olan Ak\u00e7i\u00e7ek Oyuncak'\u0131n markas\u0131d\u0131r.","robots":{"index":"index","follow":"follow","max-snippet":"max-snippet:-1","max-image-preview":"max-image-preview:large","max-video-preview":"max-video-preview:-1"},"canonical":"https:\/\/matraxoyuncak.com\/tr\/urun\/sihirli-dugmeler-15li-paket\/","og_locale":"tr_TR","og_type":"article","og_title":"Sihirli D\u00fc\u011fmeler (15'li Paket) - Matrax Oyuncak | Futbol, Ah\u015fap, Bilardo, E\u011fitici, Oyuncak \u00dcreticisi","og_description":"Matrax Oyuncak, futbol, ah\u015fap, bilardo ve e\u011fitici oyuncaklar\u0131n \u00fcretimini T\u00fcrkiye'de ger\u00e7ekle\u015ftiren ilk ve tek yerli firma olan Ak\u00e7i\u00e7ek Oyuncak'\u0131n markas\u0131d\u0131r.","og_url":"https:\/\/matraxoyuncak.com\/tr\/urun\/sihirli-dugmeler-15li-paket\/","og_site_name":"Matrax Oyuncak | Futbol, Ah\u015fap, Bilardo, E\u011fitici, Oyuncak \u00dcreticisi","article_modified_time":"2022-07-31T12:14:44+00:00","og_image":[{"width":605,"height":465,"url":"https:\/\/matraxoyuncak.com\/wp-content\/uploads\/2022\/06\/6676sd_15-1.jpg","type":"image\/jpeg"}],"twitter_card":"summary_large_image","schema":{"@context":"https:\/\/schema.org","@graph":[{"@type":"WebPage","@id":"https:\/\/matraxoyuncak.com\/urun\/sihirli-dugmeler-15li-paket\/","url":"https:\/\/matraxoyuncak.com\/urun\/sihirli-dugmeler-15li-paket\/","name":"Sihirli D\u00fc\u011fmeler (15'li Paket) - Matrax Oyuncak | Futbol, Ah\u015fap, Bilardo, E\u011fitici, Oyuncak \u00dcreticisi","isPartOf":{"@id":"https:\/\/matraxoyuncak.com\/#website"},"primaryImageOfPage":{"@id":"https:\/\/matraxoyuncak.com\/urun\/sihirli-dugmeler-15li-paket\/#primaryimage"},"image":{"@id":"https:\/\/matraxoyuncak.com\/urun\/sihirli-dugmeler-15li-paket\/#primaryimage"},"thumbnailUrl":"https:\/\/matraxoyuncak.com\/wp-content\/uploads\/2022\/06\/6676sd_15-1.jpg","datePublished":"2022-06-02T20:20:29+00:00","dateModified":"2022-07-31T12:14:44+00:00","description":"Matrax Oyuncak, futbol, ah\u015fap, bilardo ve e\u011fitici oyuncaklar\u0131n \u00fcretimini T\u00fcrkiye'de ger\u00e7ekle\u015ftiren ilk ve tek yerli firma olan Ak\u00e7i\u00e7ek Oyuncak'\u0131n markas\u0131d\u0131r.","breadcrumb":{"@id":"https:\/\/matraxoyuncak.com\/urun\/sihirli-dugmeler-15li-paket\/#breadcrumb"},"inLanguage":"tr","potentialAction":[{"@type":"ReadAction","target":["https:\/\/matraxoyuncak.com\/urun\/sihirli-dugmeler-15li-paket\/"]}]},{"@type":"ImageObject","inLanguage":"tr","@id":"https:\/\/matraxoyuncak.com\/urun\/sihirli-dugmeler-15li-paket\/#primaryimage","url":"https:\/\/matraxoyuncak.com\/wp-content\/uploads\/2022\/06\/6676sd_15-1.jpg","contentUrl":"https:\/\/matraxoyuncak.com\/wp-content\/uploads\/2022\/06\/6676sd_15-1.jpg","width":605,"height":465},{"@type":"BreadcrumbList","@id":"https:\/\/matraxoyuncak.com\/urun\/sihirli-dugmeler-15li-paket\/#breadcrumb","itemListElement":[{"@type":"ListItem","position":1,"name":"Anasayfa","item":"https:\/\/matraxoyuncak.com\/tr\/"},{"@type":"ListItem","position":2,"name":"\u00dcr\u00fcnler","item":"https:\/\/matraxoyuncak.com\/shop__trashed\/"},{"@type":"ListItem","position":3,"name":"Sihirli D\u00fc\u011fmeler (15&#8217;li Paket)"}]},{"@type":"WebSite","@id":"https:\/\/matraxoyuncak.com\/#website","url":"https:\/\/matraxoyuncak.com\/","name":"Matrax Oyuncak | Futbol, Ah\u015fap, Bilardo, E\u011fitici, Oyuncak \u00dcreticisi","description":"Matrax Oyuncak, futbol, ah\u015fap, bilardo ve e\u011fitici oyuncaklar\u0131n \u00fcretimini T\u00fcrkiye&#039;de ger\u00e7ekle\u015ftiren ilk ve tek yerli firma olan Ak\u00e7i\u00e7ek Oyuncak&#039;\u0131n markas\u0131d\u0131r.","publisher":{"@id":"https:\/\/matraxoyuncak.com\/#organization"},"potentialAction":[{"@type":"SearchAction","target":{"@type":"EntryPoint","urlTemplate":"https:\/\/matraxoyuncak.com\/?s={search_term_string}"},"query-input":{"@type":"PropertyValueSpecification","valueRequired":true,"valueName":"search_term_string"}}],"inLanguage":"tr"},{"@type":"Organization","@id":"https:\/\/matraxoyuncak.com\/#organization","name":"Matrax Oyuncak","url":"https:\/\/matraxoyuncak.com\/","logo":{"@type":"ImageObject","inLanguage":"tr","@id":"https:\/\/matraxoyuncak.com\/#\/schema\/logo\/image\/","url":"https:\/\/matraxoyuncak.com\/wp-content\/uploads\/2022\/05\/matrax-logo.png","contentUrl":"https:\/\/matraxoyuncak.com\/wp-content\/uploads\/2022\/05\/matrax-logo.png","width":228,"height":91,"caption":"Matrax Oyuncak"},"image":{"@id":"https:\/\/matraxoyuncak.com\/#\/schema\/logo\/image\/"}}]}},"_links":{"self":[{"href":"https:\/\/matraxoyuncak.com\/tr\/wp-json\/wp\/v2\/product\/20675","targetHints":{"allow":["GET"]}}],"collection":[{"href":"https:\/\/matraxoyuncak.com\/tr\/wp-json\/wp\/v2\/product"}],"about":[{"href":"https:\/\/matraxoyuncak.com\/tr\/wp-json\/wp\/v2\/types\/product"}],"wp:featuredmedia":[{"embeddable":true,"href":"https:\/\/matraxoyuncak.com\/tr\/wp-json\/wp\/v2\/media\/20678"}],"wp:attachment":[{"href":"https:\/\/matraxoyuncak.com\/tr\/wp-json\/wp\/v2\/media?parent=20675"}],"wp:term":[{"taxonomy":"product_brand","embeddable":true,"href":"https:\/\/matraxoyuncak.com\/tr\/wp-json\/wp\/v2\/product_brand?post=20675"},{"taxonomy":"product_cat","embeddable":true,"href":"https:\/\/matraxoyuncak.com\/tr\/wp-json\/wp\/v2\/product_cat?post=20675"},{"taxonomy":"product_tag","embeddable":true,"href":"https:\/\/matraxoyuncak.com\/tr\/wp-json\/wp\/v2\/product_tag?post=20675"}],"curies":[{"name":"wp","href":"https:\/\/api.w.org\/{rel}","templated":true}]}}