{"id":20629,"date":"2022-06-02T19:00:20","date_gmt":"2022-06-02T19:00:20","guid":{"rendered":"http:\/\/www.favorioyuncak.com\/?post_type=product&#038;p=20629"},"modified":"2022-07-31T12:12:44","modified_gmt":"2022-07-31T12:12:44","slug":"rooper-ip-cambazi-10lu-paket","status":"publish","type":"product","link":"https:\/\/matraxoyuncak.com\/tr\/urun\/rooper-ip-cambazi-10lu-paket\/","title":{"rendered":"Rooper &#8211; \u0130p Cambaz\u0131 (10&#8217;lu Paket)"},"content":{"rendered":"<div class=\"toy-detail\">\n<div class=\"block\">\n<div class=\"text\"><strong>Barkod<\/strong><\/div>\n<div class=\"value\">8695295100355<\/div>\n<\/div>\n<div class=\"block\">\n<div class=\"text\">\u00dcr\u00fcn Ebatlar\u0131<\/div>\n<div class=\"value\">28 x 19,7 x 1,2 cm. (10 Adet Beyaz Delikli Saha)<\/div>\n<\/div>\n<div class=\"clear\"><\/div>\n<\/div>\n<div class=\"other-details\">\n<div class=\"title\">Di\u011fer Bilgiler<\/div>\n<div class=\"desc\">\n<p>Paket \u015eekli: PVC \u00c7anta<\/p>\n<p>Paket Ebatlar\u0131: 28,5 x 20,5 x 15,5 cm.<\/p>\n<p>Koli i\u00e7i Adet: 12<\/p>\n<p>Koli Ebatlar\u0131: 47 x 57 x 37 cm.<\/p>\n<p>Net Koli A\u011f\u0131rl\u0131\u011f\u0131: 27,200 gr.<\/p>\n<\/div>\n<\/div>\n","protected":false},"excerpt":{"rendered":"<div class=\"desc\">Geometrinin en basit ve temel kurallar\u0131ndan biri \u00fczerine kurulmu\u015f bir mant\u0131\u011fa sahip: &#8220;\u0130ki noktadan bir do\u011fru ge\u00e7er.&#8221; \u0130p oyunca\u011f\u0131 \u00fcr\u00fcn\u00fcm\u00fcz \u00fczerinde, \u00f6zel tasar\u0131m delikleri olan, \u00e7ok yumu\u015fak bir maddeden bas\u0131lm\u0131\u015f bir oyun platformu olarak d\u00fc\u015f\u00fcn\u00fclebilir. Bu deliklere \u00f6zel t\u00fcplerin i\u00e7erisinden ge\u00e7irilmi\u015f renkli ipleri tutturtabiliyorsunuz, bu sayede de delikler aras\u0131nda renkli renkli \u00e7izgiler olu\u015fturulabiliyor.Bu \u00e7izgilerin olu\u015fturaca\u011f\u0131 desenler ise sadece \u00e7ocuklar\u0131n hayal g\u00fcc\u00fc ile s\u0131n\u0131rl\u0131. Ayr\u0131ca kullan\u0131lan malzeme ip oldu\u011fundan, iki nokta aras\u0131n\u0131 bir do\u011fru ile ba\u011flama zorunlulu\u011fu ortadan kalk\u0131yor. E\u011friler, d\u00fc\u011f\u00fcmler, fiyonklar ve \u00e7ocuklar\u0131n ak\u0131llar\u0131na gelebilecek daha nice \u015fekiller kullan\u0131labilir. \u00c7ocuklar\u0131m\u0131z\u0131n geli\u015fimini destekleyen bu \u00fcr\u00fcn\u00fcm\u00fcz ayn\u0131 zamanda anaokulu, kre\u015f, ilkokul gibi e\u011fitim kurumlar\u0131nda da tercih edilmektedir. \u201cRooper &#8211; \u0130p Cambaz\u0131\u201d, farkl\u0131 tasar\u0131m\u0131, e\u011flenceli tarz\u0131 ve zeka geli\u015ftirici \u00f6zelli\u011fi ile \u00e7ocuklar\u0131n g\u00f6zdesi olacak. 10&#8217;lu paketten olu\u015fan bir set.<\/div>\n","protected":false},"featured_media":20630,"template":"","meta":[],"product_brand":[],"product_cat":[235],"product_tag":[],"class_list":{"0":"post-20629","1":"product","2":"type-product","3":"status-publish","4":"has-post-thumbnail","6":"product_cat-egitici-oyuncaklar","8":"first","9":"instock","10":"shipping-taxable","11":"product-type-simple"},"yoast_head":"<!-- This site is optimized with the Yoast SEO plugin v25.0 - https:\/\/yoast.com\/wordpress\/plugins\/seo\/ -->\n<title>Rooper - \u0130p Cambaz\u0131 (10&#039;lu Paket) - Matrax Oyuncak | Futbol, Ah\u015fap, Bilardo, E\u011fitici, Oyuncak \u00dcreticisi<\/title>\n<meta name=\"description\" content=\"Matrax Oyuncak, futbol, ah\u015fap, bilardo ve e\u011fitici oyuncaklar\u0131n \u00fcretimini T\u00fcrkiye&#039;de ger\u00e7ekle\u015ftiren ilk ve tek yerli firma olan Ak\u00e7i\u00e7ek Oyuncak&#039;\u0131n markas\u0131d\u0131r.\" \/>\n<meta name=\"robots\" content=\"index, follow, max-snippet:-1, max-image-preview:large, max-video-preview:-1\" \/>\n<link rel=\"canonical\" href=\"https:\/\/matraxoyuncak.com\/tr\/urun\/rooper-ip-cambazi-10lu-paket\/\" \/>\n<meta property=\"og:locale\" content=\"tr_TR\" \/>\n<meta property=\"og:type\" content=\"article\" \/>\n<meta property=\"og:title\" content=\"Rooper - \u0130p Cambaz\u0131 (10&#039;lu Paket) - Matrax Oyuncak | Futbol, Ah\u015fap, Bilardo, E\u011fitici, Oyuncak \u00dcreticisi\" \/>\n<meta property=\"og:description\" content=\"Matrax Oyuncak, futbol, ah\u015fap, bilardo ve e\u011fitici oyuncaklar\u0131n \u00fcretimini T\u00fcrkiye&#039;de ger\u00e7ekle\u015ftiren ilk ve tek yerli firma olan Ak\u00e7i\u00e7ek Oyuncak&#039;\u0131n markas\u0131d\u0131r.\" \/>\n<meta property=\"og:url\" content=\"https:\/\/matraxoyuncak.com\/tr\/urun\/rooper-ip-cambazi-10lu-paket\/\" \/>\n<meta property=\"og:site_name\" content=\"Matrax Oyuncak | Futbol, Ah\u015fap, Bilardo, E\u011fitici, Oyuncak \u00dcreticisi\" \/>\n<meta property=\"article:modified_time\" content=\"2022-07-31T12:12:44+00:00\" \/>\n<meta property=\"og:image\" content=\"https:\/\/matraxoyuncak.com\/wp-content\/uploads\/2022\/06\/7987r_10.jpg\" \/>\n\t<meta property=\"og:image:width\" content=\"605\" \/>\n\t<meta property=\"og:image:height\" content=\"465\" \/>\n\t<meta property=\"og:image:type\" content=\"image\/jpeg\" \/>\n<meta name=\"twitter:card\" content=\"summary_large_image\" \/>\n<script type=\"application\/ld+json\" class=\"yoast-schema-graph\">{\"@context\":\"https:\/\/schema.org\",\"@graph\":[{\"@type\":\"WebPage\",\"@id\":\"https:\/\/matraxoyuncak.com\/urun\/rooper-ip-cambazi-10lu-paket\/\",\"url\":\"https:\/\/matraxoyuncak.com\/urun\/rooper-ip-cambazi-10lu-paket\/\",\"name\":\"Rooper - \u0130p Cambaz\u0131 (10'lu Paket) - Matrax Oyuncak | Futbol, Ah\u015fap, Bilardo, E\u011fitici, Oyuncak \u00dcreticisi\",\"isPartOf\":{\"@id\":\"https:\/\/matraxoyuncak.com\/#website\"},\"primaryImageOfPage\":{\"@id\":\"https:\/\/matraxoyuncak.com\/urun\/rooper-ip-cambazi-10lu-paket\/#primaryimage\"},\"image\":{\"@id\":\"https:\/\/matraxoyuncak.com\/urun\/rooper-ip-cambazi-10lu-paket\/#primaryimage\"},\"thumbnailUrl\":\"https:\/\/matraxoyuncak.com\/wp-content\/uploads\/2022\/06\/7987r_10.jpg\",\"datePublished\":\"2022-06-02T19:00:20+00:00\",\"dateModified\":\"2022-07-31T12:12:44+00:00\",\"description\":\"Matrax Oyuncak, futbol, ah\u015fap, bilardo ve e\u011fitici oyuncaklar\u0131n \u00fcretimini T\u00fcrkiye'de ger\u00e7ekle\u015ftiren ilk ve tek yerli firma olan Ak\u00e7i\u00e7ek Oyuncak'\u0131n markas\u0131d\u0131r.\",\"breadcrumb\":{\"@id\":\"https:\/\/matraxoyuncak.com\/urun\/rooper-ip-cambazi-10lu-paket\/#breadcrumb\"},\"inLanguage\":\"tr\",\"potentialAction\":[{\"@type\":\"ReadAction\",\"target\":[\"https:\/\/matraxoyuncak.com\/urun\/rooper-ip-cambazi-10lu-paket\/\"]}]},{\"@type\":\"ImageObject\",\"inLanguage\":\"tr\",\"@id\":\"https:\/\/matraxoyuncak.com\/urun\/rooper-ip-cambazi-10lu-paket\/#primaryimage\",\"url\":\"https:\/\/matraxoyuncak.com\/wp-content\/uploads\/2022\/06\/7987r_10.jpg\",\"contentUrl\":\"https:\/\/matraxoyuncak.com\/wp-content\/uploads\/2022\/06\/7987r_10.jpg\",\"width\":605,\"height\":465},{\"@type\":\"BreadcrumbList\",\"@id\":\"https:\/\/matraxoyuncak.com\/urun\/rooper-ip-cambazi-10lu-paket\/#breadcrumb\",\"itemListElement\":[{\"@type\":\"ListItem\",\"position\":1,\"name\":\"Anasayfa\",\"item\":\"https:\/\/matraxoyuncak.com\/tr\/\"},{\"@type\":\"ListItem\",\"position\":2,\"name\":\"\u00dcr\u00fcnler\",\"item\":\"https:\/\/matraxoyuncak.com\/shop__trashed\/\"},{\"@type\":\"ListItem\",\"position\":3,\"name\":\"Rooper &#8211; \u0130p Cambaz\u0131 (10&#8217;lu Paket)\"}]},{\"@type\":\"WebSite\",\"@id\":\"https:\/\/matraxoyuncak.com\/#website\",\"url\":\"https:\/\/matraxoyuncak.com\/\",\"name\":\"Matrax Oyuncak | Futbol, Ah\u015fap, Bilardo, E\u011fitici, Oyuncak \u00dcreticisi\",\"description\":\"Matrax Oyuncak, futbol, ah\u015fap, bilardo ve e\u011fitici oyuncaklar\u0131n \u00fcretimini T\u00fcrkiye&#039;de ger\u00e7ekle\u015ftiren ilk ve tek yerli firma olan Ak\u00e7i\u00e7ek Oyuncak&#039;\u0131n markas\u0131d\u0131r.\",\"publisher\":{\"@id\":\"https:\/\/matraxoyuncak.com\/#organization\"},\"potentialAction\":[{\"@type\":\"SearchAction\",\"target\":{\"@type\":\"EntryPoint\",\"urlTemplate\":\"https:\/\/matraxoyuncak.com\/?s={search_term_string}\"},\"query-input\":{\"@type\":\"PropertyValueSpecification\",\"valueRequired\":true,\"valueName\":\"search_term_string\"}}],\"inLanguage\":\"tr\"},{\"@type\":\"Organization\",\"@id\":\"https:\/\/matraxoyuncak.com\/#organization\",\"name\":\"Matrax Oyuncak\",\"url\":\"https:\/\/matraxoyuncak.com\/\",\"logo\":{\"@type\":\"ImageObject\",\"inLanguage\":\"tr\",\"@id\":\"https:\/\/matraxoyuncak.com\/#\/schema\/logo\/image\/\",\"url\":\"https:\/\/matraxoyuncak.com\/wp-content\/uploads\/2022\/05\/matrax-logo.png\",\"contentUrl\":\"https:\/\/matraxoyuncak.com\/wp-content\/uploads\/2022\/05\/matrax-logo.png\",\"width\":228,\"height\":91,\"caption\":\"Matrax Oyuncak\"},\"image\":{\"@id\":\"https:\/\/matraxoyuncak.com\/#\/schema\/logo\/image\/\"}}]}<\/script>\n<!-- \/ Yoast SEO plugin. -->","yoast_head_json":{"title":"Rooper - \u0130p Cambaz\u0131 (10'lu Paket) - Matrax Oyuncak | Futbol, Ah\u015fap, Bilardo, E\u011fitici, Oyuncak \u00dcreticisi","description":"Matrax Oyuncak, futbol, ah\u015fap, bilardo ve e\u011fitici oyuncaklar\u0131n \u00fcretimini T\u00fcrkiye'de ger\u00e7ekle\u015ftiren ilk ve tek yerli firma olan Ak\u00e7i\u00e7ek Oyuncak'\u0131n markas\u0131d\u0131r.","robots":{"index":"index","follow":"follow","max-snippet":"max-snippet:-1","max-image-preview":"max-image-preview:large","max-video-preview":"max-video-preview:-1"},"canonical":"https:\/\/matraxoyuncak.com\/tr\/urun\/rooper-ip-cambazi-10lu-paket\/","og_locale":"tr_TR","og_type":"article","og_title":"Rooper - \u0130p Cambaz\u0131 (10'lu Paket) - Matrax Oyuncak | Futbol, Ah\u015fap, Bilardo, E\u011fitici, Oyuncak \u00dcreticisi","og_description":"Matrax Oyuncak, futbol, ah\u015fap, bilardo ve e\u011fitici oyuncaklar\u0131n \u00fcretimini T\u00fcrkiye'de ger\u00e7ekle\u015ftiren ilk ve tek yerli firma olan Ak\u00e7i\u00e7ek Oyuncak'\u0131n markas\u0131d\u0131r.","og_url":"https:\/\/matraxoyuncak.com\/tr\/urun\/rooper-ip-cambazi-10lu-paket\/","og_site_name":"Matrax Oyuncak | Futbol, Ah\u015fap, Bilardo, E\u011fitici, Oyuncak \u00dcreticisi","article_modified_time":"2022-07-31T12:12:44+00:00","og_image":[{"width":605,"height":465,"url":"https:\/\/matraxoyuncak.com\/wp-content\/uploads\/2022\/06\/7987r_10.jpg","type":"image\/jpeg"}],"twitter_card":"summary_large_image","schema":{"@context":"https:\/\/schema.org","@graph":[{"@type":"WebPage","@id":"https:\/\/matraxoyuncak.com\/urun\/rooper-ip-cambazi-10lu-paket\/","url":"https:\/\/matraxoyuncak.com\/urun\/rooper-ip-cambazi-10lu-paket\/","name":"Rooper - \u0130p Cambaz\u0131 (10'lu Paket) - Matrax Oyuncak | Futbol, Ah\u015fap, Bilardo, E\u011fitici, Oyuncak \u00dcreticisi","isPartOf":{"@id":"https:\/\/matraxoyuncak.com\/#website"},"primaryImageOfPage":{"@id":"https:\/\/matraxoyuncak.com\/urun\/rooper-ip-cambazi-10lu-paket\/#primaryimage"},"image":{"@id":"https:\/\/matraxoyuncak.com\/urun\/rooper-ip-cambazi-10lu-paket\/#primaryimage"},"thumbnailUrl":"https:\/\/matraxoyuncak.com\/wp-content\/uploads\/2022\/06\/7987r_10.jpg","datePublished":"2022-06-02T19:00:20+00:00","dateModified":"2022-07-31T12:12:44+00:00","description":"Matrax Oyuncak, futbol, ah\u015fap, bilardo ve e\u011fitici oyuncaklar\u0131n \u00fcretimini T\u00fcrkiye'de ger\u00e7ekle\u015ftiren ilk ve tek yerli firma olan Ak\u00e7i\u00e7ek Oyuncak'\u0131n markas\u0131d\u0131r.","breadcrumb":{"@id":"https:\/\/matraxoyuncak.com\/urun\/rooper-ip-cambazi-10lu-paket\/#breadcrumb"},"inLanguage":"tr","potentialAction":[{"@type":"ReadAction","target":["https:\/\/matraxoyuncak.com\/urun\/rooper-ip-cambazi-10lu-paket\/"]}]},{"@type":"ImageObject","inLanguage":"tr","@id":"https:\/\/matraxoyuncak.com\/urun\/rooper-ip-cambazi-10lu-paket\/#primaryimage","url":"https:\/\/matraxoyuncak.com\/wp-content\/uploads\/2022\/06\/7987r_10.jpg","contentUrl":"https:\/\/matraxoyuncak.com\/wp-content\/uploads\/2022\/06\/7987r_10.jpg","width":605,"height":465},{"@type":"BreadcrumbList","@id":"https:\/\/matraxoyuncak.com\/urun\/rooper-ip-cambazi-10lu-paket\/#breadcrumb","itemListElement":[{"@type":"ListItem","position":1,"name":"Anasayfa","item":"https:\/\/matraxoyuncak.com\/tr\/"},{"@type":"ListItem","position":2,"name":"\u00dcr\u00fcnler","item":"https:\/\/matraxoyuncak.com\/shop__trashed\/"},{"@type":"ListItem","position":3,"name":"Rooper &#8211; \u0130p Cambaz\u0131 (10&#8217;lu Paket)"}]},{"@type":"WebSite","@id":"https:\/\/matraxoyuncak.com\/#website","url":"https:\/\/matraxoyuncak.com\/","name":"Matrax Oyuncak | Futbol, Ah\u015fap, Bilardo, E\u011fitici, Oyuncak \u00dcreticisi","description":"Matrax Oyuncak, futbol, ah\u015fap, bilardo ve e\u011fitici oyuncaklar\u0131n \u00fcretimini T\u00fcrkiye&#039;de ger\u00e7ekle\u015ftiren ilk ve tek yerli firma olan Ak\u00e7i\u00e7ek Oyuncak&#039;\u0131n markas\u0131d\u0131r.","publisher":{"@id":"https:\/\/matraxoyuncak.com\/#organization"},"potentialAction":[{"@type":"SearchAction","target":{"@type":"EntryPoint","urlTemplate":"https:\/\/matraxoyuncak.com\/?s={search_term_string}"},"query-input":{"@type":"PropertyValueSpecification","valueRequired":true,"valueName":"search_term_string"}}],"inLanguage":"tr"},{"@type":"Organization","@id":"https:\/\/matraxoyuncak.com\/#organization","name":"Matrax Oyuncak","url":"https:\/\/matraxoyuncak.com\/","logo":{"@type":"ImageObject","inLanguage":"tr","@id":"https:\/\/matraxoyuncak.com\/#\/schema\/logo\/image\/","url":"https:\/\/matraxoyuncak.com\/wp-content\/uploads\/2022\/05\/matrax-logo.png","contentUrl":"https:\/\/matraxoyuncak.com\/wp-content\/uploads\/2022\/05\/matrax-logo.png","width":228,"height":91,"caption":"Matrax Oyuncak"},"image":{"@id":"https:\/\/matraxoyuncak.com\/#\/schema\/logo\/image\/"}}]}},"_links":{"self":[{"href":"https:\/\/matraxoyuncak.com\/tr\/wp-json\/wp\/v2\/product\/20629","targetHints":{"allow":["GET"]}}],"collection":[{"href":"https:\/\/matraxoyuncak.com\/tr\/wp-json\/wp\/v2\/product"}],"about":[{"href":"https:\/\/matraxoyuncak.com\/tr\/wp-json\/wp\/v2\/types\/product"}],"wp:featuredmedia":[{"embeddable":true,"href":"https:\/\/matraxoyuncak.com\/tr\/wp-json\/wp\/v2\/media\/20630"}],"wp:attachment":[{"href":"https:\/\/matraxoyuncak.com\/tr\/wp-json\/wp\/v2\/media?parent=20629"}],"wp:term":[{"taxonomy":"product_brand","embeddable":true,"href":"https:\/\/matraxoyuncak.com\/tr\/wp-json\/wp\/v2\/product_brand?post=20629"},{"taxonomy":"product_cat","embeddable":true,"href":"https:\/\/matraxoyuncak.com\/tr\/wp-json\/wp\/v2\/product_cat?post=20629"},{"taxonomy":"product_tag","embeddable":true,"href":"https:\/\/matraxoyuncak.com\/tr\/wp-json\/wp\/v2\/product_tag?post=20629"}],"curies":[{"name":"wp","href":"https:\/\/api.w.org\/{rel}","templated":true}]}}