{"id":21012,"date":"2022-06-02T22:47:09","date_gmt":"2022-06-02T22:47:09","guid":{"rendered":"http:\/\/www.favorioyuncak.com\/?post_type=product&#038;p=21012"},"modified":"2022-07-31T12:15:14","modified_gmt":"2022-07-31T12:15:14","slug":"finger-soccer-parmak-futbolu","status":"publish","type":"product","link":"https:\/\/matraxoyuncak.com\/ru\/product\/finger-soccer-parmak-futbolu\/","title":{"rendered":"FINGER SOCCER \u2013 \u043f\u0430\u043b\u044c\u0447\u0438\u043a\u043e\u0432\u044b\u0439 \u0444\u0443\u0442\u0431\u043e\u043b"},"content":{"rendered":"<div class=\"toy-detail\">\n<div class=\"block\">\n<div class=\"text\"><strong>\u0428\u0442\u0440\u0438\u0445-\u043a\u043e\u0434<\/strong><\/div>\n<div class=\"value\">8695295000426<\/div>\n<\/div>\n<div class=\"block\">\n<div class=\"text\"><strong>\u0420\u0430\u0437\u043c\u0435\u0440\u044b \u043f\u0440\u043e\u0434\u0443\u043a\u0442\u0430<\/strong><\/div>\n<div class=\"value\">7,3 \u0445 2,5 \u0445 15,5 \u0441\u043c<\/div>\n<\/div>\n<div class=\"clear\"><\/div>\n<\/div>\n<div class=\"other-details\">\n<div class=\"title\"><strong>\u0414\u0440\u0443\u0433\u0430\u044f \u0438\u043d\u0444\u043e\u0440\u043c\u0430\u0446\u0438\u044f<\/strong><\/div>\n<div class=\"desc\">\n<p>\u0424\u043e\u0440\u043c\u0430 \u0443\u043f\u0430\u043a\u043e\u0432\u043a\u0438: \u043a\u0430\u0440\u0442\u043e\u043d\u043d\u0430\u044f \u043a\u043e\u0440\u043e\u0431\u043a\u0430<\/p>\n<p>\u0420\u0430\u0437\u043c\u0435\u0440\u044b \u0443\u043f\u0430\u043a\u043e\u0432\u043a\u0438: 7,3 \u0445 2,5 \u0445 15,5 \u0441\u043c.<\/p>\n<p>\u0420\u0430\u0437\u043c\u0435\u0440\u044b \u0434\u0438\u0441\u043f\u043b\u0435\u0439\u043d\u043e\u0439 \u043a\u043e\u0440\u043e\u0431\u043a\u0438: 32,5 \u0445 16,5 \u0445 16,5 \u0441\u043c.<\/p>\n<p>\u041a\u043e\u043b\u0438\u0447\u0435\u0441\u0442\u0432\u043e \u0432 \u043a\u043e\u0440\u043e\u0431\u043a\u0435: 96<\/p>\n<p>\u0420\u0430\u0437\u043c\u0435\u0440\u044b \u043a\u043e\u0440\u043e\u0431\u043a\u0438: 35 \u0445 34 \u0445 35,5 \u0441\u043c.<\/p>\n<p>\u0412\u0435\u0441 \u043d\u0435\u0442\u0442\u043e \u043a\u043e\u0440\u043e\u0431\u043a\u0438: 4560 \u0433\u0440.<\/p>\n<\/div>\n<\/div>","protected":false},"excerpt":{"rendered":"<p>\u0421\u0430\u043c\u044b\u0439 \u0438\u043d\u0442\u0435\u0440\u0435\u0441\u043d\u044b\u0439 \u0441\u043f\u043e\u0441\u043e\u0431 \u0431\u0440\u043e\u0441\u0438\u0442\u044c \u0432\u044b\u0437\u043e\u0432 \u0441\u0432\u043e\u0438\u043c \u0434\u0440\u0443\u0437\u044c\u044f\u043c. \u0418\u0433\u0440\u0430\u044f \u0432 \u043f\u0430\u043b\u044c\u0447\u0438\u043a\u043e\u0432\u044b\u0439 \u0444\u0443\u0442\u0431\u043e\u043b FINGER SOCCER, \u0434\u0435\u0442\u0438 \u0441\u043c\u043e\u0433\u0443\u0442 \u0432\u0435\u0441\u0435\u043b\u043e \u043f\u0440\u043e\u0432\u0435\u0441\u0442\u0438 \u0432\u0440\u0435\u043c\u044f \u0441\u043e \u0441\u0432\u043e\u0438\u043c\u0438 \u0434\u0440\u0443\u0437\u044c\u044f\u043c\u0438. \u0412 \u043a\u043e\u0440\u043e\u0431\u043a\u0435 \u043d\u0430\u0445\u043e\u0434\u044f\u0442\u0441\u044f \u043f\u0430\u0440\u0430 \u0431\u043e\u0442\u0438\u043d\u043e\u043a, 1 \u043c\u044f\u0447 \u0438 1 \u0446\u0435\u043b\u044c. \u042d\u0442\u043e\u0442 \u043f\u0440\u043e\u0434\u0443\u043a\u0442, \u043e\u0442\u043b\u0438\u0447\u0430\u044e\u0449\u0438\u0439\u0441\u044f \u043f\u0440\u043e\u0441\u0442\u043e\u0442\u043e\u0439 \u0443\u0441\u0442\u0430\u043d\u043e\u0432\u043a\u0438 \u0438 \u0438\u0441\u043f\u043e\u043b\u044c\u0437\u043e\u0432\u0430\u043d\u0438\u044f, \u043d\u0430\u0445\u043e\u0434\u0438\u0442\u0441\u044f \u0432 \u043a\u043e\u0440\u043e\u0431\u043a\u0435 \u0441 24 \u0434\u0438\u0441\u043f\u043b\u0435\u044f\u043c\u0438.<\/p>","protected":false},"featured_media":21013,"template":"","meta":[],"product_brand":[],"product_cat":[236],"product_tag":[],"class_list":{"0":"post-21012","1":"product","2":"type-product","3":"status-publish","4":"has-post-thumbnail","6":"product_cat-ic-dis-mekan-oyuncaklari","8":"first","9":"instock","10":"shipping-taxable","11":"product-type-simple"},"yoast_head":"<!-- This site is optimized with the Yoast SEO plugin v25.0 - https:\/\/yoast.com\/wordpress\/plugins\/seo\/ -->\n<title>FINGER SOCCER - Parmak Futbolu - Matrax Oyuncak | Futbol, Ah\u015fap, Bilardo, E\u011fitici, Oyuncak \u00dcreticisi<\/title>\n<meta name=\"description\" content=\"Matrax Oyuncak, futbol, ah\u015fap, bilardo ve e\u011fitici oyuncaklar\u0131n \u00fcretimini T\u00fcrkiye&#039;de ger\u00e7ekle\u015ftiren ilk ve tek yerli firma olan Ak\u00e7i\u00e7ek Oyuncak&#039;\u0131n markas\u0131d\u0131r.\" \/>\n<meta name=\"robots\" content=\"index, follow, max-snippet:-1, max-image-preview:large, max-video-preview:-1\" \/>\n<link rel=\"canonical\" href=\"https:\/\/matraxoyuncak.com\/ru\/product\/finger-soccer-parmak-futbolu\/\" \/>\n<meta property=\"og:locale\" content=\"ru_RU\" \/>\n<meta property=\"og:type\" content=\"article\" \/>\n<meta property=\"og:title\" content=\"FINGER SOCCER - Parmak Futbolu - Matrax Oyuncak | Futbol, Ah\u015fap, Bilardo, E\u011fitici, Oyuncak \u00dcreticisi\" \/>\n<meta property=\"og:description\" content=\"Matrax Oyuncak, futbol, ah\u015fap, bilardo ve e\u011fitici oyuncaklar\u0131n \u00fcretimini T\u00fcrkiye&#039;de ger\u00e7ekle\u015ftiren ilk ve tek yerli firma olan Ak\u00e7i\u00e7ek Oyuncak&#039;\u0131n markas\u0131d\u0131r.\" \/>\n<meta property=\"og:url\" content=\"https:\/\/matraxoyuncak.com\/ru\/product\/finger-soccer-parmak-futbolu\/\" \/>\n<meta property=\"og:site_name\" content=\"Matrax Oyuncak | Futbol, Ah\u015fap, Bilardo, E\u011fitici, Oyuncak \u00dcreticisi\" \/>\n<meta property=\"article:modified_time\" content=\"2022-07-31T12:15:14+00:00\" \/>\n<meta property=\"og:image\" content=\"https:\/\/matraxoyuncak.com\/wp-content\/uploads\/2022\/06\/1414042kt.jpg\" \/>\n\t<meta property=\"og:image:width\" content=\"605\" \/>\n\t<meta property=\"og:image:height\" content=\"465\" \/>\n\t<meta property=\"og:image:type\" content=\"image\/jpeg\" \/>\n<meta name=\"twitter:card\" content=\"summary_large_image\" \/>\n<script type=\"application\/ld+json\" class=\"yoast-schema-graph\">{\"@context\":\"https:\/\/schema.org\",\"@graph\":[{\"@type\":\"WebPage\",\"@id\":\"https:\/\/matraxoyuncak.com\/urun\/finger-soccer-parmak-futbolu\/\",\"url\":\"https:\/\/matraxoyuncak.com\/urun\/finger-soccer-parmak-futbolu\/\",\"name\":\"FINGER SOCCER - Parmak Futbolu - Matrax Oyuncak | Futbol, Ah\u015fap, Bilardo, E\u011fitici, Oyuncak \u00dcreticisi\",\"isPartOf\":{\"@id\":\"https:\/\/matraxoyuncak.com\/#website\"},\"primaryImageOfPage\":{\"@id\":\"https:\/\/matraxoyuncak.com\/urun\/finger-soccer-parmak-futbolu\/#primaryimage\"},\"image\":{\"@id\":\"https:\/\/matraxoyuncak.com\/urun\/finger-soccer-parmak-futbolu\/#primaryimage\"},\"thumbnailUrl\":\"https:\/\/matraxoyuncak.com\/wp-content\/uploads\/2022\/06\/1414042kt.jpg\",\"datePublished\":\"2022-06-02T22:47:09+00:00\",\"dateModified\":\"2022-07-31T12:15:14+00:00\",\"description\":\"Matrax Oyuncak, futbol, ah\u015fap, bilardo ve e\u011fitici oyuncaklar\u0131n \u00fcretimini T\u00fcrkiye'de ger\u00e7ekle\u015ftiren ilk ve tek yerli firma olan Ak\u00e7i\u00e7ek Oyuncak'\u0131n markas\u0131d\u0131r.\",\"breadcrumb\":{\"@id\":\"https:\/\/matraxoyuncak.com\/urun\/finger-soccer-parmak-futbolu\/#breadcrumb\"},\"inLanguage\":\"ru-RU\",\"potentialAction\":[{\"@type\":\"ReadAction\",\"target\":[\"https:\/\/matraxoyuncak.com\/urun\/finger-soccer-parmak-futbolu\/\"]}]},{\"@type\":\"ImageObject\",\"inLanguage\":\"ru-RU\",\"@id\":\"https:\/\/matraxoyuncak.com\/urun\/finger-soccer-parmak-futbolu\/#primaryimage\",\"url\":\"https:\/\/matraxoyuncak.com\/wp-content\/uploads\/2022\/06\/1414042kt.jpg\",\"contentUrl\":\"https:\/\/matraxoyuncak.com\/wp-content\/uploads\/2022\/06\/1414042kt.jpg\",\"width\":605,\"height\":465},{\"@type\":\"BreadcrumbList\",\"@id\":\"https:\/\/matraxoyuncak.com\/urun\/finger-soccer-parmak-futbolu\/#breadcrumb\",\"itemListElement\":[{\"@type\":\"ListItem\",\"position\":1,\"name\":\"Anasayfa\",\"item\":\"https:\/\/matraxoyuncak.com\/tr\/\"},{\"@type\":\"ListItem\",\"position\":2,\"name\":\"\u00dcr\u00fcnler\",\"item\":\"https:\/\/matraxoyuncak.com\/shop__trashed\/\"},{\"@type\":\"ListItem\",\"position\":3,\"name\":\"FINGER SOCCER &#8211; Parmak Futbolu\"}]},{\"@type\":\"WebSite\",\"@id\":\"https:\/\/matraxoyuncak.com\/#website\",\"url\":\"https:\/\/matraxoyuncak.com\/\",\"name\":\"Matrax Oyuncak | Futbol, Ah\u015fap, Bilardo, E\u011fitici, Oyuncak \u00dcreticisi\",\"description\":\"Matrax Oyuncak, futbol, ah\u015fap, bilardo ve e\u011fitici oyuncaklar\u0131n \u00fcretimini T\u00fcrkiye&#039;de ger\u00e7ekle\u015ftiren ilk ve tek yerli firma olan Ak\u00e7i\u00e7ek Oyuncak&#039;\u0131n markas\u0131d\u0131r.\",\"publisher\":{\"@id\":\"https:\/\/matraxoyuncak.com\/#organization\"},\"potentialAction\":[{\"@type\":\"SearchAction\",\"target\":{\"@type\":\"EntryPoint\",\"urlTemplate\":\"https:\/\/matraxoyuncak.com\/?s={search_term_string}\"},\"query-input\":{\"@type\":\"PropertyValueSpecification\",\"valueRequired\":true,\"valueName\":\"search_term_string\"}}],\"inLanguage\":\"ru-RU\"},{\"@type\":\"Organization\",\"@id\":\"https:\/\/matraxoyuncak.com\/#organization\",\"name\":\"Matrax Oyuncak\",\"url\":\"https:\/\/matraxoyuncak.com\/\",\"logo\":{\"@type\":\"ImageObject\",\"inLanguage\":\"ru-RU\",\"@id\":\"https:\/\/matraxoyuncak.com\/#\/schema\/logo\/image\/\",\"url\":\"https:\/\/matraxoyuncak.com\/wp-content\/uploads\/2022\/05\/matrax-logo.png\",\"contentUrl\":\"https:\/\/matraxoyuncak.com\/wp-content\/uploads\/2022\/05\/matrax-logo.png\",\"width\":228,\"height\":91,\"caption\":\"Matrax Oyuncak\"},\"image\":{\"@id\":\"https:\/\/matraxoyuncak.com\/#\/schema\/logo\/image\/\"}}]}<\/script>\n<!-- \/ Yoast SEO plugin. -->","yoast_head_json":{"title":"FINGER SOCCER - Parmak Futbolu - Matrax Oyuncak | Futbol, Ah\u015fap, Bilardo, E\u011fitici, Oyuncak \u00dcreticisi","description":"Matrax Oyuncak, futbol, ah\u015fap, bilardo ve e\u011fitici oyuncaklar\u0131n \u00fcretimini T\u00fcrkiye'de ger\u00e7ekle\u015ftiren ilk ve tek yerli firma olan Ak\u00e7i\u00e7ek Oyuncak'\u0131n markas\u0131d\u0131r.","robots":{"index":"index","follow":"follow","max-snippet":"max-snippet:-1","max-image-preview":"max-image-preview:large","max-video-preview":"max-video-preview:-1"},"canonical":"https:\/\/matraxoyuncak.com\/ru\/product\/finger-soccer-parmak-futbolu\/","og_locale":"ru_RU","og_type":"article","og_title":"FINGER SOCCER - Parmak Futbolu - Matrax Oyuncak | Futbol, Ah\u015fap, Bilardo, E\u011fitici, Oyuncak \u00dcreticisi","og_description":"Matrax Oyuncak, futbol, ah\u015fap, bilardo ve e\u011fitici oyuncaklar\u0131n \u00fcretimini T\u00fcrkiye'de ger\u00e7ekle\u015ftiren ilk ve tek yerli firma olan Ak\u00e7i\u00e7ek Oyuncak'\u0131n markas\u0131d\u0131r.","og_url":"https:\/\/matraxoyuncak.com\/ru\/product\/finger-soccer-parmak-futbolu\/","og_site_name":"Matrax Oyuncak | Futbol, Ah\u015fap, Bilardo, E\u011fitici, Oyuncak \u00dcreticisi","article_modified_time":"2022-07-31T12:15:14+00:00","og_image":[{"width":605,"height":465,"url":"https:\/\/matraxoyuncak.com\/wp-content\/uploads\/2022\/06\/1414042kt.jpg","type":"image\/jpeg"}],"twitter_card":"summary_large_image","schema":{"@context":"https:\/\/schema.org","@graph":[{"@type":"WebPage","@id":"https:\/\/matraxoyuncak.com\/urun\/finger-soccer-parmak-futbolu\/","url":"https:\/\/matraxoyuncak.com\/urun\/finger-soccer-parmak-futbolu\/","name":"FINGER SOCCER - Parmak Futbolu - Matrax Oyuncak | Futbol, Ah\u015fap, Bilardo, E\u011fitici, Oyuncak \u00dcreticisi","isPartOf":{"@id":"https:\/\/matraxoyuncak.com\/#website"},"primaryImageOfPage":{"@id":"https:\/\/matraxoyuncak.com\/urun\/finger-soccer-parmak-futbolu\/#primaryimage"},"image":{"@id":"https:\/\/matraxoyuncak.com\/urun\/finger-soccer-parmak-futbolu\/#primaryimage"},"thumbnailUrl":"https:\/\/matraxoyuncak.com\/wp-content\/uploads\/2022\/06\/1414042kt.jpg","datePublished":"2022-06-02T22:47:09+00:00","dateModified":"2022-07-31T12:15:14+00:00","description":"Matrax Oyuncak, futbol, ah\u015fap, bilardo ve e\u011fitici oyuncaklar\u0131n \u00fcretimini T\u00fcrkiye'de ger\u00e7ekle\u015ftiren ilk ve tek yerli firma olan Ak\u00e7i\u00e7ek Oyuncak'\u0131n markas\u0131d\u0131r.","breadcrumb":{"@id":"https:\/\/matraxoyuncak.com\/urun\/finger-soccer-parmak-futbolu\/#breadcrumb"},"inLanguage":"ru-RU","potentialAction":[{"@type":"ReadAction","target":["https:\/\/matraxoyuncak.com\/urun\/finger-soccer-parmak-futbolu\/"]}]},{"@type":"ImageObject","inLanguage":"ru-RU","@id":"https:\/\/matraxoyuncak.com\/urun\/finger-soccer-parmak-futbolu\/#primaryimage","url":"https:\/\/matraxoyuncak.com\/wp-content\/uploads\/2022\/06\/1414042kt.jpg","contentUrl":"https:\/\/matraxoyuncak.com\/wp-content\/uploads\/2022\/06\/1414042kt.jpg","width":605,"height":465},{"@type":"BreadcrumbList","@id":"https:\/\/matraxoyuncak.com\/urun\/finger-soccer-parmak-futbolu\/#breadcrumb","itemListElement":[{"@type":"ListItem","position":1,"name":"Anasayfa","item":"https:\/\/matraxoyuncak.com\/tr\/"},{"@type":"ListItem","position":2,"name":"\u00dcr\u00fcnler","item":"https:\/\/matraxoyuncak.com\/shop__trashed\/"},{"@type":"ListItem","position":3,"name":"FINGER SOCCER &#8211; Parmak Futbolu"}]},{"@type":"WebSite","@id":"https:\/\/matraxoyuncak.com\/#website","url":"https:\/\/matraxoyuncak.com\/","name":"Matrax Oyuncak | Futbol, Ah\u015fap, Bilardo, E\u011fitici, Oyuncak \u00dcreticisi","description":"Matrax Oyuncak, futbol, ah\u015fap, bilardo ve e\u011fitici oyuncaklar\u0131n \u00fcretimini T\u00fcrkiye&#039;de ger\u00e7ekle\u015ftiren ilk ve tek yerli firma olan Ak\u00e7i\u00e7ek Oyuncak&#039;\u0131n markas\u0131d\u0131r.","publisher":{"@id":"https:\/\/matraxoyuncak.com\/#organization"},"potentialAction":[{"@type":"SearchAction","target":{"@type":"EntryPoint","urlTemplate":"https:\/\/matraxoyuncak.com\/?s={search_term_string}"},"query-input":{"@type":"PropertyValueSpecification","valueRequired":true,"valueName":"search_term_string"}}],"inLanguage":"ru-RU"},{"@type":"Organization","@id":"https:\/\/matraxoyuncak.com\/#organization","name":"Matrax Oyuncak","url":"https:\/\/matraxoyuncak.com\/","logo":{"@type":"ImageObject","inLanguage":"ru-RU","@id":"https:\/\/matraxoyuncak.com\/#\/schema\/logo\/image\/","url":"https:\/\/matraxoyuncak.com\/wp-content\/uploads\/2022\/05\/matrax-logo.png","contentUrl":"https:\/\/matraxoyuncak.com\/wp-content\/uploads\/2022\/05\/matrax-logo.png","width":228,"height":91,"caption":"Matrax Oyuncak"},"image":{"@id":"https:\/\/matraxoyuncak.com\/#\/schema\/logo\/image\/"}}]}},"_links":{"self":[{"href":"https:\/\/matraxoyuncak.com\/ru\/wp-json\/wp\/v2\/product\/21012","targetHints":{"allow":["GET"]}}],"collection":[{"href":"https:\/\/matraxoyuncak.com\/ru\/wp-json\/wp\/v2\/product"}],"about":[{"href":"https:\/\/matraxoyuncak.com\/ru\/wp-json\/wp\/v2\/types\/product"}],"wp:featuredmedia":[{"embeddable":true,"href":"https:\/\/matraxoyuncak.com\/ru\/wp-json\/wp\/v2\/media\/21013"}],"wp:attachment":[{"href":"https:\/\/matraxoyuncak.com\/ru\/wp-json\/wp\/v2\/media?parent=21012"}],"wp:term":[{"taxonomy":"product_brand","embeddable":true,"href":"https:\/\/matraxoyuncak.com\/ru\/wp-json\/wp\/v2\/product_brand?post=21012"},{"taxonomy":"product_cat","embeddable":true,"href":"https:\/\/matraxoyuncak.com\/ru\/wp-json\/wp\/v2\/product_cat?post=21012"},{"taxonomy":"product_tag","embeddable":true,"href":"https:\/\/matraxoyuncak.com\/ru\/wp-json\/wp\/v2\/product_tag?post=21012"}],"curies":[{"name":"wp","href":"https:\/\/api.w.org\/{rel}","templated":true}]}}