{"id":20823,"date":"2022-06-02T21:08:22","date_gmt":"2022-06-02T21:08:22","guid":{"rendered":"http:\/\/www.favorioyuncak.com\/?post_type=product&#038;p=20823"},"modified":"2022-07-31T12:34:33","modified_gmt":"2022-07-31T12:34:33","slug":"crazy-egitici-blok-oyunu-500-parca","status":"publish","type":"product","link":"https:\/\/matraxoyuncak.com\/ru\/product\/crazy-egitici-blok-oyunu-500-parca\/","title":{"rendered":"\u0421\u0443\u043c\u0430\u0441\u0448\u0435\u0434\u0448\u0430\u044f \u043e\u0431\u0440\u0430\u0437\u043e\u0432\u0430\u0442\u0435\u043b\u044c\u043d\u0430\u044f \u0431\u043b\u043e\u0447\u043d\u0430\u044f \u0438\u0433\u0440\u0430 500 \u0448\u0442\u0443\u043a"},"content":{"rendered":"<div class=\"toy-detail\">\n<div class=\"block\">\n<div class=\"text\"><strong>\u0428\u0442\u0440\u0438\u0445-\u043a\u043e\u0434<\/strong><\/div>\n<div class=\"value\">8695295001737<\/div>\n<\/div>\n<div class=\"block\">\n<div class=\"text\"><strong>\u0420\u0430\u0437\u043c\u0435\u0440\u044b \u043f\u0440\u043e\u0434\u0443\u043a\u0442\u0430<\/strong><\/div>\n<div class=\"value\">23 \u0445 36 \u0445 15 \u0441\u043c<\/div>\n<\/div>\n<div class=\"clear\"><\/div>\n<\/div>\n<div class=\"other-details\">\n<div class=\"title\"><strong>\u0414\u0440\u0443\u0433\u0430\u044f \u0438\u043d\u0444\u043e\u0440\u043c\u0430\u0446\u0438\u044f<\/strong><\/div>\n<div class=\"desc\">\n<p>\u0424\u043e\u0440\u043c\u0430 \u0443\u043f\u0430\u043a\u043e\u0432\u043a\u0438: \u0432 \u043f\u043b\u0430\u0441\u0442\u0438\u043a\u043e\u0432\u043e\u043c \u043a\u043e\u043d\u0442\u0435\u0439\u043d\u0435\u0440\u0435<\/p>\n<p>\u0420\u0430\u0437\u043c\u0435\u0440\u044b \u0443\u043f\u0430\u043a\u043e\u0432\u043a\u0438: 23 \u0445 36 \u0445 15 \u0441\u043c.<\/p>\n<p>\u041a\u043e\u043b\u0438\u0447\u0435\u0441\u0442\u0432\u043e \u0432 \u043a\u043e\u0440\u043e\u0431\u043a\u0435: 12<\/p>\n<p>\u0420\u0430\u0437\u043c\u0435\u0440\u044b \u043a\u043e\u0440\u043e\u0431\u043a\u0438: 48 \u0445 72 \u0445 43 \u0441\u043c.<\/p>\n<p>Net Koli A\u011f\u0131rl\u0131\u011f\u0131: 29,246 gr.<\/p>\n<\/div>\n<\/div>","protected":false},"excerpt":{"rendered":"<p>CRAZY yenilik\u00e7i bir e\u011fitici oyuncakt\u0131r. Kendisine has geometrisi ve ayn\u0131 par\u00e7ada bulunan \u00e7ok say\u0131da kullan\u0131m b\u00f6lgesi ve esnek yap\u0131s\u0131 ie standart yap\u0131 oyuncaklar\u0131na g\u00f6re \u00e7ok daha i\u015flevsel ve e\u011fitci bir oyucakt\u0131r. Ayn\u0131 zamanda \u00e7ocuklar\u0131m\u0131z ister d\u00fcz \u015fekiller isterlerse de kavisli ve \u00fc\u00e7 boyutlu \u015fekiller in\u015faa edebilirler. E\u011fitici oyuncak ailemizin di\u011fer fertleri gibi CRAZY\u2019de hem emsalsiz hem de tamamen sa\u011fl\u0131kl\u0131 bir oyuncakt\u0131r. \u00c7ocuk geli\u015fimini destekleyen bu \u00fcr\u00fcn\u00fcm\u00fcz ayn\u0131 zamanda anaokulu, kre\u015f, ilkokul gibi e\u011fitim kurumlar\u0131nda da tercih edilmektedir. 500 par\u00e7adan olu\u015fan bu e\u011fitici oyuncak kategorimizdeki CRAZY markala\u0131 \u00fcr\u00fcn\u00fcm\u00fcz\u00fc se\u00e7kin oyuncak ma\u011fazalar\u0131nda bulabilirsiniz.<\/p>","protected":false},"featured_media":20824,"template":"","meta":[],"product_brand":[],"product_cat":[235],"product_tag":[],"class_list":{"0":"post-20823","1":"product","2":"type-product","3":"status-publish","4":"has-post-thumbnail","6":"product_cat-egitici-oyuncaklar","8":"first","9":"instock","10":"shipping-taxable","11":"product-type-simple"},"yoast_head":"<!-- This site is optimized with the Yoast SEO plugin v25.0 - https:\/\/yoast.com\/wordpress\/plugins\/seo\/ -->\n<title>Crazy E\u011fitici Blok Oyunu 500 Par\u00e7a - Matrax Oyuncak | Futbol, Ah\u015fap, Bilardo, E\u011fitici, Oyuncak \u00dcreticisi<\/title>\n<meta name=\"description\" content=\"Matrax Oyuncak, futbol, ah\u015fap, bilardo ve e\u011fitici oyuncaklar\u0131n \u00fcretimini T\u00fcrkiye&#039;de ger\u00e7ekle\u015ftiren ilk ve tek yerli firma olan Ak\u00e7i\u00e7ek Oyuncak&#039;\u0131n markas\u0131d\u0131r.\" \/>\n<meta name=\"robots\" content=\"index, follow, max-snippet:-1, max-image-preview:large, max-video-preview:-1\" \/>\n<link rel=\"canonical\" href=\"https:\/\/matraxoyuncak.com\/ru\/product\/crazy-egitici-blok-oyunu-500-parca\/\" \/>\n<meta property=\"og:locale\" content=\"ru_RU\" \/>\n<meta property=\"og:type\" content=\"article\" \/>\n<meta property=\"og:title\" content=\"Crazy E\u011fitici Blok Oyunu 500 Par\u00e7a - Matrax Oyuncak | Futbol, Ah\u015fap, Bilardo, E\u011fitici, Oyuncak \u00dcreticisi\" \/>\n<meta property=\"og:description\" content=\"Matrax Oyuncak, futbol, ah\u015fap, bilardo ve e\u011fitici oyuncaklar\u0131n \u00fcretimini T\u00fcrkiye&#039;de ger\u00e7ekle\u015ftiren ilk ve tek yerli firma olan Ak\u00e7i\u00e7ek Oyuncak&#039;\u0131n markas\u0131d\u0131r.\" \/>\n<meta property=\"og:url\" content=\"https:\/\/matraxoyuncak.com\/ru\/product\/crazy-egitici-blok-oyunu-500-parca\/\" \/>\n<meta property=\"og:site_name\" content=\"Matrax Oyuncak | Futbol, Ah\u015fap, Bilardo, E\u011fitici, Oyuncak \u00dcreticisi\" \/>\n<meta property=\"article:modified_time\" content=\"2022-07-31T12:34:33+00:00\" \/>\n<meta property=\"og:image\" content=\"https:\/\/matraxoyuncak.com\/wp-content\/uploads\/2022\/06\/7795173K.jpg\" \/>\n\t<meta property=\"og:image:width\" content=\"605\" \/>\n\t<meta property=\"og:image:height\" content=\"465\" \/>\n\t<meta property=\"og:image:type\" content=\"image\/jpeg\" \/>\n<meta name=\"twitter:card\" content=\"summary_large_image\" \/>\n<script type=\"application\/ld+json\" class=\"yoast-schema-graph\">{\"@context\":\"https:\/\/schema.org\",\"@graph\":[{\"@type\":\"WebPage\",\"@id\":\"https:\/\/matraxoyuncak.com\/urun\/crazy-egitici-blok-oyunu-500-parca\/\",\"url\":\"https:\/\/matraxoyuncak.com\/urun\/crazy-egitici-blok-oyunu-500-parca\/\",\"name\":\"Crazy E\u011fitici Blok Oyunu 500 Par\u00e7a - Matrax Oyuncak | Futbol, Ah\u015fap, Bilardo, E\u011fitici, Oyuncak \u00dcreticisi\",\"isPartOf\":{\"@id\":\"https:\/\/matraxoyuncak.com\/#website\"},\"primaryImageOfPage\":{\"@id\":\"https:\/\/matraxoyuncak.com\/urun\/crazy-egitici-blok-oyunu-500-parca\/#primaryimage\"},\"image\":{\"@id\":\"https:\/\/matraxoyuncak.com\/urun\/crazy-egitici-blok-oyunu-500-parca\/#primaryimage\"},\"thumbnailUrl\":\"https:\/\/matraxoyuncak.com\/wp-content\/uploads\/2022\/06\/7795173K.jpg\",\"datePublished\":\"2022-06-02T21:08:22+00:00\",\"dateModified\":\"2022-07-31T12:34:33+00:00\",\"description\":\"Matrax Oyuncak, futbol, ah\u015fap, bilardo ve e\u011fitici oyuncaklar\u0131n \u00fcretimini T\u00fcrkiye'de ger\u00e7ekle\u015ftiren ilk ve tek yerli firma olan Ak\u00e7i\u00e7ek Oyuncak'\u0131n markas\u0131d\u0131r.\",\"breadcrumb\":{\"@id\":\"https:\/\/matraxoyuncak.com\/urun\/crazy-egitici-blok-oyunu-500-parca\/#breadcrumb\"},\"inLanguage\":\"ru-RU\",\"potentialAction\":[{\"@type\":\"ReadAction\",\"target\":[\"https:\/\/matraxoyuncak.com\/urun\/crazy-egitici-blok-oyunu-500-parca\/\"]}]},{\"@type\":\"ImageObject\",\"inLanguage\":\"ru-RU\",\"@id\":\"https:\/\/matraxoyuncak.com\/urun\/crazy-egitici-blok-oyunu-500-parca\/#primaryimage\",\"url\":\"https:\/\/matraxoyuncak.com\/wp-content\/uploads\/2022\/06\/7795173K.jpg\",\"contentUrl\":\"https:\/\/matraxoyuncak.com\/wp-content\/uploads\/2022\/06\/7795173K.jpg\",\"width\":605,\"height\":465},{\"@type\":\"BreadcrumbList\",\"@id\":\"https:\/\/matraxoyuncak.com\/urun\/crazy-egitici-blok-oyunu-500-parca\/#breadcrumb\",\"itemListElement\":[{\"@type\":\"ListItem\",\"position\":1,\"name\":\"Anasayfa\",\"item\":\"https:\/\/matraxoyuncak.com\/tr\/\"},{\"@type\":\"ListItem\",\"position\":2,\"name\":\"\u00dcr\u00fcnler\",\"item\":\"https:\/\/matraxoyuncak.com\/shop__trashed\/\"},{\"@type\":\"ListItem\",\"position\":3,\"name\":\"Crazy E\u011fitici Blok Oyunu 500 Par\u00e7a\"}]},{\"@type\":\"WebSite\",\"@id\":\"https:\/\/matraxoyuncak.com\/#website\",\"url\":\"https:\/\/matraxoyuncak.com\/\",\"name\":\"Matrax Oyuncak | Futbol, Ah\u015fap, Bilardo, E\u011fitici, Oyuncak \u00dcreticisi\",\"description\":\"Matrax Oyuncak, futbol, ah\u015fap, bilardo ve e\u011fitici oyuncaklar\u0131n \u00fcretimini T\u00fcrkiye&#039;de ger\u00e7ekle\u015ftiren ilk ve tek yerli firma olan Ak\u00e7i\u00e7ek Oyuncak&#039;\u0131n markas\u0131d\u0131r.\",\"publisher\":{\"@id\":\"https:\/\/matraxoyuncak.com\/#organization\"},\"potentialAction\":[{\"@type\":\"SearchAction\",\"target\":{\"@type\":\"EntryPoint\",\"urlTemplate\":\"https:\/\/matraxoyuncak.com\/?s={search_term_string}\"},\"query-input\":{\"@type\":\"PropertyValueSpecification\",\"valueRequired\":true,\"valueName\":\"search_term_string\"}}],\"inLanguage\":\"ru-RU\"},{\"@type\":\"Organization\",\"@id\":\"https:\/\/matraxoyuncak.com\/#organization\",\"name\":\"Matrax Oyuncak\",\"url\":\"https:\/\/matraxoyuncak.com\/\",\"logo\":{\"@type\":\"ImageObject\",\"inLanguage\":\"ru-RU\",\"@id\":\"https:\/\/matraxoyuncak.com\/#\/schema\/logo\/image\/\",\"url\":\"https:\/\/matraxoyuncak.com\/wp-content\/uploads\/2022\/05\/matrax-logo.png\",\"contentUrl\":\"https:\/\/matraxoyuncak.com\/wp-content\/uploads\/2022\/05\/matrax-logo.png\",\"width\":228,\"height\":91,\"caption\":\"Matrax Oyuncak\"},\"image\":{\"@id\":\"https:\/\/matraxoyuncak.com\/#\/schema\/logo\/image\/\"}}]}<\/script>\n<!-- \/ Yoast SEO plugin. -->","yoast_head_json":{"title":"Crazy E\u011fitici Blok Oyunu 500 Par\u00e7a - Matrax Oyuncak | Futbol, Ah\u015fap, Bilardo, E\u011fitici, Oyuncak \u00dcreticisi","description":"Matrax Oyuncak, futbol, ah\u015fap, bilardo ve e\u011fitici oyuncaklar\u0131n \u00fcretimini T\u00fcrkiye'de ger\u00e7ekle\u015ftiren ilk ve tek yerli firma olan Ak\u00e7i\u00e7ek Oyuncak'\u0131n markas\u0131d\u0131r.","robots":{"index":"index","follow":"follow","max-snippet":"max-snippet:-1","max-image-preview":"max-image-preview:large","max-video-preview":"max-video-preview:-1"},"canonical":"https:\/\/matraxoyuncak.com\/ru\/product\/crazy-egitici-blok-oyunu-500-parca\/","og_locale":"ru_RU","og_type":"article","og_title":"Crazy E\u011fitici Blok Oyunu 500 Par\u00e7a - Matrax Oyuncak | Futbol, Ah\u015fap, Bilardo, E\u011fitici, Oyuncak \u00dcreticisi","og_description":"Matrax Oyuncak, futbol, ah\u015fap, bilardo ve e\u011fitici oyuncaklar\u0131n \u00fcretimini T\u00fcrkiye'de ger\u00e7ekle\u015ftiren ilk ve tek yerli firma olan Ak\u00e7i\u00e7ek Oyuncak'\u0131n markas\u0131d\u0131r.","og_url":"https:\/\/matraxoyuncak.com\/ru\/product\/crazy-egitici-blok-oyunu-500-parca\/","og_site_name":"Matrax Oyuncak | Futbol, Ah\u015fap, Bilardo, E\u011fitici, Oyuncak \u00dcreticisi","article_modified_time":"2022-07-31T12:34:33+00:00","og_image":[{"width":605,"height":465,"url":"https:\/\/matraxoyuncak.com\/wp-content\/uploads\/2022\/06\/7795173K.jpg","type":"image\/jpeg"}],"twitter_card":"summary_large_image","schema":{"@context":"https:\/\/schema.org","@graph":[{"@type":"WebPage","@id":"https:\/\/matraxoyuncak.com\/urun\/crazy-egitici-blok-oyunu-500-parca\/","url":"https:\/\/matraxoyuncak.com\/urun\/crazy-egitici-blok-oyunu-500-parca\/","name":"Crazy E\u011fitici Blok Oyunu 500 Par\u00e7a - Matrax Oyuncak | Futbol, Ah\u015fap, Bilardo, E\u011fitici, Oyuncak \u00dcreticisi","isPartOf":{"@id":"https:\/\/matraxoyuncak.com\/#website"},"primaryImageOfPage":{"@id":"https:\/\/matraxoyuncak.com\/urun\/crazy-egitici-blok-oyunu-500-parca\/#primaryimage"},"image":{"@id":"https:\/\/matraxoyuncak.com\/urun\/crazy-egitici-blok-oyunu-500-parca\/#primaryimage"},"thumbnailUrl":"https:\/\/matraxoyuncak.com\/wp-content\/uploads\/2022\/06\/7795173K.jpg","datePublished":"2022-06-02T21:08:22+00:00","dateModified":"2022-07-31T12:34:33+00:00","description":"Matrax Oyuncak, futbol, ah\u015fap, bilardo ve e\u011fitici oyuncaklar\u0131n \u00fcretimini T\u00fcrkiye'de ger\u00e7ekle\u015ftiren ilk ve tek yerli firma olan Ak\u00e7i\u00e7ek Oyuncak'\u0131n markas\u0131d\u0131r.","breadcrumb":{"@id":"https:\/\/matraxoyuncak.com\/urun\/crazy-egitici-blok-oyunu-500-parca\/#breadcrumb"},"inLanguage":"ru-RU","potentialAction":[{"@type":"ReadAction","target":["https:\/\/matraxoyuncak.com\/urun\/crazy-egitici-blok-oyunu-500-parca\/"]}]},{"@type":"ImageObject","inLanguage":"ru-RU","@id":"https:\/\/matraxoyuncak.com\/urun\/crazy-egitici-blok-oyunu-500-parca\/#primaryimage","url":"https:\/\/matraxoyuncak.com\/wp-content\/uploads\/2022\/06\/7795173K.jpg","contentUrl":"https:\/\/matraxoyuncak.com\/wp-content\/uploads\/2022\/06\/7795173K.jpg","width":605,"height":465},{"@type":"BreadcrumbList","@id":"https:\/\/matraxoyuncak.com\/urun\/crazy-egitici-blok-oyunu-500-parca\/#breadcrumb","itemListElement":[{"@type":"ListItem","position":1,"name":"Anasayfa","item":"https:\/\/matraxoyuncak.com\/tr\/"},{"@type":"ListItem","position":2,"name":"\u00dcr\u00fcnler","item":"https:\/\/matraxoyuncak.com\/shop__trashed\/"},{"@type":"ListItem","position":3,"name":"Crazy E\u011fitici Blok Oyunu 500 Par\u00e7a"}]},{"@type":"WebSite","@id":"https:\/\/matraxoyuncak.com\/#website","url":"https:\/\/matraxoyuncak.com\/","name":"Matrax Oyuncak | Futbol, Ah\u015fap, Bilardo, E\u011fitici, Oyuncak \u00dcreticisi","description":"Matrax Oyuncak, futbol, ah\u015fap, bilardo ve e\u011fitici oyuncaklar\u0131n \u00fcretimini T\u00fcrkiye&#039;de ger\u00e7ekle\u015ftiren ilk ve tek yerli firma olan Ak\u00e7i\u00e7ek Oyuncak&#039;\u0131n markas\u0131d\u0131r.","publisher":{"@id":"https:\/\/matraxoyuncak.com\/#organization"},"potentialAction":[{"@type":"SearchAction","target":{"@type":"EntryPoint","urlTemplate":"https:\/\/matraxoyuncak.com\/?s={search_term_string}"},"query-input":{"@type":"PropertyValueSpecification","valueRequired":true,"valueName":"search_term_string"}}],"inLanguage":"ru-RU"},{"@type":"Organization","@id":"https:\/\/matraxoyuncak.com\/#organization","name":"Matrax Oyuncak","url":"https:\/\/matraxoyuncak.com\/","logo":{"@type":"ImageObject","inLanguage":"ru-RU","@id":"https:\/\/matraxoyuncak.com\/#\/schema\/logo\/image\/","url":"https:\/\/matraxoyuncak.com\/wp-content\/uploads\/2022\/05\/matrax-logo.png","contentUrl":"https:\/\/matraxoyuncak.com\/wp-content\/uploads\/2022\/05\/matrax-logo.png","width":228,"height":91,"caption":"Matrax Oyuncak"},"image":{"@id":"https:\/\/matraxoyuncak.com\/#\/schema\/logo\/image\/"}}]}},"_links":{"self":[{"href":"https:\/\/matraxoyuncak.com\/ru\/wp-json\/wp\/v2\/product\/20823","targetHints":{"allow":["GET"]}}],"collection":[{"href":"https:\/\/matraxoyuncak.com\/ru\/wp-json\/wp\/v2\/product"}],"about":[{"href":"https:\/\/matraxoyuncak.com\/ru\/wp-json\/wp\/v2\/types\/product"}],"wp:featuredmedia":[{"embeddable":true,"href":"https:\/\/matraxoyuncak.com\/ru\/wp-json\/wp\/v2\/media\/20824"}],"wp:attachment":[{"href":"https:\/\/matraxoyuncak.com\/ru\/wp-json\/wp\/v2\/media?parent=20823"}],"wp:term":[{"taxonomy":"product_brand","embeddable":true,"href":"https:\/\/matraxoyuncak.com\/ru\/wp-json\/wp\/v2\/product_brand?post=20823"},{"taxonomy":"product_cat","embeddable":true,"href":"https:\/\/matraxoyuncak.com\/ru\/wp-json\/wp\/v2\/product_cat?post=20823"},{"taxonomy":"product_tag","embeddable":true,"href":"https:\/\/matraxoyuncak.com\/ru\/wp-json\/wp\/v2\/product_tag?post=20823"}],"curies":[{"name":"wp","href":"https:\/\/api.w.org\/{rel}","templated":true}]}}