{"id":20574,"date":"2022-05-31T15:02:58","date_gmt":"2022-05-31T15:02:58","guid":{"rendered":"http:\/\/www.favorioyuncak.com\/?post_type=product&#038;p=20574"},"modified":"2022-05-31T15:02:58","modified_gmt":"2022-05-31T15:02:58","slug":"gs-ahsap-masa-maci","status":"publish","type":"product","link":"https:\/\/matraxoyuncak.com\/ru\/product\/gs-ahsap-masa-maci\/","title":{"rendered":"\u041c\u0430\u0442\u0447 \u0441 \u0434\u0435\u0440\u0435\u0432\u044f\u043d\u043d\u044b\u043c \u0441\u0442\u043e\u043b\u043e\u043c GS"},"content":{"rendered":"<div class=\"block-title\">\u041e\u0441\u043e\u0431\u0435\u043d\u043d\u043e\u0441\u0442\u0438 \u043f\u0440\u043e\u0434\u0443\u043a\u0442\u0430<\/div>\n<div class=\"clear\"><\/div>\n<div class=\"toy-detail\">\n<div class=\"block\">\n<div class=\"text\">\u041a\u043e\u0434 \u043f\u0440\u043e\u0434\u0443\u043a\u0442\u0430<\/div>\n<div class=\"value\">831<\/div>\n<\/div>\n<div class=\"block\">\n<div class=\"text\">\u0428\u0442\u0440\u0438\u0445-\u043a\u043e\u0434<\/div>\n<div class=\"value\">8695295008316<\/div>\n<\/div>\n<div class=\"block\">\n<div class=\"text\">\u0420\u0430\u0437\u043c\u0435\u0440\u044b \u043f\u0440\u043e\u0434\u0443\u043a\u0442\u0430<\/div>\n<div class=\"value\">54 \u0445 49,3 \u0445 10,4 \u0441\u043c. (\u041e\u0442 \u0440\u0443\u0447\u043a\u0438 \u043a \u0440\u0443\u0447\u043a\u0435 \u043f\u043e\u0441\u043b\u0435 \u0443\u0441\u0442\u0430\u043d\u043e\u0432\u043a\u0438)<\/div>\n<\/div>\n<div class=\"clear\"><\/div>\n<\/div>\n<div class=\"other-details\">\n<div class=\"title\">\u0414\u0440\u0443\u0433\u0430\u044f \u0438\u043d\u0444\u043e\u0440\u043c\u0430\u0446\u0438\u044f<\/div>\n<div class=\"desc\">\n<p>\u0424\u043e\u0440\u043c\u0430 \u0443\u043f\u0430\u043a\u043e\u0432\u043a\u0438: \u043a\u0430\u0440\u0442\u043e\u043d\u043d\u0430\u044f \u043a\u043e\u0440\u043e\u0431\u043a\u0430<\/p>\n<p>\u0420\u0430\u0437\u043c\u0435\u0440\u044b \u0443\u043f\u0430\u043a\u043e\u0432\u043a\u0438: 45 \u0445 32,5 \u0445 11 \u0441\u043c.<\/p>\n<p>\u041a\u043e\u043b\u0438\u0447\u0435\u0441\u0442\u0432\u043e \u0432 \u043a\u043e\u0440\u043e\u0431\u043a\u0435: 6<\/p>\n<p>\u0420\u0430\u0437\u043c\u0435\u0440\u044b \u043a\u043e\u0440\u043e\u0431\u043a\u0438: 66 \u0445 33,5 \u0445 46,5 \u0441\u043c.<\/p>\n<p>\u0412\u0435\u0441 \u043d\u0435\u0442\u0442\u043e \u043a\u043e\u0440\u043e\u0431\u043a\u0438: 12 820 \u0433\u0440.<\/p>\n<\/div>\n<\/div>","protected":false},"excerpt":{"rendered":"<p>\u041c\u042b \u041f\u0420\u0418\u041d\u0415\u0421\u0415\u041c \u041d\u0410\u0421\u041b\u0410\u0416\u0414\u0415\u041d\u0418\u0415 \u0421\u041f\u0418\u0427\u0415\u0419 \u0417\u0410 \u0414\u0415\u0420\u0415\u0412\u042f\u041d\u041d\u042b\u041c \u0421\u0422\u041e\u041b\u041e\u041c \u0412 \u0412\u0410\u0428 \u0414\u041e\u041c \u0418 \u0421 \u0413\u0410\u041b\u0410\u0422\u0410\u0421\u0410\u0420\u0410\u0415\u041c! \u0412\u041e\u0417\u0413\u041b\u0410\u0412\u0418\u0422\u0415 \u0421\u0412\u041e\u042e \u041a\u041e\u041c\u0410\u041d\u0414\u0423 \u0418 \u0421\u0414\u0415\u041b\u0410\u0419\u0422\u0415 \u041f\u0415\u0420\u0412\u042b\u0419 \u0428\u0410\u0413 \u041d\u0410 \u041f\u0423\u0422\u0418 \u041a \u0427\u0415\u041c\u041f\u0418\u041e\u041d\u0410\u0422\u0423. \u0421\u0414\u0415\u041b\u0410\u0419\u0422\u0415 \u041c\u0418\u0420\u041e\u0412\u0423\u042e \u0417\u0412\u0415\u0417\u0414\u0423, \u041a\u041e\u0422\u041e\u0420\u0423\u042e \u0412\u042b \u0425\u041e\u0422\u0418\u0422\u0415 \u0411\u042b\u0422\u042c \u041b\u0423\u0427\u0428\u0418\u041c \u0421\u0415\u0420\u0412\u0415\u0420\u041e\u041c \u0427\u0415\u041c\u041f\u0418\u041e\u041d\u0410\u0422\u0410, \u0418 \u041f\u041e\u0411\u0415\u0416\u0414\u0410\u0419\u0422\u0415 \u0421\u0412\u041e\u0418\u0425 \u041f\u0420\u041e\u0422\u0418\u0412\u041d\u0418\u041a\u041e\u0412. GALATASARAY WOODATABLE MATCH TOY \u0414\u041e\u0421\u0422\u0410\u0422\u041e\u0427\u041d\u041e, \u0427\u0422\u041e\u0411\u042b \u0421\u0422\u0410\u0422\u042c \u041d\u0410\u0421\u0422\u041e\u042f\u0429\u0415\u0419 \u0417\u0412\u0415\u0417\u0414\u041e\u0419 \u0424\u0423\u0422\u0411\u041e\u041b\u0410. \u0427\u0422\u041e \u0412\u042b \u0425\u041e\u0422\u0418\u0422\u0415 \u041f\u0420\u0418\u0412\u0415\u0422\u0421\u0422\u0412\u041e\u0412\u0410\u0422\u042c \u041b\u042e\u0411\u0418\u041c\u042b\u0425 \u0417\u0412\u0415\u0417\u0414 \u0424\u0423\u0422\u0411\u041e\u041b\u0410 \u0414\u041e\u041c\u0410?<\/p>","protected":false},"featured_media":20575,"template":"","meta":[],"product_brand":[],"product_cat":[238],"product_tag":[247],"class_list":{"0":"post-20574","1":"product","2":"type-product","3":"status-publish","4":"has-post-thumbnail","6":"product_cat-lisansli-oyuncaklar","7":"product_tag-langirt","9":"first","10":"instock","11":"shipping-taxable","12":"product-type-simple"},"yoast_head":"<!-- This site is optimized with the Yoast SEO plugin v25.0 - https:\/\/yoast.com\/wordpress\/plugins\/seo\/ -->\n<title>GS Ah\u015fap Masa Ma\u00e7\u0131 - Matrax Oyuncak | Futbol, Ah\u015fap, Bilardo, E\u011fitici, Oyuncak \u00dcreticisi<\/title>\n<meta name=\"description\" content=\"Matrax Oyuncak, futbol, ah\u015fap, bilardo ve e\u011fitici oyuncaklar\u0131n \u00fcretimini T\u00fcrkiye&#039;de ger\u00e7ekle\u015ftiren ilk ve tek yerli firma olan Ak\u00e7i\u00e7ek Oyuncak&#039;\u0131n markas\u0131d\u0131r.\" \/>\n<meta name=\"robots\" content=\"index, follow, max-snippet:-1, max-image-preview:large, max-video-preview:-1\" \/>\n<link rel=\"canonical\" href=\"https:\/\/matraxoyuncak.com\/ru\/product\/gs-ahsap-masa-maci\/\" \/>\n<meta property=\"og:locale\" content=\"ru_RU\" \/>\n<meta property=\"og:type\" content=\"article\" \/>\n<meta property=\"og:title\" content=\"GS Ah\u015fap Masa Ma\u00e7\u0131 - Matrax Oyuncak | Futbol, Ah\u015fap, Bilardo, E\u011fitici, Oyuncak \u00dcreticisi\" \/>\n<meta property=\"og:description\" content=\"Matrax Oyuncak, futbol, ah\u015fap, bilardo ve e\u011fitici oyuncaklar\u0131n \u00fcretimini T\u00fcrkiye&#039;de ger\u00e7ekle\u015ftiren ilk ve tek yerli firma olan Ak\u00e7i\u00e7ek Oyuncak&#039;\u0131n markas\u0131d\u0131r.\" \/>\n<meta property=\"og:url\" content=\"https:\/\/matraxoyuncak.com\/ru\/product\/gs-ahsap-masa-maci\/\" \/>\n<meta property=\"og:site_name\" content=\"Matrax Oyuncak | Futbol, Ah\u015fap, Bilardo, E\u011fitici, Oyuncak \u00dcreticisi\" \/>\n<meta property=\"og:image\" content=\"https:\/\/matraxoyuncak.com\/wp-content\/uploads\/2022\/05\/12312.jpg\" \/>\n\t<meta property=\"og:image:width\" content=\"605\" \/>\n\t<meta property=\"og:image:height\" content=\"465\" \/>\n\t<meta property=\"og:image:type\" content=\"image\/jpeg\" \/>\n<meta name=\"twitter:card\" content=\"summary_large_image\" \/>\n<script type=\"application\/ld+json\" class=\"yoast-schema-graph\">{\"@context\":\"https:\/\/schema.org\",\"@graph\":[{\"@type\":\"WebPage\",\"@id\":\"https:\/\/matraxoyuncak.com\/urun\/gs-ahsap-masa-maci\/\",\"url\":\"https:\/\/matraxoyuncak.com\/urun\/gs-ahsap-masa-maci\/\",\"name\":\"GS Ah\u015fap Masa Ma\u00e7\u0131 - Matrax Oyuncak | Futbol, Ah\u015fap, Bilardo, E\u011fitici, Oyuncak \u00dcreticisi\",\"isPartOf\":{\"@id\":\"https:\/\/matraxoyuncak.com\/#website\"},\"primaryImageOfPage\":{\"@id\":\"https:\/\/matraxoyuncak.com\/urun\/gs-ahsap-masa-maci\/#primaryimage\"},\"image\":{\"@id\":\"https:\/\/matraxoyuncak.com\/urun\/gs-ahsap-masa-maci\/#primaryimage\"},\"thumbnailUrl\":\"https:\/\/matraxoyuncak.com\/wp-content\/uploads\/2022\/05\/12312.jpg\",\"datePublished\":\"2022-05-31T15:02:58+00:00\",\"description\":\"Matrax Oyuncak, futbol, ah\u015fap, bilardo ve e\u011fitici oyuncaklar\u0131n \u00fcretimini T\u00fcrkiye'de ger\u00e7ekle\u015ftiren ilk ve tek yerli firma olan Ak\u00e7i\u00e7ek Oyuncak'\u0131n markas\u0131d\u0131r.\",\"breadcrumb\":{\"@id\":\"https:\/\/matraxoyuncak.com\/urun\/gs-ahsap-masa-maci\/#breadcrumb\"},\"inLanguage\":\"ru-RU\",\"potentialAction\":[{\"@type\":\"ReadAction\",\"target\":[\"https:\/\/matraxoyuncak.com\/urun\/gs-ahsap-masa-maci\/\"]}]},{\"@type\":\"ImageObject\",\"inLanguage\":\"ru-RU\",\"@id\":\"https:\/\/matraxoyuncak.com\/urun\/gs-ahsap-masa-maci\/#primaryimage\",\"url\":\"https:\/\/matraxoyuncak.com\/wp-content\/uploads\/2022\/05\/12312.jpg\",\"contentUrl\":\"https:\/\/matraxoyuncak.com\/wp-content\/uploads\/2022\/05\/12312.jpg\",\"width\":605,\"height\":465},{\"@type\":\"BreadcrumbList\",\"@id\":\"https:\/\/matraxoyuncak.com\/urun\/gs-ahsap-masa-maci\/#breadcrumb\",\"itemListElement\":[{\"@type\":\"ListItem\",\"position\":1,\"name\":\"Anasayfa\",\"item\":\"https:\/\/matraxoyuncak.com\/tr\/\"},{\"@type\":\"ListItem\",\"position\":2,\"name\":\"\u00dcr\u00fcnler\",\"item\":\"https:\/\/matraxoyuncak.com\/shop__trashed\/\"},{\"@type\":\"ListItem\",\"position\":3,\"name\":\"GS Ah\u015fap Masa Ma\u00e7\u0131\"}]},{\"@type\":\"WebSite\",\"@id\":\"https:\/\/matraxoyuncak.com\/#website\",\"url\":\"https:\/\/matraxoyuncak.com\/\",\"name\":\"Matrax Oyuncak | Futbol, Ah\u015fap, Bilardo, E\u011fitici, Oyuncak \u00dcreticisi\",\"description\":\"Matrax Oyuncak, futbol, ah\u015fap, bilardo ve e\u011fitici oyuncaklar\u0131n \u00fcretimini T\u00fcrkiye&#039;de ger\u00e7ekle\u015ftiren ilk ve tek yerli firma olan Ak\u00e7i\u00e7ek Oyuncak&#039;\u0131n markas\u0131d\u0131r.\",\"publisher\":{\"@id\":\"https:\/\/matraxoyuncak.com\/#organization\"},\"potentialAction\":[{\"@type\":\"SearchAction\",\"target\":{\"@type\":\"EntryPoint\",\"urlTemplate\":\"https:\/\/matraxoyuncak.com\/?s={search_term_string}\"},\"query-input\":{\"@type\":\"PropertyValueSpecification\",\"valueRequired\":true,\"valueName\":\"search_term_string\"}}],\"inLanguage\":\"ru-RU\"},{\"@type\":\"Organization\",\"@id\":\"https:\/\/matraxoyuncak.com\/#organization\",\"name\":\"Matrax Oyuncak\",\"url\":\"https:\/\/matraxoyuncak.com\/\",\"logo\":{\"@type\":\"ImageObject\",\"inLanguage\":\"ru-RU\",\"@id\":\"https:\/\/matraxoyuncak.com\/#\/schema\/logo\/image\/\",\"url\":\"https:\/\/matraxoyuncak.com\/wp-content\/uploads\/2022\/05\/matrax-logo.png\",\"contentUrl\":\"https:\/\/matraxoyuncak.com\/wp-content\/uploads\/2022\/05\/matrax-logo.png\",\"width\":228,\"height\":91,\"caption\":\"Matrax Oyuncak\"},\"image\":{\"@id\":\"https:\/\/matraxoyuncak.com\/#\/schema\/logo\/image\/\"}}]}<\/script>\n<!-- \/ Yoast SEO plugin. -->","yoast_head_json":{"title":"GS Ah\u015fap Masa Ma\u00e7\u0131 - Matrax Oyuncak | Futbol, Ah\u015fap, Bilardo, E\u011fitici, Oyuncak \u00dcreticisi","description":"Matrax Oyuncak, futbol, ah\u015fap, bilardo ve e\u011fitici oyuncaklar\u0131n \u00fcretimini T\u00fcrkiye'de ger\u00e7ekle\u015ftiren ilk ve tek yerli firma olan Ak\u00e7i\u00e7ek Oyuncak'\u0131n markas\u0131d\u0131r.","robots":{"index":"index","follow":"follow","max-snippet":"max-snippet:-1","max-image-preview":"max-image-preview:large","max-video-preview":"max-video-preview:-1"},"canonical":"https:\/\/matraxoyuncak.com\/ru\/product\/gs-ahsap-masa-maci\/","og_locale":"ru_RU","og_type":"article","og_title":"GS Ah\u015fap Masa Ma\u00e7\u0131 - Matrax Oyuncak | Futbol, Ah\u015fap, Bilardo, E\u011fitici, Oyuncak \u00dcreticisi","og_description":"Matrax Oyuncak, futbol, ah\u015fap, bilardo ve e\u011fitici oyuncaklar\u0131n \u00fcretimini T\u00fcrkiye'de ger\u00e7ekle\u015ftiren ilk ve tek yerli firma olan Ak\u00e7i\u00e7ek Oyuncak'\u0131n markas\u0131d\u0131r.","og_url":"https:\/\/matraxoyuncak.com\/ru\/product\/gs-ahsap-masa-maci\/","og_site_name":"Matrax Oyuncak | Futbol, Ah\u015fap, Bilardo, E\u011fitici, Oyuncak \u00dcreticisi","og_image":[{"width":605,"height":465,"url":"https:\/\/matraxoyuncak.com\/wp-content\/uploads\/2022\/05\/12312.jpg","type":"image\/jpeg"}],"twitter_card":"summary_large_image","schema":{"@context":"https:\/\/schema.org","@graph":[{"@type":"WebPage","@id":"https:\/\/matraxoyuncak.com\/urun\/gs-ahsap-masa-maci\/","url":"https:\/\/matraxoyuncak.com\/urun\/gs-ahsap-masa-maci\/","name":"GS Ah\u015fap Masa Ma\u00e7\u0131 - Matrax Oyuncak | Futbol, Ah\u015fap, Bilardo, E\u011fitici, Oyuncak \u00dcreticisi","isPartOf":{"@id":"https:\/\/matraxoyuncak.com\/#website"},"primaryImageOfPage":{"@id":"https:\/\/matraxoyuncak.com\/urun\/gs-ahsap-masa-maci\/#primaryimage"},"image":{"@id":"https:\/\/matraxoyuncak.com\/urun\/gs-ahsap-masa-maci\/#primaryimage"},"thumbnailUrl":"https:\/\/matraxoyuncak.com\/wp-content\/uploads\/2022\/05\/12312.jpg","datePublished":"2022-05-31T15:02:58+00:00","description":"Matrax Oyuncak, futbol, ah\u015fap, bilardo ve e\u011fitici oyuncaklar\u0131n \u00fcretimini T\u00fcrkiye'de ger\u00e7ekle\u015ftiren ilk ve tek yerli firma olan Ak\u00e7i\u00e7ek Oyuncak'\u0131n markas\u0131d\u0131r.","breadcrumb":{"@id":"https:\/\/matraxoyuncak.com\/urun\/gs-ahsap-masa-maci\/#breadcrumb"},"inLanguage":"ru-RU","potentialAction":[{"@type":"ReadAction","target":["https:\/\/matraxoyuncak.com\/urun\/gs-ahsap-masa-maci\/"]}]},{"@type":"ImageObject","inLanguage":"ru-RU","@id":"https:\/\/matraxoyuncak.com\/urun\/gs-ahsap-masa-maci\/#primaryimage","url":"https:\/\/matraxoyuncak.com\/wp-content\/uploads\/2022\/05\/12312.jpg","contentUrl":"https:\/\/matraxoyuncak.com\/wp-content\/uploads\/2022\/05\/12312.jpg","width":605,"height":465},{"@type":"BreadcrumbList","@id":"https:\/\/matraxoyuncak.com\/urun\/gs-ahsap-masa-maci\/#breadcrumb","itemListElement":[{"@type":"ListItem","position":1,"name":"Anasayfa","item":"https:\/\/matraxoyuncak.com\/tr\/"},{"@type":"ListItem","position":2,"name":"\u00dcr\u00fcnler","item":"https:\/\/matraxoyuncak.com\/shop__trashed\/"},{"@type":"ListItem","position":3,"name":"GS Ah\u015fap Masa Ma\u00e7\u0131"}]},{"@type":"WebSite","@id":"https:\/\/matraxoyuncak.com\/#website","url":"https:\/\/matraxoyuncak.com\/","name":"Matrax Oyuncak | Futbol, Ah\u015fap, Bilardo, E\u011fitici, Oyuncak \u00dcreticisi","description":"Matrax Oyuncak, futbol, ah\u015fap, bilardo ve e\u011fitici oyuncaklar\u0131n \u00fcretimini T\u00fcrkiye&#039;de ger\u00e7ekle\u015ftiren ilk ve tek yerli firma olan Ak\u00e7i\u00e7ek Oyuncak&#039;\u0131n markas\u0131d\u0131r.","publisher":{"@id":"https:\/\/matraxoyuncak.com\/#organization"},"potentialAction":[{"@type":"SearchAction","target":{"@type":"EntryPoint","urlTemplate":"https:\/\/matraxoyuncak.com\/?s={search_term_string}"},"query-input":{"@type":"PropertyValueSpecification","valueRequired":true,"valueName":"search_term_string"}}],"inLanguage":"ru-RU"},{"@type":"Organization","@id":"https:\/\/matraxoyuncak.com\/#organization","name":"Matrax Oyuncak","url":"https:\/\/matraxoyuncak.com\/","logo":{"@type":"ImageObject","inLanguage":"ru-RU","@id":"https:\/\/matraxoyuncak.com\/#\/schema\/logo\/image\/","url":"https:\/\/matraxoyuncak.com\/wp-content\/uploads\/2022\/05\/matrax-logo.png","contentUrl":"https:\/\/matraxoyuncak.com\/wp-content\/uploads\/2022\/05\/matrax-logo.png","width":228,"height":91,"caption":"Matrax Oyuncak"},"image":{"@id":"https:\/\/matraxoyuncak.com\/#\/schema\/logo\/image\/"}}]}},"_links":{"self":[{"href":"https:\/\/matraxoyuncak.com\/ru\/wp-json\/wp\/v2\/product\/20574","targetHints":{"allow":["GET"]}}],"collection":[{"href":"https:\/\/matraxoyuncak.com\/ru\/wp-json\/wp\/v2\/product"}],"about":[{"href":"https:\/\/matraxoyuncak.com\/ru\/wp-json\/wp\/v2\/types\/product"}],"wp:featuredmedia":[{"embeddable":true,"href":"https:\/\/matraxoyuncak.com\/ru\/wp-json\/wp\/v2\/media\/20575"}],"wp:attachment":[{"href":"https:\/\/matraxoyuncak.com\/ru\/wp-json\/wp\/v2\/media?parent=20574"}],"wp:term":[{"taxonomy":"product_brand","embeddable":true,"href":"https:\/\/matraxoyuncak.com\/ru\/wp-json\/wp\/v2\/product_brand?post=20574"},{"taxonomy":"product_cat","embeddable":true,"href":"https:\/\/matraxoyuncak.com\/ru\/wp-json\/wp\/v2\/product_cat?post=20574"},{"taxonomy":"product_tag","embeddable":true,"href":"https:\/\/matraxoyuncak.com\/ru\/wp-json\/wp\/v2\/product_tag?post=20574"}],"curies":[{"name":"wp","href":"https:\/\/api.w.org\/{rel}","templated":true}]}}