{"id":20556,"date":"2022-05-31T14:52:20","date_gmt":"2022-05-31T14:52:20","guid":{"rendered":"http:\/\/www.favorioyuncak.com\/?post_type=product&#038;p=20556"},"modified":"2022-07-31T12:27:40","modified_gmt":"2022-07-31T12:27:40","slug":"fcb-mini-futbol","status":"publish","type":"product","link":"https:\/\/matraxoyuncak.com\/ru\/product\/fcb-mini-futbol\/","title":{"rendered":"\u0424\u041a\u0411 \u041c\u0438\u043d\u0438-\u0444\u0443\u0442\u0431\u043e\u043b"},"content":{"rendered":"<div class=\"toy-details-block\">\n<div class=\"desc\"><span style=\"font-size: 17px; letter-spacing: 0.1px;\">\u041e\u0441\u043e\u0431\u0435\u043d\u043d\u043e\u0441\u0442\u0438 \u043f\u0440\u043e\u0434\u0443\u043a\u0442\u0430<\/span><\/div>\n<\/div>\n<div class=\"toy-details-block\">\n<div class=\"clear\"><\/div>\n<div class=\"toy-detail\">\n<div class=\"block\">\n<div class=\"text\">\u041a\u043e\u0434 \u043f\u0440\u043e\u0434\u0443\u043a\u0442\u0430<\/div>\n<div class=\"value\">820<\/div>\n<\/div>\n<div class=\"block\">\n<div class=\"text\">\u0428\u0442\u0440\u0438\u0445-\u043a\u043e\u0434<\/div>\n<div class=\"value\">86952950008200<\/div>\n<\/div>\n<div class=\"block\">\n<div class=\"text\">\u0420\u0430\u0437\u043c\u0435\u0440\u044b \u043f\u0440\u043e\u0434\u0443\u043a\u0442\u0430<\/div>\n<div class=\"value\">25 \u0445 35 \u0445 7 \u0441\u043c.<\/div>\n<\/div>\n<div class=\"clear\"><\/div>\n<\/div>\n<div class=\"other-details\">\n<div class=\"title\">\u0414\u0440\u0443\u0433\u0430\u044f \u0438\u043d\u0444\u043e\u0440\u043c\u0430\u0446\u0438\u044f<\/div>\n<div class=\"desc\">\n<p>\u0422\u0438\u043f \u0443\u043f\u0430\u043a\u043e\u0432\u043a\u0438: \u043a\u0430\u0440\u0442\u043e\u043d\u043d\u0430\u044f \u043a\u043e\u0440\u043e\u0431\u043a\u0430<\/p>\n<p>\u0420\u0430\u0437\u043c\u0435\u0440\u044b \u0443\u043f\u0430\u043a\u043e\u0432\u043a\u0438: 25 \u0445 36 \u0445 7 \u0441\u043c.<\/p>\n<p>\u041a\u043e\u043b\u0438\u0447\u0435\u0441\u0442\u0432\u043e \u0432 \u043a\u043e\u0440\u043e\u0431\u043a\u0435: 24<\/p>\n<p>\u0420\u0430\u0437\u043c\u0435\u0440\u044b \u043a\u043e\u0440\u043e\u0431\u043a\u0438: 43 \u0445 75 \u0445 50,5 \u0441\u043c.<\/p>\n<p>\u0412\u0435\u0441 \u043d\u0435\u0442\u0442\u043e \u043a\u043e\u0440\u043e\u0431\u043a\u0438: 15 480 \u0433\u0440.<\/p>\n<\/div>\n<\/div>\n<\/div>","protected":false},"excerpt":{"rendered":"<p>\u041c\u042b \u041e\u0411\u042a\u0415\u0414\u0418\u041d\u0418\u041b\u0418 \u041b\u042e\u0411\u041e\u0412\u042c \u041a \u0424\u0423\u0422\u0411\u041e\u041b\u0423 \u0421 FC BARCELONA, \u041f\u041e\u0414\u041d\u0418\u041c\u0410\u042f \u0423\u0414\u041e\u0412\u041e\u041b\u042c\u0421\u0422\u0412\u0418\u0415 \u041a \u0412\u0415\u0420\u0428\u0418\u041d\u0415. \u0418\u0413\u0420\u0423\u0428\u041a\u0410 FC BARCELONA, \u0412 \u041a\u041e\u0422\u041e\u0420\u0423\u042e \u0412\u042b \u041c\u041e\u0416\u0415\u0422\u0415 \u0423\u0414\u041e\u0411\u041d\u041e \u0418\u0413\u0420\u0410\u0422\u042c \u0414\u041e\u041c\u0410, \u0412 \u0428\u041a\u041e\u041b\u0415, \u041f\u0410\u0420\u041a\u0415 \u0418 \u0412 \u0414\u0420\u0423\u0413\u0418\u0425 \u041c\u0415\u0421\u0422\u0410\u0425, \u0421\u0414\u0415\u041b\u0410\u041d\u0410 \u0412 \u0422\u0423\u0420\u0426\u0418\u0418 \u0418\u0417 \u041f\u0415\u0420\u0412\u041e\u041a\u041b\u0410\u0421\u0421\u041d\u041e\u0413\u041e \u041c\u0410\u0422\u0415\u0420\u0418\u0410\u041b\u0410. \u0412\u042b\u0411\u0415\u0420\u0418\u0422\u0415 \u041a\u041e\u041c\u0410\u041d\u0414\u0423, \u0421\u0414\u0415\u041b\u0410\u0419\u0422\u0415 \u041b\u042e\u0411\u0418\u041c\u042b\u0419 \u0424\u0423\u0422\u0411\u041e\u041b \u041a\u041e\u0420\u041e\u041b\u0415\u041c, \u041f\u041e\u0411\u0415\u0414\u0418\u0422\u0415 \u0421\u0412\u041e\u0418\u0425 \u041f\u0420\u041e\u0422\u0418\u0412\u041d\u0418\u041a\u041e\u0412. \u0420\u0410\u0417\u0412\u041b\u0415\u041a\u0410\u0419\u0422\u0415\u0421\u042c \u0421 \u0414\u0420\u0423\u0417\u042c\u042f\u041c\u0418 \u0421 \u041c\u0418\u041d\u0418-\u0424\u0423\u0422\u0411\u041e\u041b\u042c\u041d\u041e\u0419 \u0418\u0413\u0420\u0423\u0428\u041a\u041e\u0419 FC BARCELONA.<\/p>","protected":false},"featured_media":20557,"template":"","meta":[],"product_brand":[],"product_cat":[238],"product_tag":[245,246],"class_list":{"0":"post-20556","1":"product","2":"type-product","3":"status-publish","4":"has-post-thumbnail","6":"product_cat-lisansli-oyuncaklar","7":"product_tag-barcelona","8":"product_tag-mini-futbol","10":"first","11":"instock","12":"shipping-taxable","13":"product-type-simple"},"yoast_head":"<!-- This site is optimized with the Yoast SEO plugin v25.0 - https:\/\/yoast.com\/wordpress\/plugins\/seo\/ -->\n<title>FCB Mini Futbol - Matrax Oyuncak | Futbol, Ah\u015fap, Bilardo, E\u011fitici, Oyuncak \u00dcreticisi<\/title>\n<meta name=\"description\" content=\"Matrax Oyuncak, futbol, ah\u015fap, bilardo ve e\u011fitici oyuncaklar\u0131n \u00fcretimini T\u00fcrkiye&#039;de ger\u00e7ekle\u015ftiren ilk ve tek yerli firma olan Ak\u00e7i\u00e7ek Oyuncak&#039;\u0131n markas\u0131d\u0131r.\" \/>\n<meta name=\"robots\" content=\"index, follow, max-snippet:-1, max-image-preview:large, max-video-preview:-1\" \/>\n<link rel=\"canonical\" href=\"https:\/\/matraxoyuncak.com\/ru\/product\/fcb-mini-futbol\/\" \/>\n<meta property=\"og:locale\" content=\"ru_RU\" \/>\n<meta property=\"og:type\" content=\"article\" \/>\n<meta property=\"og:title\" content=\"FCB Mini Futbol - Matrax Oyuncak | Futbol, Ah\u015fap, Bilardo, E\u011fitici, Oyuncak \u00dcreticisi\" \/>\n<meta property=\"og:description\" content=\"Matrax Oyuncak, futbol, ah\u015fap, bilardo ve e\u011fitici oyuncaklar\u0131n \u00fcretimini T\u00fcrkiye&#039;de ger\u00e7ekle\u015ftiren ilk ve tek yerli firma olan Ak\u00e7i\u00e7ek Oyuncak&#039;\u0131n markas\u0131d\u0131r.\" \/>\n<meta property=\"og:url\" content=\"https:\/\/matraxoyuncak.com\/ru\/product\/fcb-mini-futbol\/\" \/>\n<meta property=\"og:site_name\" content=\"Matrax Oyuncak | Futbol, Ah\u015fap, Bilardo, E\u011fitici, Oyuncak \u00dcreticisi\" \/>\n<meta property=\"article:modified_time\" content=\"2022-07-31T12:27:40+00:00\" \/>\n<meta property=\"og:image\" content=\"https:\/\/matraxoyuncak.com\/wp-content\/uploads\/2022\/05\/4396fcb-logo2-1.jpg\" \/>\n\t<meta property=\"og:image:width\" content=\"605\" \/>\n\t<meta property=\"og:image:height\" content=\"465\" \/>\n\t<meta property=\"og:image:type\" content=\"image\/jpeg\" \/>\n<meta name=\"twitter:card\" content=\"summary_large_image\" \/>\n<script type=\"application\/ld+json\" class=\"yoast-schema-graph\">{\"@context\":\"https:\/\/schema.org\",\"@graph\":[{\"@type\":\"WebPage\",\"@id\":\"https:\/\/matraxoyuncak.com\/urun\/fcb-mini-futbol\/\",\"url\":\"https:\/\/matraxoyuncak.com\/urun\/fcb-mini-futbol\/\",\"name\":\"FCB Mini Futbol - Matrax Oyuncak | Futbol, Ah\u015fap, Bilardo, E\u011fitici, Oyuncak \u00dcreticisi\",\"isPartOf\":{\"@id\":\"https:\/\/matraxoyuncak.com\/#website\"},\"primaryImageOfPage\":{\"@id\":\"https:\/\/matraxoyuncak.com\/urun\/fcb-mini-futbol\/#primaryimage\"},\"image\":{\"@id\":\"https:\/\/matraxoyuncak.com\/urun\/fcb-mini-futbol\/#primaryimage\"},\"thumbnailUrl\":\"https:\/\/matraxoyuncak.com\/wp-content\/uploads\/2022\/05\/4396fcb-logo2-1.jpg\",\"datePublished\":\"2022-05-31T14:52:20+00:00\",\"dateModified\":\"2022-07-31T12:27:40+00:00\",\"description\":\"Matrax Oyuncak, futbol, ah\u015fap, bilardo ve e\u011fitici oyuncaklar\u0131n \u00fcretimini T\u00fcrkiye'de ger\u00e7ekle\u015ftiren ilk ve tek yerli firma olan Ak\u00e7i\u00e7ek Oyuncak'\u0131n markas\u0131d\u0131r.\",\"breadcrumb\":{\"@id\":\"https:\/\/matraxoyuncak.com\/urun\/fcb-mini-futbol\/#breadcrumb\"},\"inLanguage\":\"ru-RU\",\"potentialAction\":[{\"@type\":\"ReadAction\",\"target\":[\"https:\/\/matraxoyuncak.com\/urun\/fcb-mini-futbol\/\"]}]},{\"@type\":\"ImageObject\",\"inLanguage\":\"ru-RU\",\"@id\":\"https:\/\/matraxoyuncak.com\/urun\/fcb-mini-futbol\/#primaryimage\",\"url\":\"https:\/\/matraxoyuncak.com\/wp-content\/uploads\/2022\/05\/4396fcb-logo2-1.jpg\",\"contentUrl\":\"https:\/\/matraxoyuncak.com\/wp-content\/uploads\/2022\/05\/4396fcb-logo2-1.jpg\",\"width\":605,\"height\":465},{\"@type\":\"BreadcrumbList\",\"@id\":\"https:\/\/matraxoyuncak.com\/urun\/fcb-mini-futbol\/#breadcrumb\",\"itemListElement\":[{\"@type\":\"ListItem\",\"position\":1,\"name\":\"Anasayfa\",\"item\":\"https:\/\/matraxoyuncak.com\/tr\/\"},{\"@type\":\"ListItem\",\"position\":2,\"name\":\"\u00dcr\u00fcnler\",\"item\":\"https:\/\/matraxoyuncak.com\/shop__trashed\/\"},{\"@type\":\"ListItem\",\"position\":3,\"name\":\"FCB Mini Futbol\"}]},{\"@type\":\"WebSite\",\"@id\":\"https:\/\/matraxoyuncak.com\/#website\",\"url\":\"https:\/\/matraxoyuncak.com\/\",\"name\":\"Matrax Oyuncak | Futbol, Ah\u015fap, Bilardo, E\u011fitici, Oyuncak \u00dcreticisi\",\"description\":\"Matrax Oyuncak, futbol, ah\u015fap, bilardo ve e\u011fitici oyuncaklar\u0131n \u00fcretimini T\u00fcrkiye&#039;de ger\u00e7ekle\u015ftiren ilk ve tek yerli firma olan Ak\u00e7i\u00e7ek Oyuncak&#039;\u0131n markas\u0131d\u0131r.\",\"publisher\":{\"@id\":\"https:\/\/matraxoyuncak.com\/#organization\"},\"potentialAction\":[{\"@type\":\"SearchAction\",\"target\":{\"@type\":\"EntryPoint\",\"urlTemplate\":\"https:\/\/matraxoyuncak.com\/?s={search_term_string}\"},\"query-input\":{\"@type\":\"PropertyValueSpecification\",\"valueRequired\":true,\"valueName\":\"search_term_string\"}}],\"inLanguage\":\"ru-RU\"},{\"@type\":\"Organization\",\"@id\":\"https:\/\/matraxoyuncak.com\/#organization\",\"name\":\"Matrax Oyuncak\",\"url\":\"https:\/\/matraxoyuncak.com\/\",\"logo\":{\"@type\":\"ImageObject\",\"inLanguage\":\"ru-RU\",\"@id\":\"https:\/\/matraxoyuncak.com\/#\/schema\/logo\/image\/\",\"url\":\"https:\/\/matraxoyuncak.com\/wp-content\/uploads\/2022\/05\/matrax-logo.png\",\"contentUrl\":\"https:\/\/matraxoyuncak.com\/wp-content\/uploads\/2022\/05\/matrax-logo.png\",\"width\":228,\"height\":91,\"caption\":\"Matrax Oyuncak\"},\"image\":{\"@id\":\"https:\/\/matraxoyuncak.com\/#\/schema\/logo\/image\/\"}}]}<\/script>\n<!-- \/ Yoast SEO plugin. -->","yoast_head_json":{"title":"FCB Mini Futbol - Matrax Oyuncak | Futbol, Ah\u015fap, Bilardo, E\u011fitici, Oyuncak \u00dcreticisi","description":"Matrax Oyuncak, futbol, ah\u015fap, bilardo ve e\u011fitici oyuncaklar\u0131n \u00fcretimini T\u00fcrkiye'de ger\u00e7ekle\u015ftiren ilk ve tek yerli firma olan Ak\u00e7i\u00e7ek Oyuncak'\u0131n markas\u0131d\u0131r.","robots":{"index":"index","follow":"follow","max-snippet":"max-snippet:-1","max-image-preview":"max-image-preview:large","max-video-preview":"max-video-preview:-1"},"canonical":"https:\/\/matraxoyuncak.com\/ru\/product\/fcb-mini-futbol\/","og_locale":"ru_RU","og_type":"article","og_title":"FCB Mini Futbol - Matrax Oyuncak | Futbol, Ah\u015fap, Bilardo, E\u011fitici, Oyuncak \u00dcreticisi","og_description":"Matrax Oyuncak, futbol, ah\u015fap, bilardo ve e\u011fitici oyuncaklar\u0131n \u00fcretimini T\u00fcrkiye'de ger\u00e7ekle\u015ftiren ilk ve tek yerli firma olan Ak\u00e7i\u00e7ek Oyuncak'\u0131n markas\u0131d\u0131r.","og_url":"https:\/\/matraxoyuncak.com\/ru\/product\/fcb-mini-futbol\/","og_site_name":"Matrax Oyuncak | Futbol, Ah\u015fap, Bilardo, E\u011fitici, Oyuncak \u00dcreticisi","article_modified_time":"2022-07-31T12:27:40+00:00","og_image":[{"width":605,"height":465,"url":"https:\/\/matraxoyuncak.com\/wp-content\/uploads\/2022\/05\/4396fcb-logo2-1.jpg","type":"image\/jpeg"}],"twitter_card":"summary_large_image","schema":{"@context":"https:\/\/schema.org","@graph":[{"@type":"WebPage","@id":"https:\/\/matraxoyuncak.com\/urun\/fcb-mini-futbol\/","url":"https:\/\/matraxoyuncak.com\/urun\/fcb-mini-futbol\/","name":"FCB Mini Futbol - Matrax Oyuncak | Futbol, Ah\u015fap, Bilardo, E\u011fitici, Oyuncak \u00dcreticisi","isPartOf":{"@id":"https:\/\/matraxoyuncak.com\/#website"},"primaryImageOfPage":{"@id":"https:\/\/matraxoyuncak.com\/urun\/fcb-mini-futbol\/#primaryimage"},"image":{"@id":"https:\/\/matraxoyuncak.com\/urun\/fcb-mini-futbol\/#primaryimage"},"thumbnailUrl":"https:\/\/matraxoyuncak.com\/wp-content\/uploads\/2022\/05\/4396fcb-logo2-1.jpg","datePublished":"2022-05-31T14:52:20+00:00","dateModified":"2022-07-31T12:27:40+00:00","description":"Matrax Oyuncak, futbol, ah\u015fap, bilardo ve e\u011fitici oyuncaklar\u0131n \u00fcretimini T\u00fcrkiye'de ger\u00e7ekle\u015ftiren ilk ve tek yerli firma olan Ak\u00e7i\u00e7ek Oyuncak'\u0131n markas\u0131d\u0131r.","breadcrumb":{"@id":"https:\/\/matraxoyuncak.com\/urun\/fcb-mini-futbol\/#breadcrumb"},"inLanguage":"ru-RU","potentialAction":[{"@type":"ReadAction","target":["https:\/\/matraxoyuncak.com\/urun\/fcb-mini-futbol\/"]}]},{"@type":"ImageObject","inLanguage":"ru-RU","@id":"https:\/\/matraxoyuncak.com\/urun\/fcb-mini-futbol\/#primaryimage","url":"https:\/\/matraxoyuncak.com\/wp-content\/uploads\/2022\/05\/4396fcb-logo2-1.jpg","contentUrl":"https:\/\/matraxoyuncak.com\/wp-content\/uploads\/2022\/05\/4396fcb-logo2-1.jpg","width":605,"height":465},{"@type":"BreadcrumbList","@id":"https:\/\/matraxoyuncak.com\/urun\/fcb-mini-futbol\/#breadcrumb","itemListElement":[{"@type":"ListItem","position":1,"name":"Anasayfa","item":"https:\/\/matraxoyuncak.com\/tr\/"},{"@type":"ListItem","position":2,"name":"\u00dcr\u00fcnler","item":"https:\/\/matraxoyuncak.com\/shop__trashed\/"},{"@type":"ListItem","position":3,"name":"FCB Mini Futbol"}]},{"@type":"WebSite","@id":"https:\/\/matraxoyuncak.com\/#website","url":"https:\/\/matraxoyuncak.com\/","name":"Matrax Oyuncak | Futbol, Ah\u015fap, Bilardo, E\u011fitici, Oyuncak \u00dcreticisi","description":"Matrax Oyuncak, futbol, ah\u015fap, bilardo ve e\u011fitici oyuncaklar\u0131n \u00fcretimini T\u00fcrkiye&#039;de ger\u00e7ekle\u015ftiren ilk ve tek yerli firma olan Ak\u00e7i\u00e7ek Oyuncak&#039;\u0131n markas\u0131d\u0131r.","publisher":{"@id":"https:\/\/matraxoyuncak.com\/#organization"},"potentialAction":[{"@type":"SearchAction","target":{"@type":"EntryPoint","urlTemplate":"https:\/\/matraxoyuncak.com\/?s={search_term_string}"},"query-input":{"@type":"PropertyValueSpecification","valueRequired":true,"valueName":"search_term_string"}}],"inLanguage":"ru-RU"},{"@type":"Organization","@id":"https:\/\/matraxoyuncak.com\/#organization","name":"Matrax Oyuncak","url":"https:\/\/matraxoyuncak.com\/","logo":{"@type":"ImageObject","inLanguage":"ru-RU","@id":"https:\/\/matraxoyuncak.com\/#\/schema\/logo\/image\/","url":"https:\/\/matraxoyuncak.com\/wp-content\/uploads\/2022\/05\/matrax-logo.png","contentUrl":"https:\/\/matraxoyuncak.com\/wp-content\/uploads\/2022\/05\/matrax-logo.png","width":228,"height":91,"caption":"Matrax Oyuncak"},"image":{"@id":"https:\/\/matraxoyuncak.com\/#\/schema\/logo\/image\/"}}]}},"_links":{"self":[{"href":"https:\/\/matraxoyuncak.com\/ru\/wp-json\/wp\/v2\/product\/20556","targetHints":{"allow":["GET"]}}],"collection":[{"href":"https:\/\/matraxoyuncak.com\/ru\/wp-json\/wp\/v2\/product"}],"about":[{"href":"https:\/\/matraxoyuncak.com\/ru\/wp-json\/wp\/v2\/types\/product"}],"wp:featuredmedia":[{"embeddable":true,"href":"https:\/\/matraxoyuncak.com\/ru\/wp-json\/wp\/v2\/media\/20557"}],"wp:attachment":[{"href":"https:\/\/matraxoyuncak.com\/ru\/wp-json\/wp\/v2\/media?parent=20556"}],"wp:term":[{"taxonomy":"product_brand","embeddable":true,"href":"https:\/\/matraxoyuncak.com\/ru\/wp-json\/wp\/v2\/product_brand?post=20556"},{"taxonomy":"product_cat","embeddable":true,"href":"https:\/\/matraxoyuncak.com\/ru\/wp-json\/wp\/v2\/product_cat?post=20556"},{"taxonomy":"product_tag","embeddable":true,"href":"https:\/\/matraxoyuncak.com\/ru\/wp-json\/wp\/v2\/product_tag?post=20556"}],"curies":[{"name":"wp","href":"https:\/\/api.w.org\/{rel}","templated":true}]}}