{"id":20532,"date":"2022-05-31T14:32:23","date_gmt":"2022-05-31T14:32:23","guid":{"rendered":"http:\/\/www.favorioyuncak.com\/?post_type=product&#038;p=20532"},"modified":"2023-10-03T10:26:14","modified_gmt":"2023-10-03T10:26:14","slug":"fileli-masa-tenisi","status":"publish","type":"product","link":"https:\/\/matraxoyuncak.com\/ru\/product\/fileli-masa-tenisi\/","title":{"rendered":"\u041d\u0430\u0441\u0442\u043e\u043b\u044c\u043d\u044b\u0439 \u0442\u0435\u043d\u043d\u0438\u0441 \u0441 \u0441\u0435\u0442\u043a\u043e\u0439"},"content":{"rendered":"<div class=\"block-title\">\u041e\u0441\u043e\u0431\u0435\u043d\u043d\u043e\u0441\u0442\u0438 \u043f\u0440\u043e\u0434\u0443\u043a\u0442\u0430<\/div>\n<div class=\"clear\"><\/div>\n<div class=\"toy-detail\">\n<div class=\"block\">\n<div class=\"text\">\u041a\u043e\u0434 \u043f\u0440\u043e\u0434\u0443\u043a\u0442\u0430<\/div>\n<div class=\"value\">433<\/div>\n<\/div>\n<div class=\"block\">\n<div class=\"text\">\u0428\u0442\u0440\u0438\u0445-\u043a\u043e\u0434<\/div>\n<div class=\"value\">8695295004332<\/div>\n<\/div>\n<div class=\"block\">\n<div class=\"text\">\u0420\u0430\u0437\u043c\u0435\u0440\u044b \u043f\u0440\u043e\u0434\u0443\u043a\u0442\u0430<\/div>\n<div class=\"value\">33 \u0445 33 \u0441\u043c.<\/div>\n<\/div>\n<div class=\"clear\"><\/div>\n<\/div>\n<div class=\"other-details\">\n<div class=\"title\">\u0414\u0440\u0443\u0433\u0430\u044f \u0438\u043d\u0444\u043e\u0440\u043c\u0430\u0446\u0438\u044f<\/div>\n<div class=\"desc\">\n<p>\u0424\u043e\u0440\u043c\u0430 \u0443\u043f\u0430\u043a\u043e\u0432\u043a\u0438: \u0431\u043b\u0438\u0441\u0442\u0435\u0440<\/p>\n<p>\u0420\u0430\u0437\u043c\u0435\u0440\u044b \u0443\u043f\u0430\u043a\u043e\u0432\u043a\u0438: 28,5 \u0445 19 \u0445 5 \u0441\u043c.<\/p>\n<p>\u041a\u043e\u043b\u0438\u0447\u0435\u0441\u0442\u0432\u043e \u0432 \u043a\u043e\u0440\u043e\u0431\u043a\u0435: 36<\/p>\n<p>\u0420\u0430\u0437\u043c\u0435\u0440\u044b \u043a\u043e\u0440\u043e\u0431\u043a\u0438: 58,5 \u0445 30 \u0445 45 \u0441\u043c.<\/p>\n<p>\u0412\u0435\u0441 \u043d\u0435\u0442\u0442\u043e \u043a\u043e\u0440\u043e\u0431\u043a\u0438: 18 780 \u0433\u0440.<\/p>\n<\/div>\n<\/div>","protected":false},"excerpt":{"rendered":"<p>MATRAX SPORT&#8217;un Fileli Masa Tenisi Seti ile s\u0131k\u0131c\u0131 anlar\u0131n\u0131za veda edin ve e\u011flenceli bir hobiye merhaba deyin! Bu set, bo\u015f zamanlar\u0131n\u0131z\u0131 aktif ve keyif dolu bir deneyime d\u00f6n\u00fc\u015ft\u00fcrecek. Arkada\u015flar\u0131n\u0131zla keyifli saatler ge\u00e7irmenin yan\u0131 s\u0131ra spor yapma f\u0131rsat\u0131 da sunuyor. Hem kendiniz i\u00e7in hem de arkada\u015flar\u0131n\u0131za m\u00fckemmel bir hediye se\u00e7ene\u011fi!<\/p>\n<p>Bu \u00f6zel tasarlanm\u0131\u015f set, oynamay\u0131 ve kavramay\u0131 kolayla\u015ft\u0131rmak i\u00e7in ergonomik plastik tutma yerleri ile donat\u0131lm\u0131\u015ft\u0131r. Ah\u015fap raketler, hafifli\u011fi ve kontrol\u00fc ile oyununuzu en \u00fcst seviyeye ta\u015f\u0131yacak. \u00dcr\u00fcn \u0130\u00e7eri\u011fi 2 Ah\u015fap Raket, 3 Plastik Pinpon Topu, 1 File ve 2 Masa Sabitleme Aparat\u0131 i\u00e7erir.<\/p>\n<p>MATRAX SPORT Fileli Masa Tenisi Seti ile hem e\u011flenin hem de sa\u011fl\u0131kl\u0131 bir ya\u015fam tarz\u0131n\u0131n keyfini \u00e7\u0131kar\u0131n. \u00dcr\u00fcn\u00fc kuru bir yerde saklamak, dayan\u0131kl\u0131l\u0131\u011f\u0131n\u0131 korumas\u0131 i\u00e7in \u00f6nerilen bir uygulamad\u0131r.<\/p>","protected":false},"featured_media":20533,"template":"","meta":[],"product_brand":[],"product_cat":[239],"product_tag":[241,240,242],"class_list":{"0":"post-20532","1":"product","2":"type-product","3":"status-publish","4":"has-post-thumbnail","6":"product_cat-matrax-sport","7":"product_tag-fileli-masa-tensi","8":"product_tag-masa-tenisi","9":"product_tag-pinpon","11":"first","12":"instock","13":"shipping-taxable","14":"product-type-simple"},"yoast_head":"<!-- This site is optimized with the Yoast SEO plugin v25.0 - https:\/\/yoast.com\/wordpress\/plugins\/seo\/ -->\n<title>Fileli Masa Tenisi - Matrax Oyuncak | Futbol, Ah\u015fap, Bilardo, E\u011fitici, Oyuncak \u00dcreticisi<\/title>\n<meta name=\"description\" content=\"Matrax Oyuncak, futbol, ah\u015fap, bilardo ve e\u011fitici oyuncaklar\u0131n \u00fcretimini T\u00fcrkiye&#039;de ger\u00e7ekle\u015ftiren ilk ve tek yerli firma olan Ak\u00e7i\u00e7ek Oyuncak&#039;\u0131n markas\u0131d\u0131r.\" \/>\n<meta name=\"robots\" content=\"index, follow, max-snippet:-1, max-image-preview:large, max-video-preview:-1\" \/>\n<link rel=\"canonical\" href=\"https:\/\/matraxoyuncak.com\/ru\/product\/fileli-masa-tenisi\/\" \/>\n<meta property=\"og:locale\" content=\"ru_RU\" \/>\n<meta property=\"og:type\" content=\"article\" \/>\n<meta property=\"og:title\" content=\"Fileli Masa Tenisi - Matrax Oyuncak | Futbol, Ah\u015fap, Bilardo, E\u011fitici, Oyuncak \u00dcreticisi\" \/>\n<meta property=\"og:description\" content=\"Matrax Oyuncak, futbol, ah\u015fap, bilardo ve e\u011fitici oyuncaklar\u0131n \u00fcretimini T\u00fcrkiye&#039;de ger\u00e7ekle\u015ftiren ilk ve tek yerli firma olan Ak\u00e7i\u00e7ek Oyuncak&#039;\u0131n markas\u0131d\u0131r.\" \/>\n<meta property=\"og:url\" content=\"https:\/\/matraxoyuncak.com\/ru\/product\/fileli-masa-tenisi\/\" \/>\n<meta property=\"og:site_name\" content=\"Matrax Oyuncak | Futbol, Ah\u015fap, Bilardo, E\u011fitici, Oyuncak \u00dcreticisi\" \/>\n<meta property=\"article:modified_time\" content=\"2023-10-03T10:26:14+00:00\" \/>\n<meta property=\"og:image\" content=\"https:\/\/matraxoyuncak.com\/wp-content\/uploads\/2022\/05\/5269433i.jpg\" \/>\n\t<meta property=\"og:image:width\" content=\"605\" \/>\n\t<meta property=\"og:image:height\" content=\"465\" \/>\n\t<meta property=\"og:image:type\" content=\"image\/jpeg\" \/>\n<meta name=\"twitter:card\" content=\"summary_large_image\" \/>\n<meta name=\"twitter:label1\" content=\"\u041f\u0440\u0438\u043c\u0435\u0440\u043d\u043e\u0435 \u0432\u0440\u0435\u043c\u044f \u0434\u043b\u044f \u0447\u0442\u0435\u043d\u0438\u044f\" \/>\n\t<meta name=\"twitter:data1\" content=\"1 \u043c\u0438\u043d\u0443\u0442\u0430\" \/>\n<script type=\"application\/ld+json\" class=\"yoast-schema-graph\">{\"@context\":\"https:\/\/schema.org\",\"@graph\":[{\"@type\":\"WebPage\",\"@id\":\"https:\/\/matraxoyuncak.com\/urun\/fileli-masa-tenisi\/\",\"url\":\"https:\/\/matraxoyuncak.com\/urun\/fileli-masa-tenisi\/\",\"name\":\"Fileli Masa Tenisi - Matrax Oyuncak | Futbol, Ah\u015fap, Bilardo, E\u011fitici, Oyuncak \u00dcreticisi\",\"isPartOf\":{\"@id\":\"https:\/\/matraxoyuncak.com\/#website\"},\"primaryImageOfPage\":{\"@id\":\"https:\/\/matraxoyuncak.com\/urun\/fileli-masa-tenisi\/#primaryimage\"},\"image\":{\"@id\":\"https:\/\/matraxoyuncak.com\/urun\/fileli-masa-tenisi\/#primaryimage\"},\"thumbnailUrl\":\"https:\/\/matraxoyuncak.com\/wp-content\/uploads\/2022\/05\/5269433i.jpg\",\"datePublished\":\"2022-05-31T14:32:23+00:00\",\"dateModified\":\"2023-10-03T10:26:14+00:00\",\"description\":\"Matrax Oyuncak, futbol, ah\u015fap, bilardo ve e\u011fitici oyuncaklar\u0131n \u00fcretimini T\u00fcrkiye'de ger\u00e7ekle\u015ftiren ilk ve tek yerli firma olan Ak\u00e7i\u00e7ek Oyuncak'\u0131n markas\u0131d\u0131r.\",\"breadcrumb\":{\"@id\":\"https:\/\/matraxoyuncak.com\/urun\/fileli-masa-tenisi\/#breadcrumb\"},\"inLanguage\":\"ru-RU\",\"potentialAction\":[{\"@type\":\"ReadAction\",\"target\":[\"https:\/\/matraxoyuncak.com\/urun\/fileli-masa-tenisi\/\"]}]},{\"@type\":\"ImageObject\",\"inLanguage\":\"ru-RU\",\"@id\":\"https:\/\/matraxoyuncak.com\/urun\/fileli-masa-tenisi\/#primaryimage\",\"url\":\"https:\/\/matraxoyuncak.com\/wp-content\/uploads\/2022\/05\/5269433i.jpg\",\"contentUrl\":\"https:\/\/matraxoyuncak.com\/wp-content\/uploads\/2022\/05\/5269433i.jpg\",\"width\":605,\"height\":465},{\"@type\":\"BreadcrumbList\",\"@id\":\"https:\/\/matraxoyuncak.com\/urun\/fileli-masa-tenisi\/#breadcrumb\",\"itemListElement\":[{\"@type\":\"ListItem\",\"position\":1,\"name\":\"Anasayfa\",\"item\":\"https:\/\/matraxoyuncak.com\/tr\/\"},{\"@type\":\"ListItem\",\"position\":2,\"name\":\"\u00dcr\u00fcnler\",\"item\":\"https:\/\/matraxoyuncak.com\/shop__trashed\/\"},{\"@type\":\"ListItem\",\"position\":3,\"name\":\"Fileli Masa Tenisi\"}]},{\"@type\":\"WebSite\",\"@id\":\"https:\/\/matraxoyuncak.com\/#website\",\"url\":\"https:\/\/matraxoyuncak.com\/\",\"name\":\"Matrax Oyuncak | Futbol, Ah\u015fap, Bilardo, E\u011fitici, Oyuncak \u00dcreticisi\",\"description\":\"Matrax Oyuncak, futbol, ah\u015fap, bilardo ve e\u011fitici oyuncaklar\u0131n \u00fcretimini T\u00fcrkiye&#039;de ger\u00e7ekle\u015ftiren ilk ve tek yerli firma olan Ak\u00e7i\u00e7ek Oyuncak&#039;\u0131n markas\u0131d\u0131r.\",\"publisher\":{\"@id\":\"https:\/\/matraxoyuncak.com\/#organization\"},\"potentialAction\":[{\"@type\":\"SearchAction\",\"target\":{\"@type\":\"EntryPoint\",\"urlTemplate\":\"https:\/\/matraxoyuncak.com\/?s={search_term_string}\"},\"query-input\":{\"@type\":\"PropertyValueSpecification\",\"valueRequired\":true,\"valueName\":\"search_term_string\"}}],\"inLanguage\":\"ru-RU\"},{\"@type\":\"Organization\",\"@id\":\"https:\/\/matraxoyuncak.com\/#organization\",\"name\":\"Matrax Oyuncak\",\"url\":\"https:\/\/matraxoyuncak.com\/\",\"logo\":{\"@type\":\"ImageObject\",\"inLanguage\":\"ru-RU\",\"@id\":\"https:\/\/matraxoyuncak.com\/#\/schema\/logo\/image\/\",\"url\":\"https:\/\/matraxoyuncak.com\/wp-content\/uploads\/2022\/05\/matrax-logo.png\",\"contentUrl\":\"https:\/\/matraxoyuncak.com\/wp-content\/uploads\/2022\/05\/matrax-logo.png\",\"width\":228,\"height\":91,\"caption\":\"Matrax Oyuncak\"},\"image\":{\"@id\":\"https:\/\/matraxoyuncak.com\/#\/schema\/logo\/image\/\"}}]}<\/script>\n<!-- \/ Yoast SEO plugin. -->","yoast_head_json":{"title":"Fileli Masa Tenisi - Matrax Oyuncak | Futbol, Ah\u015fap, Bilardo, E\u011fitici, Oyuncak \u00dcreticisi","description":"Matrax Oyuncak, futbol, ah\u015fap, bilardo ve e\u011fitici oyuncaklar\u0131n \u00fcretimini T\u00fcrkiye'de ger\u00e7ekle\u015ftiren ilk ve tek yerli firma olan Ak\u00e7i\u00e7ek Oyuncak'\u0131n markas\u0131d\u0131r.","robots":{"index":"index","follow":"follow","max-snippet":"max-snippet:-1","max-image-preview":"max-image-preview:large","max-video-preview":"max-video-preview:-1"},"canonical":"https:\/\/matraxoyuncak.com\/ru\/product\/fileli-masa-tenisi\/","og_locale":"ru_RU","og_type":"article","og_title":"Fileli Masa Tenisi - Matrax Oyuncak | Futbol, Ah\u015fap, Bilardo, E\u011fitici, Oyuncak \u00dcreticisi","og_description":"Matrax Oyuncak, futbol, ah\u015fap, bilardo ve e\u011fitici oyuncaklar\u0131n \u00fcretimini T\u00fcrkiye'de ger\u00e7ekle\u015ftiren ilk ve tek yerli firma olan Ak\u00e7i\u00e7ek Oyuncak'\u0131n markas\u0131d\u0131r.","og_url":"https:\/\/matraxoyuncak.com\/ru\/product\/fileli-masa-tenisi\/","og_site_name":"Matrax Oyuncak | Futbol, Ah\u015fap, Bilardo, E\u011fitici, Oyuncak \u00dcreticisi","article_modified_time":"2023-10-03T10:26:14+00:00","og_image":[{"width":605,"height":465,"url":"https:\/\/matraxoyuncak.com\/wp-content\/uploads\/2022\/05\/5269433i.jpg","type":"image\/jpeg"}],"twitter_card":"summary_large_image","twitter_misc":{"\u041f\u0440\u0438\u043c\u0435\u0440\u043d\u043e\u0435 \u0432\u0440\u0435\u043c\u044f \u0434\u043b\u044f \u0447\u0442\u0435\u043d\u0438\u044f":"1 \u043c\u0438\u043d\u0443\u0442\u0430"},"schema":{"@context":"https:\/\/schema.org","@graph":[{"@type":"WebPage","@id":"https:\/\/matraxoyuncak.com\/urun\/fileli-masa-tenisi\/","url":"https:\/\/matraxoyuncak.com\/urun\/fileli-masa-tenisi\/","name":"Fileli Masa Tenisi - Matrax Oyuncak | Futbol, Ah\u015fap, Bilardo, E\u011fitici, Oyuncak \u00dcreticisi","isPartOf":{"@id":"https:\/\/matraxoyuncak.com\/#website"},"primaryImageOfPage":{"@id":"https:\/\/matraxoyuncak.com\/urun\/fileli-masa-tenisi\/#primaryimage"},"image":{"@id":"https:\/\/matraxoyuncak.com\/urun\/fileli-masa-tenisi\/#primaryimage"},"thumbnailUrl":"https:\/\/matraxoyuncak.com\/wp-content\/uploads\/2022\/05\/5269433i.jpg","datePublished":"2022-05-31T14:32:23+00:00","dateModified":"2023-10-03T10:26:14+00:00","description":"Matrax Oyuncak, futbol, ah\u015fap, bilardo ve e\u011fitici oyuncaklar\u0131n \u00fcretimini T\u00fcrkiye'de ger\u00e7ekle\u015ftiren ilk ve tek yerli firma olan Ak\u00e7i\u00e7ek Oyuncak'\u0131n markas\u0131d\u0131r.","breadcrumb":{"@id":"https:\/\/matraxoyuncak.com\/urun\/fileli-masa-tenisi\/#breadcrumb"},"inLanguage":"ru-RU","potentialAction":[{"@type":"ReadAction","target":["https:\/\/matraxoyuncak.com\/urun\/fileli-masa-tenisi\/"]}]},{"@type":"ImageObject","inLanguage":"ru-RU","@id":"https:\/\/matraxoyuncak.com\/urun\/fileli-masa-tenisi\/#primaryimage","url":"https:\/\/matraxoyuncak.com\/wp-content\/uploads\/2022\/05\/5269433i.jpg","contentUrl":"https:\/\/matraxoyuncak.com\/wp-content\/uploads\/2022\/05\/5269433i.jpg","width":605,"height":465},{"@type":"BreadcrumbList","@id":"https:\/\/matraxoyuncak.com\/urun\/fileli-masa-tenisi\/#breadcrumb","itemListElement":[{"@type":"ListItem","position":1,"name":"Anasayfa","item":"https:\/\/matraxoyuncak.com\/tr\/"},{"@type":"ListItem","position":2,"name":"\u00dcr\u00fcnler","item":"https:\/\/matraxoyuncak.com\/shop__trashed\/"},{"@type":"ListItem","position":3,"name":"Fileli Masa Tenisi"}]},{"@type":"WebSite","@id":"https:\/\/matraxoyuncak.com\/#website","url":"https:\/\/matraxoyuncak.com\/","name":"Matrax Oyuncak | Futbol, Ah\u015fap, Bilardo, E\u011fitici, Oyuncak \u00dcreticisi","description":"Matrax Oyuncak, futbol, ah\u015fap, bilardo ve e\u011fitici oyuncaklar\u0131n \u00fcretimini T\u00fcrkiye&#039;de ger\u00e7ekle\u015ftiren ilk ve tek yerli firma olan Ak\u00e7i\u00e7ek Oyuncak&#039;\u0131n markas\u0131d\u0131r.","publisher":{"@id":"https:\/\/matraxoyuncak.com\/#organization"},"potentialAction":[{"@type":"SearchAction","target":{"@type":"EntryPoint","urlTemplate":"https:\/\/matraxoyuncak.com\/?s={search_term_string}"},"query-input":{"@type":"PropertyValueSpecification","valueRequired":true,"valueName":"search_term_string"}}],"inLanguage":"ru-RU"},{"@type":"Organization","@id":"https:\/\/matraxoyuncak.com\/#organization","name":"Matrax Oyuncak","url":"https:\/\/matraxoyuncak.com\/","logo":{"@type":"ImageObject","inLanguage":"ru-RU","@id":"https:\/\/matraxoyuncak.com\/#\/schema\/logo\/image\/","url":"https:\/\/matraxoyuncak.com\/wp-content\/uploads\/2022\/05\/matrax-logo.png","contentUrl":"https:\/\/matraxoyuncak.com\/wp-content\/uploads\/2022\/05\/matrax-logo.png","width":228,"height":91,"caption":"Matrax Oyuncak"},"image":{"@id":"https:\/\/matraxoyuncak.com\/#\/schema\/logo\/image\/"}}]}},"_links":{"self":[{"href":"https:\/\/matraxoyuncak.com\/ru\/wp-json\/wp\/v2\/product\/20532","targetHints":{"allow":["GET"]}}],"collection":[{"href":"https:\/\/matraxoyuncak.com\/ru\/wp-json\/wp\/v2\/product"}],"about":[{"href":"https:\/\/matraxoyuncak.com\/ru\/wp-json\/wp\/v2\/types\/product"}],"wp:featuredmedia":[{"embeddable":true,"href":"https:\/\/matraxoyuncak.com\/ru\/wp-json\/wp\/v2\/media\/20533"}],"wp:attachment":[{"href":"https:\/\/matraxoyuncak.com\/ru\/wp-json\/wp\/v2\/media?parent=20532"}],"wp:term":[{"taxonomy":"product_brand","embeddable":true,"href":"https:\/\/matraxoyuncak.com\/ru\/wp-json\/wp\/v2\/product_brand?post=20532"},{"taxonomy":"product_cat","embeddable":true,"href":"https:\/\/matraxoyuncak.com\/ru\/wp-json\/wp\/v2\/product_cat?post=20532"},{"taxonomy":"product_tag","embeddable":true,"href":"https:\/\/matraxoyuncak.com\/ru\/wp-json\/wp\/v2\/product_tag?post=20532"}],"curies":[{"name":"wp","href":"https:\/\/api.w.org\/{rel}","templated":true}]}}