{"id":20998,"date":"2022-06-02T22:37:20","date_gmt":"2022-06-02T22:37:20","guid":{"rendered":"http:\/\/www.favorioyuncak.com\/?post_type=product&#038;p=20998"},"modified":"2025-05-23T12:08:01","modified_gmt":"2025-05-23T12:08:01","slug":"portatif-kale-pota","status":"publish","type":"product","link":"https:\/\/matraxoyuncak.com\/fr\/produit\/portatif-kale-pota\/","title":{"rendered":"Forteresse et creuset portables"},"content":{"rendered":"<div class=\"toy-detail\">\n<div class=\"block\">\n<div class=\"text\"><strong>code \u00e0 barre<\/strong><\/div>\n<div class=\"value\">8695295002246<\/div>\n<\/div>\n<div class=\"block\">\n<div class=\"text\"><strong>dimensions du produit<\/strong><\/div>\n<div class=\"value\">37,5 x 61,5 x 126,5 cm<\/div>\n<\/div>\n<div class=\"clear\"><\/div>\n<\/div>\n<div class=\"other-details\">\n<div class=\"title\"><strong>Autres renseignements<\/strong><\/div>\n<div class=\"desc\">\n<p>Forme de l&#039;emballage\u00a0: bo\u00eete en carton<\/p>\n<p>Dimensions du colis : 57 x 24 x 13 cm.<\/p>\n<p>Dimensions du produit : Largeur : 37,5 cm. Hauteur : 61,5 cm. haute : 126,5 cm (apr\u00e8s installation) + 1 pi\u00e8ces. 13cm. Diam\u00e8tre HAUT<\/p>\n<p>Quantit\u00e9 dans la bo\u00eete : 12<\/p>\n<p>Dimensions de la bo\u00eete : 43 x 75 x 58,5 cm.<\/p>\n<p>Poids net de la bo\u00eete : 11 340 gr.<\/p>\n<\/div>\n<\/div>","protected":false},"excerpt":{"rendered":"<p data-start=\"94\" data-end=\"348\"><strong data-start=\"94\" data-end=\"140\">2&#8217;si 1 Arada Portatif Kale &amp; Pota Oyunca\u011f\u0131<\/strong>, \u00e7ocuklara hem futbol hem de basketbol keyfini bir arada sunar. Spor tutkusu olan minikler i\u00e7in \u00f6zel olarak tasarlanan bu set, evde veya a\u00e7\u0131k alanlarda e\u011flenceli vakit ge\u00e7irmek i\u00e7in m\u00fckemmel bir tercihtir.<\/p>\n<p data-start=\"350\" data-end=\"587\">Kale ve potay\u0131 ayn\u0131 yap\u0131da birle\u015ftiren bu pratik oyuncakta, <strong data-start=\"410\" data-end=\"428\">el \u00f6rg\u00fcs\u00fc file<\/strong> ve <strong data-start=\"432\" data-end=\"453\">1. kalite malzeme<\/strong> kullan\u0131lm\u0131\u015ft\u0131r. T\u00fcm \u00fcr\u00fcnlerimizde oldu\u011fu gibi, bu \u00fcr\u00fcn de <strong data-start=\"512\" data-end=\"569\">\u00e7ocuk sa\u011fl\u0131\u011f\u0131na uygun hammadde ve toksik olmayan boya<\/strong> ile \u00fcretilmi\u015ftir.<\/p>","protected":false},"featured_media":21634,"template":"","meta":[],"product_brand":[],"product_cat":[236],"product_tag":[],"class_list":{"0":"post-20998","1":"product","2":"type-product","3":"status-publish","4":"has-post-thumbnail","6":"product_cat-ic-dis-mekan-oyuncaklari","8":"first","9":"instock","10":"shipping-taxable","11":"product-type-simple"},"yoast_head":"<!-- This site is optimized with the Yoast SEO plugin v25.0 - https:\/\/yoast.com\/wordpress\/plugins\/seo\/ -->\n<title>Portatif Kale &amp; Pota - Matrax Oyuncak | Futbol, Ah\u015fap, Bilardo, E\u011fitici, Oyuncak \u00dcreticisi<\/title>\n<meta name=\"description\" content=\"2&#039;si 1 Arada Portatif Kale &amp; Pota Oyunca\u011f\u0131 ile \u00e7ocuklar futbol ve basketbol keyfini bir arada ya\u015fas\u0131n. Sa\u011fl\u0131kl\u0131, kaliteli ve e\u011flenceli spor oyunca\u011f\u0131!\" \/>\n<meta name=\"robots\" content=\"index, follow, max-snippet:-1, max-image-preview:large, max-video-preview:-1\" \/>\n<link rel=\"canonical\" href=\"https:\/\/matraxoyuncak.com\/fr\/produit\/portatif-kale-pota\/\" \/>\n<meta property=\"og:locale\" content=\"fr_FR\" \/>\n<meta property=\"og:type\" content=\"article\" \/>\n<meta property=\"og:title\" content=\"Portatif Kale &amp; Pota - Matrax Oyuncak | Futbol, Ah\u015fap, Bilardo, E\u011fitici, Oyuncak \u00dcreticisi\" \/>\n<meta property=\"og:description\" content=\"2&#039;si 1 Arada Portatif Kale &amp; Pota Oyunca\u011f\u0131 ile \u00e7ocuklar futbol ve basketbol keyfini bir arada ya\u015fas\u0131n. Sa\u011fl\u0131kl\u0131, kaliteli ve e\u011flenceli spor oyunca\u011f\u0131!\" \/>\n<meta property=\"og:url\" content=\"https:\/\/matraxoyuncak.com\/fr\/produit\/portatif-kale-pota\/\" \/>\n<meta property=\"og:site_name\" content=\"Matrax Oyuncak | Futbol, Ah\u015fap, Bilardo, E\u011fitici, Oyuncak \u00dcreticisi\" \/>\n<meta property=\"article:modified_time\" content=\"2025-05-23T12:08:01+00:00\" \/>\n<meta property=\"og:image\" content=\"https:\/\/matraxoyuncak.com\/wp-content\/uploads\/2022\/06\/image00042.jpeg\" \/>\n\t<meta property=\"og:image:width\" content=\"1800\" \/>\n\t<meta property=\"og:image:height\" content=\"2400\" \/>\n\t<meta property=\"og:image:type\" content=\"image\/jpeg\" \/>\n<meta name=\"twitter:card\" content=\"summary_large_image\" \/>\n<meta name=\"twitter:label1\" content=\"Dur\u00e9e de lecture estim\u00e9e\" \/>\n\t<meta name=\"twitter:data1\" content=\"1 minute\" \/>\n<script type=\"application\/ld+json\" class=\"yoast-schema-graph\">{\"@context\":\"https:\/\/schema.org\",\"@graph\":[{\"@type\":\"WebPage\",\"@id\":\"https:\/\/matraxoyuncak.com\/urun\/portatif-kale-pota\/\",\"url\":\"https:\/\/matraxoyuncak.com\/urun\/portatif-kale-pota\/\",\"name\":\"Portatif Kale &amp; Pota - Matrax Oyuncak | Futbol, Ah\u015fap, Bilardo, E\u011fitici, Oyuncak \u00dcreticisi\",\"isPartOf\":{\"@id\":\"https:\/\/matraxoyuncak.com\/#website\"},\"primaryImageOfPage\":{\"@id\":\"https:\/\/matraxoyuncak.com\/urun\/portatif-kale-pota\/#primaryimage\"},\"image\":{\"@id\":\"https:\/\/matraxoyuncak.com\/urun\/portatif-kale-pota\/#primaryimage\"},\"thumbnailUrl\":\"https:\/\/matraxoyuncak.com\/wp-content\/uploads\/2022\/06\/image00042.jpeg\",\"datePublished\":\"2022-06-02T22:37:20+00:00\",\"dateModified\":\"2025-05-23T12:08:01+00:00\",\"description\":\"2'si 1 Arada Portatif Kale & Pota Oyunca\u011f\u0131 ile \u00e7ocuklar futbol ve basketbol keyfini bir arada ya\u015fas\u0131n. Sa\u011fl\u0131kl\u0131, kaliteli ve e\u011flenceli spor oyunca\u011f\u0131!\",\"breadcrumb\":{\"@id\":\"https:\/\/matraxoyuncak.com\/urun\/portatif-kale-pota\/#breadcrumb\"},\"inLanguage\":\"fr-FR\",\"potentialAction\":[{\"@type\":\"ReadAction\",\"target\":[\"https:\/\/matraxoyuncak.com\/urun\/portatif-kale-pota\/\"]}]},{\"@type\":\"ImageObject\",\"inLanguage\":\"fr-FR\",\"@id\":\"https:\/\/matraxoyuncak.com\/urun\/portatif-kale-pota\/#primaryimage\",\"url\":\"https:\/\/matraxoyuncak.com\/wp-content\/uploads\/2022\/06\/image00042.jpeg\",\"contentUrl\":\"https:\/\/matraxoyuncak.com\/wp-content\/uploads\/2022\/06\/image00042.jpeg\",\"width\":1800,\"height\":2400},{\"@type\":\"BreadcrumbList\",\"@id\":\"https:\/\/matraxoyuncak.com\/urun\/portatif-kale-pota\/#breadcrumb\",\"itemListElement\":[{\"@type\":\"ListItem\",\"position\":1,\"name\":\"Anasayfa\",\"item\":\"https:\/\/matraxoyuncak.com\/tr\/\"},{\"@type\":\"ListItem\",\"position\":2,\"name\":\"\u00dcr\u00fcnler\",\"item\":\"https:\/\/matraxoyuncak.com\/shop__trashed\/\"},{\"@type\":\"ListItem\",\"position\":3,\"name\":\"Portatif Kale &amp; Pota\"}]},{\"@type\":\"WebSite\",\"@id\":\"https:\/\/matraxoyuncak.com\/#website\",\"url\":\"https:\/\/matraxoyuncak.com\/\",\"name\":\"Matrax Oyuncak | Futbol, Ah\u015fap, Bilardo, E\u011fitici, Oyuncak \u00dcreticisi\",\"description\":\"Matrax Oyuncak, futbol, ah\u015fap, bilardo ve e\u011fitici oyuncaklar\u0131n \u00fcretimini T\u00fcrkiye&#039;de ger\u00e7ekle\u015ftiren ilk ve tek yerli firma olan Ak\u00e7i\u00e7ek Oyuncak&#039;\u0131n markas\u0131d\u0131r.\",\"publisher\":{\"@id\":\"https:\/\/matraxoyuncak.com\/#organization\"},\"potentialAction\":[{\"@type\":\"SearchAction\",\"target\":{\"@type\":\"EntryPoint\",\"urlTemplate\":\"https:\/\/matraxoyuncak.com\/?s={search_term_string}\"},\"query-input\":{\"@type\":\"PropertyValueSpecification\",\"valueRequired\":true,\"valueName\":\"search_term_string\"}}],\"inLanguage\":\"fr-FR\"},{\"@type\":\"Organization\",\"@id\":\"https:\/\/matraxoyuncak.com\/#organization\",\"name\":\"Matrax Oyuncak\",\"url\":\"https:\/\/matraxoyuncak.com\/\",\"logo\":{\"@type\":\"ImageObject\",\"inLanguage\":\"fr-FR\",\"@id\":\"https:\/\/matraxoyuncak.com\/#\/schema\/logo\/image\/\",\"url\":\"https:\/\/matraxoyuncak.com\/wp-content\/uploads\/2022\/05\/matrax-logo.png\",\"contentUrl\":\"https:\/\/matraxoyuncak.com\/wp-content\/uploads\/2022\/05\/matrax-logo.png\",\"width\":228,\"height\":91,\"caption\":\"Matrax Oyuncak\"},\"image\":{\"@id\":\"https:\/\/matraxoyuncak.com\/#\/schema\/logo\/image\/\"}}]}<\/script>\n<!-- \/ Yoast SEO plugin. -->","yoast_head_json":{"title":"Portatif Kale &amp; Pota - Matrax Oyuncak | Futbol, Ah\u015fap, Bilardo, E\u011fitici, Oyuncak \u00dcreticisi","description":"2'si 1 Arada Portatif Kale & Pota Oyunca\u011f\u0131 ile \u00e7ocuklar futbol ve basketbol keyfini bir arada ya\u015fas\u0131n. Sa\u011fl\u0131kl\u0131, kaliteli ve e\u011flenceli spor oyunca\u011f\u0131!","robots":{"index":"index","follow":"follow","max-snippet":"max-snippet:-1","max-image-preview":"max-image-preview:large","max-video-preview":"max-video-preview:-1"},"canonical":"https:\/\/matraxoyuncak.com\/fr\/produit\/portatif-kale-pota\/","og_locale":"fr_FR","og_type":"article","og_title":"Portatif Kale &amp; Pota - Matrax Oyuncak | Futbol, Ah\u015fap, Bilardo, E\u011fitici, Oyuncak \u00dcreticisi","og_description":"2'si 1 Arada Portatif Kale & Pota Oyunca\u011f\u0131 ile \u00e7ocuklar futbol ve basketbol keyfini bir arada ya\u015fas\u0131n. Sa\u011fl\u0131kl\u0131, kaliteli ve e\u011flenceli spor oyunca\u011f\u0131!","og_url":"https:\/\/matraxoyuncak.com\/fr\/produit\/portatif-kale-pota\/","og_site_name":"Matrax Oyuncak | Futbol, Ah\u015fap, Bilardo, E\u011fitici, Oyuncak \u00dcreticisi","article_modified_time":"2025-05-23T12:08:01+00:00","og_image":[{"width":1800,"height":2400,"url":"https:\/\/matraxoyuncak.com\/wp-content\/uploads\/2022\/06\/image00042.jpeg","type":"image\/jpeg"}],"twitter_card":"summary_large_image","twitter_misc":{"Dur\u00e9e de lecture estim\u00e9e":"1 minute"},"schema":{"@context":"https:\/\/schema.org","@graph":[{"@type":"WebPage","@id":"https:\/\/matraxoyuncak.com\/urun\/portatif-kale-pota\/","url":"https:\/\/matraxoyuncak.com\/urun\/portatif-kale-pota\/","name":"Portatif Kale &amp; Pota - Matrax Oyuncak | Futbol, Ah\u015fap, Bilardo, E\u011fitici, Oyuncak \u00dcreticisi","isPartOf":{"@id":"https:\/\/matraxoyuncak.com\/#website"},"primaryImageOfPage":{"@id":"https:\/\/matraxoyuncak.com\/urun\/portatif-kale-pota\/#primaryimage"},"image":{"@id":"https:\/\/matraxoyuncak.com\/urun\/portatif-kale-pota\/#primaryimage"},"thumbnailUrl":"https:\/\/matraxoyuncak.com\/wp-content\/uploads\/2022\/06\/image00042.jpeg","datePublished":"2022-06-02T22:37:20+00:00","dateModified":"2025-05-23T12:08:01+00:00","description":"2'si 1 Arada Portatif Kale & Pota Oyunca\u011f\u0131 ile \u00e7ocuklar futbol ve basketbol keyfini bir arada ya\u015fas\u0131n. Sa\u011fl\u0131kl\u0131, kaliteli ve e\u011flenceli spor oyunca\u011f\u0131!","breadcrumb":{"@id":"https:\/\/matraxoyuncak.com\/urun\/portatif-kale-pota\/#breadcrumb"},"inLanguage":"fr-FR","potentialAction":[{"@type":"ReadAction","target":["https:\/\/matraxoyuncak.com\/urun\/portatif-kale-pota\/"]}]},{"@type":"ImageObject","inLanguage":"fr-FR","@id":"https:\/\/matraxoyuncak.com\/urun\/portatif-kale-pota\/#primaryimage","url":"https:\/\/matraxoyuncak.com\/wp-content\/uploads\/2022\/06\/image00042.jpeg","contentUrl":"https:\/\/matraxoyuncak.com\/wp-content\/uploads\/2022\/06\/image00042.jpeg","width":1800,"height":2400},{"@type":"BreadcrumbList","@id":"https:\/\/matraxoyuncak.com\/urun\/portatif-kale-pota\/#breadcrumb","itemListElement":[{"@type":"ListItem","position":1,"name":"Anasayfa","item":"https:\/\/matraxoyuncak.com\/tr\/"},{"@type":"ListItem","position":2,"name":"\u00dcr\u00fcnler","item":"https:\/\/matraxoyuncak.com\/shop__trashed\/"},{"@type":"ListItem","position":3,"name":"Portatif Kale &amp; Pota"}]},{"@type":"WebSite","@id":"https:\/\/matraxoyuncak.com\/#website","url":"https:\/\/matraxoyuncak.com\/","name":"Matrax Oyuncak | Futbol, Ah\u015fap, Bilardo, E\u011fitici, Oyuncak \u00dcreticisi","description":"Matrax Oyuncak, futbol, ah\u015fap, bilardo ve e\u011fitici oyuncaklar\u0131n \u00fcretimini T\u00fcrkiye&#039;de ger\u00e7ekle\u015ftiren ilk ve tek yerli firma olan Ak\u00e7i\u00e7ek Oyuncak&#039;\u0131n markas\u0131d\u0131r.","publisher":{"@id":"https:\/\/matraxoyuncak.com\/#organization"},"potentialAction":[{"@type":"SearchAction","target":{"@type":"EntryPoint","urlTemplate":"https:\/\/matraxoyuncak.com\/?s={search_term_string}"},"query-input":{"@type":"PropertyValueSpecification","valueRequired":true,"valueName":"search_term_string"}}],"inLanguage":"fr-FR"},{"@type":"Organization","@id":"https:\/\/matraxoyuncak.com\/#organization","name":"Matrax Oyuncak","url":"https:\/\/matraxoyuncak.com\/","logo":{"@type":"ImageObject","inLanguage":"fr-FR","@id":"https:\/\/matraxoyuncak.com\/#\/schema\/logo\/image\/","url":"https:\/\/matraxoyuncak.com\/wp-content\/uploads\/2022\/05\/matrax-logo.png","contentUrl":"https:\/\/matraxoyuncak.com\/wp-content\/uploads\/2022\/05\/matrax-logo.png","width":228,"height":91,"caption":"Matrax Oyuncak"},"image":{"@id":"https:\/\/matraxoyuncak.com\/#\/schema\/logo\/image\/"}}]}},"_links":{"self":[{"href":"https:\/\/matraxoyuncak.com\/fr\/wp-json\/wp\/v2\/product\/20998","targetHints":{"allow":["GET"]}}],"collection":[{"href":"https:\/\/matraxoyuncak.com\/fr\/wp-json\/wp\/v2\/product"}],"about":[{"href":"https:\/\/matraxoyuncak.com\/fr\/wp-json\/wp\/v2\/types\/product"}],"wp:featuredmedia":[{"embeddable":true,"href":"https:\/\/matraxoyuncak.com\/fr\/wp-json\/wp\/v2\/media\/21634"}],"wp:attachment":[{"href":"https:\/\/matraxoyuncak.com\/fr\/wp-json\/wp\/v2\/media?parent=20998"}],"wp:term":[{"taxonomy":"product_brand","embeddable":true,"href":"https:\/\/matraxoyuncak.com\/fr\/wp-json\/wp\/v2\/product_brand?post=20998"},{"taxonomy":"product_cat","embeddable":true,"href":"https:\/\/matraxoyuncak.com\/fr\/wp-json\/wp\/v2\/product_cat?post=20998"},{"taxonomy":"product_tag","embeddable":true,"href":"https:\/\/matraxoyuncak.com\/fr\/wp-json\/wp\/v2\/product_tag?post=20998"}],"curies":[{"name":"wp","href":"https:\/\/api.w.org\/{rel}","templated":true}]}}