{"id":20830,"date":"2022-06-02T21:11:39","date_gmt":"2022-06-02T21:11:39","guid":{"rendered":"http:\/\/www.favorioyuncak.com\/?post_type=product&#038;p=20830"},"modified":"2022-07-31T12:34:48","modified_gmt":"2022-07-31T12:34:48","slug":"crazy-egitici-blok-oyunu-1000-parca","status":"publish","type":"product","link":"https:\/\/matraxoyuncak.com\/fr\/produit\/crazy-egitici-blok-oyunu-1000-parca\/","title":{"rendered":"Jeu de bloc \u00e9ducatif fou 1000 pi\u00e8ces"},"content":{"rendered":"<div class=\"toy-detail\">\n<div class=\"block\">\n<div class=\"text\"><strong>code \u00e0 barre<\/strong><\/div>\n<div class=\"value\">8695295001744<\/div>\n<\/div>\n<div class=\"block\">\n<div class=\"text\"><strong>dimensions du produit<\/strong><\/div>\n<div class=\"value\">40 x 28 x 18 cm<\/div>\n<\/div>\n<div class=\"clear\"><\/div>\n<\/div>\n<div class=\"other-details\">\n<div class=\"title\"><strong>Autres renseignements<\/strong><\/div>\n<div class=\"desc\">\n<p>Forme de l&#039;emballage\u00a0: dans un r\u00e9cipient en plastique<\/p>\n<p>Dimensions du colis : 40 x 28 x 18 cm<\/p>\n<p>Quantit\u00e9 dans la bo\u00eete : 8<\/p>\n<p>Dimensions de la bo\u00eete : 44 x 75 x 53,5 cm.<\/p>\n<p>Poids net de la bo\u00eete : 37 540 gr.<\/p>\n<\/div>\n<\/div>","protected":false},"excerpt":{"rendered":"<p>CRAZY est un jouet \u00e9ducatif innovant. C&#039;est un jouet beaucoup plus fonctionnel et \u00e9ducatif par rapport aux jouets de construction standard avec sa g\u00e9om\u00e9trie unique et ses nombreuses zones d&#039;utilisation et sa structure flexible dans la m\u00eame pi\u00e8ce. En m\u00eame temps, nos enfants peuvent construire des formes droites ou des formes courbes et tridimensionnelles. Comme les autres membres de notre famille de jouets \u00e9ducatifs, CRAZY est un jouet unique et totalement sain. Ce produit, qui soutient le d\u00e9veloppement de l&#039;enfant, est \u00e9galement pr\u00e9f\u00e9r\u00e9 dans les \u00e9tablissements d&#039;enseignement tels que la maternelle, la maternelle, l&#039;\u00e9cole primaire. Fou dans une bo\u00eete de rangement en plastique de 1000 pi\u00e8ces dans tous les magasins s\u00e9lectionn\u00e9s.<\/p>","protected":false},"featured_media":20831,"template":"","meta":[],"product_brand":[],"product_cat":[235],"product_tag":[],"class_list":{"0":"post-20830","1":"product","2":"type-product","3":"status-publish","4":"has-post-thumbnail","6":"product_cat-egitici-oyuncaklar","8":"first","9":"instock","10":"shipping-taxable","11":"product-type-simple"},"yoast_head":"<!-- This site is optimized with the Yoast SEO plugin v25.0 - https:\/\/yoast.com\/wordpress\/plugins\/seo\/ -->\n<title>Crazy E\u011fitici Blok Oyunu 1000 Par\u00e7a - Matrax Oyuncak | Futbol, Ah\u015fap, Bilardo, E\u011fitici, Oyuncak \u00dcreticisi<\/title>\n<meta name=\"description\" content=\"Matrax Oyuncak, futbol, ah\u015fap, bilardo ve e\u011fitici oyuncaklar\u0131n \u00fcretimini T\u00fcrkiye&#039;de ger\u00e7ekle\u015ftiren ilk ve tek yerli firma olan Ak\u00e7i\u00e7ek Oyuncak&#039;\u0131n markas\u0131d\u0131r.\" \/>\n<meta name=\"robots\" content=\"index, follow, max-snippet:-1, max-image-preview:large, max-video-preview:-1\" \/>\n<link rel=\"canonical\" href=\"https:\/\/matraxoyuncak.com\/fr\/produit\/crazy-egitici-blok-oyunu-1000-parca\/\" \/>\n<meta property=\"og:locale\" content=\"fr_FR\" \/>\n<meta property=\"og:type\" content=\"article\" \/>\n<meta property=\"og:title\" content=\"Crazy E\u011fitici Blok Oyunu 1000 Par\u00e7a - Matrax Oyuncak | Futbol, Ah\u015fap, Bilardo, E\u011fitici, Oyuncak \u00dcreticisi\" \/>\n<meta property=\"og:description\" content=\"Matrax Oyuncak, futbol, ah\u015fap, bilardo ve e\u011fitici oyuncaklar\u0131n \u00fcretimini T\u00fcrkiye&#039;de ger\u00e7ekle\u015ftiren ilk ve tek yerli firma olan Ak\u00e7i\u00e7ek Oyuncak&#039;\u0131n markas\u0131d\u0131r.\" \/>\n<meta property=\"og:url\" content=\"https:\/\/matraxoyuncak.com\/fr\/produit\/crazy-egitici-blok-oyunu-1000-parca\/\" \/>\n<meta property=\"og:site_name\" content=\"Matrax Oyuncak | Futbol, Ah\u015fap, Bilardo, E\u011fitici, Oyuncak \u00dcreticisi\" \/>\n<meta property=\"article:modified_time\" content=\"2022-07-31T12:34:48+00:00\" \/>\n<meta property=\"og:image\" content=\"https:\/\/matraxoyuncak.com\/wp-content\/uploads\/2022\/06\/7496174K.jpg\" \/>\n\t<meta property=\"og:image:width\" content=\"605\" \/>\n\t<meta property=\"og:image:height\" content=\"465\" \/>\n\t<meta property=\"og:image:type\" content=\"image\/jpeg\" \/>\n<meta name=\"twitter:card\" content=\"summary_large_image\" \/>\n<script type=\"application\/ld+json\" class=\"yoast-schema-graph\">{\"@context\":\"https:\/\/schema.org\",\"@graph\":[{\"@type\":\"WebPage\",\"@id\":\"https:\/\/matraxoyuncak.com\/urun\/crazy-egitici-blok-oyunu-1000-parca\/\",\"url\":\"https:\/\/matraxoyuncak.com\/urun\/crazy-egitici-blok-oyunu-1000-parca\/\",\"name\":\"Crazy E\u011fitici Blok Oyunu 1000 Par\u00e7a - Matrax Oyuncak | Futbol, Ah\u015fap, Bilardo, E\u011fitici, Oyuncak \u00dcreticisi\",\"isPartOf\":{\"@id\":\"https:\/\/matraxoyuncak.com\/#website\"},\"primaryImageOfPage\":{\"@id\":\"https:\/\/matraxoyuncak.com\/urun\/crazy-egitici-blok-oyunu-1000-parca\/#primaryimage\"},\"image\":{\"@id\":\"https:\/\/matraxoyuncak.com\/urun\/crazy-egitici-blok-oyunu-1000-parca\/#primaryimage\"},\"thumbnailUrl\":\"https:\/\/matraxoyuncak.com\/wp-content\/uploads\/2022\/06\/7496174K.jpg\",\"datePublished\":\"2022-06-02T21:11:39+00:00\",\"dateModified\":\"2022-07-31T12:34:48+00:00\",\"description\":\"Matrax Oyuncak, futbol, ah\u015fap, bilardo ve e\u011fitici oyuncaklar\u0131n \u00fcretimini T\u00fcrkiye'de ger\u00e7ekle\u015ftiren ilk ve tek yerli firma olan Ak\u00e7i\u00e7ek Oyuncak'\u0131n markas\u0131d\u0131r.\",\"breadcrumb\":{\"@id\":\"https:\/\/matraxoyuncak.com\/urun\/crazy-egitici-blok-oyunu-1000-parca\/#breadcrumb\"},\"inLanguage\":\"fr-FR\",\"potentialAction\":[{\"@type\":\"ReadAction\",\"target\":[\"https:\/\/matraxoyuncak.com\/urun\/crazy-egitici-blok-oyunu-1000-parca\/\"]}]},{\"@type\":\"ImageObject\",\"inLanguage\":\"fr-FR\",\"@id\":\"https:\/\/matraxoyuncak.com\/urun\/crazy-egitici-blok-oyunu-1000-parca\/#primaryimage\",\"url\":\"https:\/\/matraxoyuncak.com\/wp-content\/uploads\/2022\/06\/7496174K.jpg\",\"contentUrl\":\"https:\/\/matraxoyuncak.com\/wp-content\/uploads\/2022\/06\/7496174K.jpg\",\"width\":605,\"height\":465},{\"@type\":\"BreadcrumbList\",\"@id\":\"https:\/\/matraxoyuncak.com\/urun\/crazy-egitici-blok-oyunu-1000-parca\/#breadcrumb\",\"itemListElement\":[{\"@type\":\"ListItem\",\"position\":1,\"name\":\"Anasayfa\",\"item\":\"https:\/\/matraxoyuncak.com\/tr\/\"},{\"@type\":\"ListItem\",\"position\":2,\"name\":\"\u00dcr\u00fcnler\",\"item\":\"https:\/\/matraxoyuncak.com\/shop__trashed\/\"},{\"@type\":\"ListItem\",\"position\":3,\"name\":\"Crazy E\u011fitici Blok Oyunu 1000 Par\u00e7a\"}]},{\"@type\":\"WebSite\",\"@id\":\"https:\/\/matraxoyuncak.com\/#website\",\"url\":\"https:\/\/matraxoyuncak.com\/\",\"name\":\"Matrax Oyuncak | Futbol, Ah\u015fap, Bilardo, E\u011fitici, Oyuncak \u00dcreticisi\",\"description\":\"Matrax Oyuncak, futbol, ah\u015fap, bilardo ve e\u011fitici oyuncaklar\u0131n \u00fcretimini T\u00fcrkiye&#039;de ger\u00e7ekle\u015ftiren ilk ve tek yerli firma olan Ak\u00e7i\u00e7ek Oyuncak&#039;\u0131n markas\u0131d\u0131r.\",\"publisher\":{\"@id\":\"https:\/\/matraxoyuncak.com\/#organization\"},\"potentialAction\":[{\"@type\":\"SearchAction\",\"target\":{\"@type\":\"EntryPoint\",\"urlTemplate\":\"https:\/\/matraxoyuncak.com\/?s={search_term_string}\"},\"query-input\":{\"@type\":\"PropertyValueSpecification\",\"valueRequired\":true,\"valueName\":\"search_term_string\"}}],\"inLanguage\":\"fr-FR\"},{\"@type\":\"Organization\",\"@id\":\"https:\/\/matraxoyuncak.com\/#organization\",\"name\":\"Matrax Oyuncak\",\"url\":\"https:\/\/matraxoyuncak.com\/\",\"logo\":{\"@type\":\"ImageObject\",\"inLanguage\":\"fr-FR\",\"@id\":\"https:\/\/matraxoyuncak.com\/#\/schema\/logo\/image\/\",\"url\":\"https:\/\/matraxoyuncak.com\/wp-content\/uploads\/2022\/05\/matrax-logo.png\",\"contentUrl\":\"https:\/\/matraxoyuncak.com\/wp-content\/uploads\/2022\/05\/matrax-logo.png\",\"width\":228,\"height\":91,\"caption\":\"Matrax Oyuncak\"},\"image\":{\"@id\":\"https:\/\/matraxoyuncak.com\/#\/schema\/logo\/image\/\"}}]}<\/script>\n<!-- \/ Yoast SEO plugin. -->","yoast_head_json":{"title":"Crazy E\u011fitici Blok Oyunu 1000 Par\u00e7a - Matrax Oyuncak | Futbol, Ah\u015fap, Bilardo, E\u011fitici, Oyuncak \u00dcreticisi","description":"Matrax Oyuncak, futbol, ah\u015fap, bilardo ve e\u011fitici oyuncaklar\u0131n \u00fcretimini T\u00fcrkiye'de ger\u00e7ekle\u015ftiren ilk ve tek yerli firma olan Ak\u00e7i\u00e7ek Oyuncak'\u0131n markas\u0131d\u0131r.","robots":{"index":"index","follow":"follow","max-snippet":"max-snippet:-1","max-image-preview":"max-image-preview:large","max-video-preview":"max-video-preview:-1"},"canonical":"https:\/\/matraxoyuncak.com\/fr\/produit\/crazy-egitici-blok-oyunu-1000-parca\/","og_locale":"fr_FR","og_type":"article","og_title":"Crazy E\u011fitici Blok Oyunu 1000 Par\u00e7a - Matrax Oyuncak | Futbol, Ah\u015fap, Bilardo, E\u011fitici, Oyuncak \u00dcreticisi","og_description":"Matrax Oyuncak, futbol, ah\u015fap, bilardo ve e\u011fitici oyuncaklar\u0131n \u00fcretimini T\u00fcrkiye'de ger\u00e7ekle\u015ftiren ilk ve tek yerli firma olan Ak\u00e7i\u00e7ek Oyuncak'\u0131n markas\u0131d\u0131r.","og_url":"https:\/\/matraxoyuncak.com\/fr\/produit\/crazy-egitici-blok-oyunu-1000-parca\/","og_site_name":"Matrax Oyuncak | Futbol, Ah\u015fap, Bilardo, E\u011fitici, Oyuncak \u00dcreticisi","article_modified_time":"2022-07-31T12:34:48+00:00","og_image":[{"width":605,"height":465,"url":"https:\/\/matraxoyuncak.com\/wp-content\/uploads\/2022\/06\/7496174K.jpg","type":"image\/jpeg"}],"twitter_card":"summary_large_image","schema":{"@context":"https:\/\/schema.org","@graph":[{"@type":"WebPage","@id":"https:\/\/matraxoyuncak.com\/urun\/crazy-egitici-blok-oyunu-1000-parca\/","url":"https:\/\/matraxoyuncak.com\/urun\/crazy-egitici-blok-oyunu-1000-parca\/","name":"Crazy E\u011fitici Blok Oyunu 1000 Par\u00e7a - Matrax Oyuncak | Futbol, Ah\u015fap, Bilardo, E\u011fitici, Oyuncak \u00dcreticisi","isPartOf":{"@id":"https:\/\/matraxoyuncak.com\/#website"},"primaryImageOfPage":{"@id":"https:\/\/matraxoyuncak.com\/urun\/crazy-egitici-blok-oyunu-1000-parca\/#primaryimage"},"image":{"@id":"https:\/\/matraxoyuncak.com\/urun\/crazy-egitici-blok-oyunu-1000-parca\/#primaryimage"},"thumbnailUrl":"https:\/\/matraxoyuncak.com\/wp-content\/uploads\/2022\/06\/7496174K.jpg","datePublished":"2022-06-02T21:11:39+00:00","dateModified":"2022-07-31T12:34:48+00:00","description":"Matrax Oyuncak, futbol, ah\u015fap, bilardo ve e\u011fitici oyuncaklar\u0131n \u00fcretimini T\u00fcrkiye'de ger\u00e7ekle\u015ftiren ilk ve tek yerli firma olan Ak\u00e7i\u00e7ek Oyuncak'\u0131n markas\u0131d\u0131r.","breadcrumb":{"@id":"https:\/\/matraxoyuncak.com\/urun\/crazy-egitici-blok-oyunu-1000-parca\/#breadcrumb"},"inLanguage":"fr-FR","potentialAction":[{"@type":"ReadAction","target":["https:\/\/matraxoyuncak.com\/urun\/crazy-egitici-blok-oyunu-1000-parca\/"]}]},{"@type":"ImageObject","inLanguage":"fr-FR","@id":"https:\/\/matraxoyuncak.com\/urun\/crazy-egitici-blok-oyunu-1000-parca\/#primaryimage","url":"https:\/\/matraxoyuncak.com\/wp-content\/uploads\/2022\/06\/7496174K.jpg","contentUrl":"https:\/\/matraxoyuncak.com\/wp-content\/uploads\/2022\/06\/7496174K.jpg","width":605,"height":465},{"@type":"BreadcrumbList","@id":"https:\/\/matraxoyuncak.com\/urun\/crazy-egitici-blok-oyunu-1000-parca\/#breadcrumb","itemListElement":[{"@type":"ListItem","position":1,"name":"Anasayfa","item":"https:\/\/matraxoyuncak.com\/tr\/"},{"@type":"ListItem","position":2,"name":"\u00dcr\u00fcnler","item":"https:\/\/matraxoyuncak.com\/shop__trashed\/"},{"@type":"ListItem","position":3,"name":"Crazy E\u011fitici Blok Oyunu 1000 Par\u00e7a"}]},{"@type":"WebSite","@id":"https:\/\/matraxoyuncak.com\/#website","url":"https:\/\/matraxoyuncak.com\/","name":"Matrax Oyuncak | Futbol, Ah\u015fap, Bilardo, E\u011fitici, Oyuncak \u00dcreticisi","description":"Matrax Oyuncak, futbol, ah\u015fap, bilardo ve e\u011fitici oyuncaklar\u0131n \u00fcretimini T\u00fcrkiye&#039;de ger\u00e7ekle\u015ftiren ilk ve tek yerli firma olan Ak\u00e7i\u00e7ek Oyuncak&#039;\u0131n markas\u0131d\u0131r.","publisher":{"@id":"https:\/\/matraxoyuncak.com\/#organization"},"potentialAction":[{"@type":"SearchAction","target":{"@type":"EntryPoint","urlTemplate":"https:\/\/matraxoyuncak.com\/?s={search_term_string}"},"query-input":{"@type":"PropertyValueSpecification","valueRequired":true,"valueName":"search_term_string"}}],"inLanguage":"fr-FR"},{"@type":"Organization","@id":"https:\/\/matraxoyuncak.com\/#organization","name":"Matrax Oyuncak","url":"https:\/\/matraxoyuncak.com\/","logo":{"@type":"ImageObject","inLanguage":"fr-FR","@id":"https:\/\/matraxoyuncak.com\/#\/schema\/logo\/image\/","url":"https:\/\/matraxoyuncak.com\/wp-content\/uploads\/2022\/05\/matrax-logo.png","contentUrl":"https:\/\/matraxoyuncak.com\/wp-content\/uploads\/2022\/05\/matrax-logo.png","width":228,"height":91,"caption":"Matrax Oyuncak"},"image":{"@id":"https:\/\/matraxoyuncak.com\/#\/schema\/logo\/image\/"}}]}},"_links":{"self":[{"href":"https:\/\/matraxoyuncak.com\/fr\/wp-json\/wp\/v2\/product\/20830","targetHints":{"allow":["GET"]}}],"collection":[{"href":"https:\/\/matraxoyuncak.com\/fr\/wp-json\/wp\/v2\/product"}],"about":[{"href":"https:\/\/matraxoyuncak.com\/fr\/wp-json\/wp\/v2\/types\/product"}],"wp:featuredmedia":[{"embeddable":true,"href":"https:\/\/matraxoyuncak.com\/fr\/wp-json\/wp\/v2\/media\/20831"}],"wp:attachment":[{"href":"https:\/\/matraxoyuncak.com\/fr\/wp-json\/wp\/v2\/media?parent=20830"}],"wp:term":[{"taxonomy":"product_brand","embeddable":true,"href":"https:\/\/matraxoyuncak.com\/fr\/wp-json\/wp\/v2\/product_brand?post=20830"},{"taxonomy":"product_cat","embeddable":true,"href":"https:\/\/matraxoyuncak.com\/fr\/wp-json\/wp\/v2\/product_cat?post=20830"},{"taxonomy":"product_tag","embeddable":true,"href":"https:\/\/matraxoyuncak.com\/fr\/wp-json\/wp\/v2\/product_tag?post=20830"}],"curies":[{"name":"wp","href":"https:\/\/api.w.org\/{rel}","templated":true}]}}