{"id":20527,"date":"2022-05-31T09:37:35","date_gmt":"2022-05-31T09:37:35","guid":{"rendered":"http:\/\/www.favorioyuncak.com\/?post_type=product&#038;p=20527"},"modified":"2022-07-31T12:14:58","modified_gmt":"2022-07-31T12:14:58","slug":"midi-pool-orta-boy-bilardo-oyunu","status":"publish","type":"product","link":"https:\/\/matraxoyuncak.com\/fr\/produit\/midi-pool-orta-boy-bilardo-oyunu\/","title":{"rendered":"Jeu de billard de taille moyenne Midi Pool"},"content":{"rendered":"<div class=\"block\">\n<div class=\"text\"><strong>code \u00e0 barre<\/strong><\/div>\n<div class=\"value\">EAN 8695295000402<\/div>\n<\/div>\n<div class=\"block\">\n<div class=\"text\"><strong>dimensions du produit<\/strong><\/div>\n<div class=\"value\">18,5 x 31 x 8 cm<\/div>\n<\/div>\n<div><\/div>\n<div>\n<div class=\"title\"><strong>Autres renseignements<\/strong><\/div>\n<div class=\"desc\">\n<p>Forme de l&#039;emballage : bo\u00eete en carton avec fen\u00eatre.<\/p>\n<p>Dimensions du colis : 38,5 x 19 x 4 cm.<\/p>\n<p>Quantit\u00e9 dans la bo\u00eete : 24<\/p>\n<p>Dimensions de la bo\u00eete : 40 x 59 x 34 cm.<\/p>\n<p>Poids net de la bo\u00eete : 7 930 gr.<\/p>\n<\/div>\n<\/div>","protected":false},"excerpt":{"rendered":"<div class=\"toy-details-block\">\n<div class=\"desc\">Notre jouet de billard de marque Midi Poll, que nous fabriquons en taille moyenne, enseigne \u00e0 nos enfants le billard, qui est l&#039;un des 5 sports les plus r\u00e9pandus en Europe, et leur permet de s&#039;amuser. Notre jouet de billard, qui ressemble au jeu de billard \u00e0 la maison, est fabriqu\u00e9 \u00e0 partir de mati\u00e8res premi\u00e8res et de peinture de premi\u00e8re classe et est pr\u00e9sent\u00e9 de mani\u00e8re totalement saine pour nos enfants.<\/div>\n<\/div>\n<div class=\"toy-details-block\"><\/div>","protected":false},"featured_media":20528,"template":"","meta":[],"product_brand":[],"product_cat":[234],"product_tag":[],"class_list":{"0":"post-20527","1":"product","2":"type-product","3":"status-publish","4":"has-post-thumbnail","6":"product_cat-bilardo-oyuncaklari","8":"first","9":"instock","10":"shipping-taxable","11":"product-type-simple"},"yoast_head":"<!-- This site is optimized with the Yoast SEO plugin v25.0 - https:\/\/yoast.com\/wordpress\/plugins\/seo\/ -->\n<title>Midi Pool Orta Boy Bilardo Oyunu - Matrax Oyuncak | Futbol, Ah\u015fap, Bilardo, E\u011fitici, Oyuncak \u00dcreticisi<\/title>\n<meta name=\"description\" content=\"Matrax Oyuncak, futbol, ah\u015fap, bilardo ve e\u011fitici oyuncaklar\u0131n \u00fcretimini T\u00fcrkiye&#039;de ger\u00e7ekle\u015ftiren ilk ve tek yerli firma olan Ak\u00e7i\u00e7ek Oyuncak&#039;\u0131n markas\u0131d\u0131r.\" \/>\n<meta name=\"robots\" content=\"index, follow, max-snippet:-1, max-image-preview:large, max-video-preview:-1\" \/>\n<link rel=\"canonical\" href=\"https:\/\/matraxoyuncak.com\/fr\/produit\/midi-pool-orta-boy-bilardo-oyunu\/\" \/>\n<meta property=\"og:locale\" content=\"fr_FR\" \/>\n<meta property=\"og:type\" content=\"article\" \/>\n<meta property=\"og:title\" content=\"Midi Pool Orta Boy Bilardo Oyunu - Matrax Oyuncak | Futbol, Ah\u015fap, Bilardo, E\u011fitici, Oyuncak \u00dcreticisi\" \/>\n<meta property=\"og:description\" content=\"Matrax Oyuncak, futbol, ah\u015fap, bilardo ve e\u011fitici oyuncaklar\u0131n \u00fcretimini T\u00fcrkiye&#039;de ger\u00e7ekle\u015ftiren ilk ve tek yerli firma olan Ak\u00e7i\u00e7ek Oyuncak&#039;\u0131n markas\u0131d\u0131r.\" \/>\n<meta property=\"og:url\" content=\"https:\/\/matraxoyuncak.com\/fr\/produit\/midi-pool-orta-boy-bilardo-oyunu\/\" \/>\n<meta property=\"og:site_name\" content=\"Matrax Oyuncak | Futbol, Ah\u015fap, Bilardo, E\u011fitici, Oyuncak \u00dcreticisi\" \/>\n<meta property=\"article:modified_time\" content=\"2022-07-31T12:14:58+00:00\" \/>\n<meta property=\"og:image\" content=\"https:\/\/matraxoyuncak.com\/wp-content\/uploads\/2022\/05\/4659midi-pool-orta-boy-bilardo-oyuncagi1.jpg\" \/>\n\t<meta property=\"og:image:width\" content=\"605\" \/>\n\t<meta property=\"og:image:height\" content=\"465\" \/>\n\t<meta property=\"og:image:type\" content=\"image\/jpeg\" \/>\n<meta name=\"twitter:card\" content=\"summary_large_image\" \/>\n<script type=\"application\/ld+json\" class=\"yoast-schema-graph\">{\"@context\":\"https:\/\/schema.org\",\"@graph\":[{\"@type\":\"WebPage\",\"@id\":\"https:\/\/matraxoyuncak.com\/urun\/midi-pool-orta-boy-bilardo-oyunu\/\",\"url\":\"https:\/\/matraxoyuncak.com\/urun\/midi-pool-orta-boy-bilardo-oyunu\/\",\"name\":\"Midi Pool Orta Boy Bilardo Oyunu - Matrax Oyuncak | Futbol, Ah\u015fap, Bilardo, E\u011fitici, Oyuncak \u00dcreticisi\",\"isPartOf\":{\"@id\":\"https:\/\/matraxoyuncak.com\/#website\"},\"primaryImageOfPage\":{\"@id\":\"https:\/\/matraxoyuncak.com\/urun\/midi-pool-orta-boy-bilardo-oyunu\/#primaryimage\"},\"image\":{\"@id\":\"https:\/\/matraxoyuncak.com\/urun\/midi-pool-orta-boy-bilardo-oyunu\/#primaryimage\"},\"thumbnailUrl\":\"https:\/\/matraxoyuncak.com\/wp-content\/uploads\/2022\/05\/4659midi-pool-orta-boy-bilardo-oyuncagi1.jpg\",\"datePublished\":\"2022-05-31T09:37:35+00:00\",\"dateModified\":\"2022-07-31T12:14:58+00:00\",\"description\":\"Matrax Oyuncak, futbol, ah\u015fap, bilardo ve e\u011fitici oyuncaklar\u0131n \u00fcretimini T\u00fcrkiye'de ger\u00e7ekle\u015ftiren ilk ve tek yerli firma olan Ak\u00e7i\u00e7ek Oyuncak'\u0131n markas\u0131d\u0131r.\",\"breadcrumb\":{\"@id\":\"https:\/\/matraxoyuncak.com\/urun\/midi-pool-orta-boy-bilardo-oyunu\/#breadcrumb\"},\"inLanguage\":\"fr-FR\",\"potentialAction\":[{\"@type\":\"ReadAction\",\"target\":[\"https:\/\/matraxoyuncak.com\/urun\/midi-pool-orta-boy-bilardo-oyunu\/\"]}]},{\"@type\":\"ImageObject\",\"inLanguage\":\"fr-FR\",\"@id\":\"https:\/\/matraxoyuncak.com\/urun\/midi-pool-orta-boy-bilardo-oyunu\/#primaryimage\",\"url\":\"https:\/\/matraxoyuncak.com\/wp-content\/uploads\/2022\/05\/4659midi-pool-orta-boy-bilardo-oyuncagi1.jpg\",\"contentUrl\":\"https:\/\/matraxoyuncak.com\/wp-content\/uploads\/2022\/05\/4659midi-pool-orta-boy-bilardo-oyuncagi1.jpg\",\"width\":605,\"height\":465},{\"@type\":\"BreadcrumbList\",\"@id\":\"https:\/\/matraxoyuncak.com\/urun\/midi-pool-orta-boy-bilardo-oyunu\/#breadcrumb\",\"itemListElement\":[{\"@type\":\"ListItem\",\"position\":1,\"name\":\"Anasayfa\",\"item\":\"https:\/\/matraxoyuncak.com\/tr\/\"},{\"@type\":\"ListItem\",\"position\":2,\"name\":\"\u00dcr\u00fcnler\",\"item\":\"https:\/\/matraxoyuncak.com\/shop__trashed\/\"},{\"@type\":\"ListItem\",\"position\":3,\"name\":\"Midi Pool Orta Boy Bilardo Oyunu\"}]},{\"@type\":\"WebSite\",\"@id\":\"https:\/\/matraxoyuncak.com\/#website\",\"url\":\"https:\/\/matraxoyuncak.com\/\",\"name\":\"Matrax Oyuncak | Futbol, Ah\u015fap, Bilardo, E\u011fitici, Oyuncak \u00dcreticisi\",\"description\":\"Matrax Oyuncak, futbol, ah\u015fap, bilardo ve e\u011fitici oyuncaklar\u0131n \u00fcretimini T\u00fcrkiye&#039;de ger\u00e7ekle\u015ftiren ilk ve tek yerli firma olan Ak\u00e7i\u00e7ek Oyuncak&#039;\u0131n markas\u0131d\u0131r.\",\"publisher\":{\"@id\":\"https:\/\/matraxoyuncak.com\/#organization\"},\"potentialAction\":[{\"@type\":\"SearchAction\",\"target\":{\"@type\":\"EntryPoint\",\"urlTemplate\":\"https:\/\/matraxoyuncak.com\/?s={search_term_string}\"},\"query-input\":{\"@type\":\"PropertyValueSpecification\",\"valueRequired\":true,\"valueName\":\"search_term_string\"}}],\"inLanguage\":\"fr-FR\"},{\"@type\":\"Organization\",\"@id\":\"https:\/\/matraxoyuncak.com\/#organization\",\"name\":\"Matrax Oyuncak\",\"url\":\"https:\/\/matraxoyuncak.com\/\",\"logo\":{\"@type\":\"ImageObject\",\"inLanguage\":\"fr-FR\",\"@id\":\"https:\/\/matraxoyuncak.com\/#\/schema\/logo\/image\/\",\"url\":\"https:\/\/matraxoyuncak.com\/wp-content\/uploads\/2022\/05\/matrax-logo.png\",\"contentUrl\":\"https:\/\/matraxoyuncak.com\/wp-content\/uploads\/2022\/05\/matrax-logo.png\",\"width\":228,\"height\":91,\"caption\":\"Matrax Oyuncak\"},\"image\":{\"@id\":\"https:\/\/matraxoyuncak.com\/#\/schema\/logo\/image\/\"}}]}<\/script>\n<!-- \/ Yoast SEO plugin. -->","yoast_head_json":{"title":"Midi Pool Orta Boy Bilardo Oyunu - Matrax Oyuncak | Futbol, Ah\u015fap, Bilardo, E\u011fitici, Oyuncak \u00dcreticisi","description":"Matrax Oyuncak, futbol, ah\u015fap, bilardo ve e\u011fitici oyuncaklar\u0131n \u00fcretimini T\u00fcrkiye'de ger\u00e7ekle\u015ftiren ilk ve tek yerli firma olan Ak\u00e7i\u00e7ek Oyuncak'\u0131n markas\u0131d\u0131r.","robots":{"index":"index","follow":"follow","max-snippet":"max-snippet:-1","max-image-preview":"max-image-preview:large","max-video-preview":"max-video-preview:-1"},"canonical":"https:\/\/matraxoyuncak.com\/fr\/produit\/midi-pool-orta-boy-bilardo-oyunu\/","og_locale":"fr_FR","og_type":"article","og_title":"Midi Pool Orta Boy Bilardo Oyunu - Matrax Oyuncak | Futbol, Ah\u015fap, Bilardo, E\u011fitici, Oyuncak \u00dcreticisi","og_description":"Matrax Oyuncak, futbol, ah\u015fap, bilardo ve e\u011fitici oyuncaklar\u0131n \u00fcretimini T\u00fcrkiye'de ger\u00e7ekle\u015ftiren ilk ve tek yerli firma olan Ak\u00e7i\u00e7ek Oyuncak'\u0131n markas\u0131d\u0131r.","og_url":"https:\/\/matraxoyuncak.com\/fr\/produit\/midi-pool-orta-boy-bilardo-oyunu\/","og_site_name":"Matrax Oyuncak | Futbol, Ah\u015fap, Bilardo, E\u011fitici, Oyuncak \u00dcreticisi","article_modified_time":"2022-07-31T12:14:58+00:00","og_image":[{"width":605,"height":465,"url":"https:\/\/matraxoyuncak.com\/wp-content\/uploads\/2022\/05\/4659midi-pool-orta-boy-bilardo-oyuncagi1.jpg","type":"image\/jpeg"}],"twitter_card":"summary_large_image","schema":{"@context":"https:\/\/schema.org","@graph":[{"@type":"WebPage","@id":"https:\/\/matraxoyuncak.com\/urun\/midi-pool-orta-boy-bilardo-oyunu\/","url":"https:\/\/matraxoyuncak.com\/urun\/midi-pool-orta-boy-bilardo-oyunu\/","name":"Midi Pool Orta Boy Bilardo Oyunu - Matrax Oyuncak | Futbol, Ah\u015fap, Bilardo, E\u011fitici, Oyuncak \u00dcreticisi","isPartOf":{"@id":"https:\/\/matraxoyuncak.com\/#website"},"primaryImageOfPage":{"@id":"https:\/\/matraxoyuncak.com\/urun\/midi-pool-orta-boy-bilardo-oyunu\/#primaryimage"},"image":{"@id":"https:\/\/matraxoyuncak.com\/urun\/midi-pool-orta-boy-bilardo-oyunu\/#primaryimage"},"thumbnailUrl":"https:\/\/matraxoyuncak.com\/wp-content\/uploads\/2022\/05\/4659midi-pool-orta-boy-bilardo-oyuncagi1.jpg","datePublished":"2022-05-31T09:37:35+00:00","dateModified":"2022-07-31T12:14:58+00:00","description":"Matrax Oyuncak, futbol, ah\u015fap, bilardo ve e\u011fitici oyuncaklar\u0131n \u00fcretimini T\u00fcrkiye'de ger\u00e7ekle\u015ftiren ilk ve tek yerli firma olan Ak\u00e7i\u00e7ek Oyuncak'\u0131n markas\u0131d\u0131r.","breadcrumb":{"@id":"https:\/\/matraxoyuncak.com\/urun\/midi-pool-orta-boy-bilardo-oyunu\/#breadcrumb"},"inLanguage":"fr-FR","potentialAction":[{"@type":"ReadAction","target":["https:\/\/matraxoyuncak.com\/urun\/midi-pool-orta-boy-bilardo-oyunu\/"]}]},{"@type":"ImageObject","inLanguage":"fr-FR","@id":"https:\/\/matraxoyuncak.com\/urun\/midi-pool-orta-boy-bilardo-oyunu\/#primaryimage","url":"https:\/\/matraxoyuncak.com\/wp-content\/uploads\/2022\/05\/4659midi-pool-orta-boy-bilardo-oyuncagi1.jpg","contentUrl":"https:\/\/matraxoyuncak.com\/wp-content\/uploads\/2022\/05\/4659midi-pool-orta-boy-bilardo-oyuncagi1.jpg","width":605,"height":465},{"@type":"BreadcrumbList","@id":"https:\/\/matraxoyuncak.com\/urun\/midi-pool-orta-boy-bilardo-oyunu\/#breadcrumb","itemListElement":[{"@type":"ListItem","position":1,"name":"Anasayfa","item":"https:\/\/matraxoyuncak.com\/tr\/"},{"@type":"ListItem","position":2,"name":"\u00dcr\u00fcnler","item":"https:\/\/matraxoyuncak.com\/shop__trashed\/"},{"@type":"ListItem","position":3,"name":"Midi Pool Orta Boy Bilardo Oyunu"}]},{"@type":"WebSite","@id":"https:\/\/matraxoyuncak.com\/#website","url":"https:\/\/matraxoyuncak.com\/","name":"Matrax Oyuncak | Futbol, Ah\u015fap, Bilardo, E\u011fitici, Oyuncak \u00dcreticisi","description":"Matrax Oyuncak, futbol, ah\u015fap, bilardo ve e\u011fitici oyuncaklar\u0131n \u00fcretimini T\u00fcrkiye&#039;de ger\u00e7ekle\u015ftiren ilk ve tek yerli firma olan Ak\u00e7i\u00e7ek Oyuncak&#039;\u0131n markas\u0131d\u0131r.","publisher":{"@id":"https:\/\/matraxoyuncak.com\/#organization"},"potentialAction":[{"@type":"SearchAction","target":{"@type":"EntryPoint","urlTemplate":"https:\/\/matraxoyuncak.com\/?s={search_term_string}"},"query-input":{"@type":"PropertyValueSpecification","valueRequired":true,"valueName":"search_term_string"}}],"inLanguage":"fr-FR"},{"@type":"Organization","@id":"https:\/\/matraxoyuncak.com\/#organization","name":"Matrax Oyuncak","url":"https:\/\/matraxoyuncak.com\/","logo":{"@type":"ImageObject","inLanguage":"fr-FR","@id":"https:\/\/matraxoyuncak.com\/#\/schema\/logo\/image\/","url":"https:\/\/matraxoyuncak.com\/wp-content\/uploads\/2022\/05\/matrax-logo.png","contentUrl":"https:\/\/matraxoyuncak.com\/wp-content\/uploads\/2022\/05\/matrax-logo.png","width":228,"height":91,"caption":"Matrax Oyuncak"},"image":{"@id":"https:\/\/matraxoyuncak.com\/#\/schema\/logo\/image\/"}}]}},"_links":{"self":[{"href":"https:\/\/matraxoyuncak.com\/fr\/wp-json\/wp\/v2\/product\/20527","targetHints":{"allow":["GET"]}}],"collection":[{"href":"https:\/\/matraxoyuncak.com\/fr\/wp-json\/wp\/v2\/product"}],"about":[{"href":"https:\/\/matraxoyuncak.com\/fr\/wp-json\/wp\/v2\/types\/product"}],"wp:featuredmedia":[{"embeddable":true,"href":"https:\/\/matraxoyuncak.com\/fr\/wp-json\/wp\/v2\/media\/20528"}],"wp:attachment":[{"href":"https:\/\/matraxoyuncak.com\/fr\/wp-json\/wp\/v2\/media?parent=20527"}],"wp:term":[{"taxonomy":"product_brand","embeddable":true,"href":"https:\/\/matraxoyuncak.com\/fr\/wp-json\/wp\/v2\/product_brand?post=20527"},{"taxonomy":"product_cat","embeddable":true,"href":"https:\/\/matraxoyuncak.com\/fr\/wp-json\/wp\/v2\/product_cat?post=20527"},{"taxonomy":"product_tag","embeddable":true,"href":"https:\/\/matraxoyuncak.com\/fr\/wp-json\/wp\/v2\/product_tag?post=20527"}],"curies":[{"name":"wp","href":"https:\/\/api.w.org\/{rel}","templated":true}]}}