{"id":21003,"date":"2022-06-02T22:39:19","date_gmt":"2022-06-02T22:39:19","guid":{"rendered":"http:\/\/www.favorioyuncak.com\/?post_type=product&#038;p=21003"},"modified":"2025-05-23T11:57:07","modified_gmt":"2025-05-23T11:57:07","slug":"storm-truck-kamyon-kutuda","status":"publish","type":"product","link":"https:\/\/matraxoyuncak.com\/en\/product\/storm-truck-kamyon-kutuda\/","title":{"rendered":"Storm Truck \u2013 Truck in Box"},"content":{"rendered":"<div class=\"toy-detail\">\n<div class=\"block\">\n<div class=\"text\"><strong>Barcode<\/strong><\/div>\n<div class=\"value\">8695295002031<\/div>\n<\/div>\n<div class=\"block\">\n<div class=\"text\"><strong>Product Dimensions<\/strong><\/div>\n<div class=\"value\">15 x 33 x 15.5 cm.<\/div>\n<\/div>\n<div class=\"clear\"><\/div>\n<\/div>\n<div class=\"other-details\">\n<div class=\"title\"><strong>Other informations<\/strong><\/div>\n<div class=\"desc\">\n<p>Package Shape: Carton Box<\/p>\n<p>Package Dimensions: 33.5 x 16.5 x 15.5 cm.<\/p>\n<p>Quantity in Box: 30<\/p>\n<p>Box Dimensions: 80.5 x 68.5 x 51.5 cm.<\/p>\n<p>Net Box Weight: 16,260 gr.<\/p>\n<\/div>\n<\/div>","protected":false},"excerpt":{"rendered":"<p data-start=\"91\" data-end=\"337\"><strong data-start=\"91\" data-end=\"138\">Matrax Storm Truck Damperli Kamyon Oyunca\u011f\u0131<\/strong>, sivri kenarlardan uzak, yumu\u015fak hatl\u0131 tasar\u0131m\u0131yla \u00e7ocuk g\u00fcvenli\u011fini \u00f6n planda tutar. Sadece g\u00f6rsel olarak de\u011fil, i\u015flevsel \u00f6zellikleriyle de \u00e7ocuklara e\u011flenceli ve g\u00fcvenli bir oyun deneyimi sunar.<\/p>\n<p data-start=\"339\" data-end=\"565\">Bu sa\u011flam ve renkli oyuncak kamyon, \u00e7ocuklar\u0131n hayal g\u00fcc\u00fcn\u00fc geli\u015ftirmeye yard\u0131mc\u0131 olur. \u00dcstelik kutu i\u00e7erisinde hediye olarak sunulan, ayn\u0131 g\u00fcvenlik prensiplerine sahip <strong data-start=\"508\" data-end=\"526\">bir adet k\u00fcrek<\/strong> ile oyun daha da keyifli hale gelir.<\/p>\n<p data-start=\"567\" data-end=\"691\">T\u00fcm Matrax oyuncaklar\u0131nda oldu\u011fu gibi, <strong data-start=\"606\" data-end=\"664\">\u00e7ocuk sa\u011fl\u0131\u011f\u0131na uygun ham madde ve toksik olmayan boya<\/strong> kullan\u0131larak \u00fcretilmi\u015ftir.<\/p>","protected":false},"featured_media":21676,"template":"","meta":[],"product_brand":[],"product_cat":[236],"product_tag":[],"class_list":{"0":"post-21003","1":"product","2":"type-product","3":"status-publish","4":"has-post-thumbnail","6":"product_cat-ic-dis-mekan-oyuncaklari","8":"first","9":"instock","10":"shipping-taxable","11":"product-type-simple"},"yoast_head":"<!-- This site is optimized with the Yoast SEO plugin v25.0 - https:\/\/yoast.com\/wordpress\/plugins\/seo\/ -->\n<title>Storm Truck - Kamyon Kutuda - Matrax Oyuncak | Futbol, Ah\u015fap, Bilardo, E\u011fitici, Oyuncak \u00dcreticisi<\/title>\n<meta name=\"description\" content=\"Matrax Storm Truck damperli kamyon oyunca\u011f\u0131, yumu\u015fak hatl\u0131 g\u00fcvenli tasar\u0131m\u0131 ve hediye k\u00fcre\u011fiyle \u00e7ocuklara e\u011flenceli bir oyun deneyimi sunar.\" \/>\n<meta name=\"robots\" content=\"index, follow, max-snippet:-1, max-image-preview:large, max-video-preview:-1\" \/>\n<link rel=\"canonical\" href=\"https:\/\/matraxoyuncak.com\/en\/product\/storm-truck-kamyon-kutuda\/\" \/>\n<meta property=\"og:locale\" content=\"en_US\" \/>\n<meta property=\"og:type\" content=\"article\" \/>\n<meta property=\"og:title\" content=\"Storm Truck - Kamyon Kutuda - Matrax Oyuncak | Futbol, Ah\u015fap, Bilardo, E\u011fitici, Oyuncak \u00dcreticisi\" \/>\n<meta property=\"og:description\" content=\"Matrax Storm Truck damperli kamyon oyunca\u011f\u0131, yumu\u015fak hatl\u0131 g\u00fcvenli tasar\u0131m\u0131 ve hediye k\u00fcre\u011fiyle \u00e7ocuklara e\u011flenceli bir oyun deneyimi sunar.\" \/>\n<meta property=\"og:url\" content=\"https:\/\/matraxoyuncak.com\/en\/product\/storm-truck-kamyon-kutuda\/\" \/>\n<meta property=\"og:site_name\" content=\"Matrax Oyuncak | Futbol, Ah\u015fap, Bilardo, E\u011fitici, Oyuncak \u00dcreticisi\" \/>\n<meta property=\"article:modified_time\" content=\"2025-05-23T11:57:07+00:00\" \/>\n<meta property=\"og:image\" content=\"https:\/\/matraxoyuncak.com\/wp-content\/uploads\/2022\/06\/203_kt.jpg\" \/>\n\t<meta property=\"og:image:width\" content=\"1200\" \/>\n\t<meta property=\"og:image:height\" content=\"977\" \/>\n\t<meta property=\"og:image:type\" content=\"image\/jpeg\" \/>\n<meta name=\"twitter:card\" content=\"summary_large_image\" \/>\n<meta name=\"twitter:label1\" content=\"Est. reading time\" \/>\n\t<meta name=\"twitter:data1\" content=\"1 minute\" \/>\n<script type=\"application\/ld+json\" class=\"yoast-schema-graph\">{\"@context\":\"https:\/\/schema.org\",\"@graph\":[{\"@type\":\"WebPage\",\"@id\":\"https:\/\/matraxoyuncak.com\/urun\/storm-truck-kamyon-kutuda\/\",\"url\":\"https:\/\/matraxoyuncak.com\/urun\/storm-truck-kamyon-kutuda\/\",\"name\":\"Storm Truck - Kamyon Kutuda - Matrax Oyuncak | Futbol, Ah\u015fap, Bilardo, E\u011fitici, Oyuncak \u00dcreticisi\",\"isPartOf\":{\"@id\":\"https:\/\/matraxoyuncak.com\/#website\"},\"primaryImageOfPage\":{\"@id\":\"https:\/\/matraxoyuncak.com\/urun\/storm-truck-kamyon-kutuda\/#primaryimage\"},\"image\":{\"@id\":\"https:\/\/matraxoyuncak.com\/urun\/storm-truck-kamyon-kutuda\/#primaryimage\"},\"thumbnailUrl\":\"https:\/\/matraxoyuncak.com\/wp-content\/uploads\/2022\/06\/203_kt.jpg\",\"datePublished\":\"2022-06-02T22:39:19+00:00\",\"dateModified\":\"2025-05-23T11:57:07+00:00\",\"description\":\"Matrax Storm Truck damperli kamyon oyunca\u011f\u0131, yumu\u015fak hatl\u0131 g\u00fcvenli tasar\u0131m\u0131 ve hediye k\u00fcre\u011fiyle \u00e7ocuklara e\u011flenceli bir oyun deneyimi sunar.\",\"breadcrumb\":{\"@id\":\"https:\/\/matraxoyuncak.com\/urun\/storm-truck-kamyon-kutuda\/#breadcrumb\"},\"inLanguage\":\"en-US\",\"potentialAction\":[{\"@type\":\"ReadAction\",\"target\":[\"https:\/\/matraxoyuncak.com\/urun\/storm-truck-kamyon-kutuda\/\"]}]},{\"@type\":\"ImageObject\",\"inLanguage\":\"en-US\",\"@id\":\"https:\/\/matraxoyuncak.com\/urun\/storm-truck-kamyon-kutuda\/#primaryimage\",\"url\":\"https:\/\/matraxoyuncak.com\/wp-content\/uploads\/2022\/06\/203_kt.jpg\",\"contentUrl\":\"https:\/\/matraxoyuncak.com\/wp-content\/uploads\/2022\/06\/203_kt.jpg\",\"width\":1200,\"height\":977},{\"@type\":\"BreadcrumbList\",\"@id\":\"https:\/\/matraxoyuncak.com\/urun\/storm-truck-kamyon-kutuda\/#breadcrumb\",\"itemListElement\":[{\"@type\":\"ListItem\",\"position\":1,\"name\":\"Anasayfa\",\"item\":\"https:\/\/matraxoyuncak.com\/tr\/\"},{\"@type\":\"ListItem\",\"position\":2,\"name\":\"\u00dcr\u00fcnler\",\"item\":\"https:\/\/matraxoyuncak.com\/shop__trashed\/\"},{\"@type\":\"ListItem\",\"position\":3,\"name\":\"Storm Truck &#8211; Kamyon Kutuda\"}]},{\"@type\":\"WebSite\",\"@id\":\"https:\/\/matraxoyuncak.com\/#website\",\"url\":\"https:\/\/matraxoyuncak.com\/\",\"name\":\"Matrax Oyuncak | Futbol, Ah\u015fap, Bilardo, E\u011fitici, Oyuncak \u00dcreticisi\",\"description\":\"Matrax Oyuncak, futbol, ah\u015fap, bilardo ve e\u011fitici oyuncaklar\u0131n \u00fcretimini T\u00fcrkiye&#039;de ger\u00e7ekle\u015ftiren ilk ve tek yerli firma olan Ak\u00e7i\u00e7ek Oyuncak&#039;\u0131n markas\u0131d\u0131r.\",\"publisher\":{\"@id\":\"https:\/\/matraxoyuncak.com\/#organization\"},\"potentialAction\":[{\"@type\":\"SearchAction\",\"target\":{\"@type\":\"EntryPoint\",\"urlTemplate\":\"https:\/\/matraxoyuncak.com\/?s={search_term_string}\"},\"query-input\":{\"@type\":\"PropertyValueSpecification\",\"valueRequired\":true,\"valueName\":\"search_term_string\"}}],\"inLanguage\":\"en-US\"},{\"@type\":\"Organization\",\"@id\":\"https:\/\/matraxoyuncak.com\/#organization\",\"name\":\"Matrax Oyuncak\",\"url\":\"https:\/\/matraxoyuncak.com\/\",\"logo\":{\"@type\":\"ImageObject\",\"inLanguage\":\"en-US\",\"@id\":\"https:\/\/matraxoyuncak.com\/#\/schema\/logo\/image\/\",\"url\":\"https:\/\/matraxoyuncak.com\/wp-content\/uploads\/2022\/05\/matrax-logo.png\",\"contentUrl\":\"https:\/\/matraxoyuncak.com\/wp-content\/uploads\/2022\/05\/matrax-logo.png\",\"width\":228,\"height\":91,\"caption\":\"Matrax Oyuncak\"},\"image\":{\"@id\":\"https:\/\/matraxoyuncak.com\/#\/schema\/logo\/image\/\"}}]}<\/script>\n<!-- \/ Yoast SEO plugin. -->","yoast_head_json":{"title":"Storm Truck - Kamyon Kutuda - Matrax Oyuncak | Futbol, Ah\u015fap, Bilardo, E\u011fitici, Oyuncak \u00dcreticisi","description":"Matrax Storm Truck damperli kamyon oyunca\u011f\u0131, yumu\u015fak hatl\u0131 g\u00fcvenli tasar\u0131m\u0131 ve hediye k\u00fcre\u011fiyle \u00e7ocuklara e\u011flenceli bir oyun deneyimi sunar.","robots":{"index":"index","follow":"follow","max-snippet":"max-snippet:-1","max-image-preview":"max-image-preview:large","max-video-preview":"max-video-preview:-1"},"canonical":"https:\/\/matraxoyuncak.com\/en\/product\/storm-truck-kamyon-kutuda\/","og_locale":"en_US","og_type":"article","og_title":"Storm Truck - Kamyon Kutuda - Matrax Oyuncak | Futbol, Ah\u015fap, Bilardo, E\u011fitici, Oyuncak \u00dcreticisi","og_description":"Matrax Storm Truck damperli kamyon oyunca\u011f\u0131, yumu\u015fak hatl\u0131 g\u00fcvenli tasar\u0131m\u0131 ve hediye k\u00fcre\u011fiyle \u00e7ocuklara e\u011flenceli bir oyun deneyimi sunar.","og_url":"https:\/\/matraxoyuncak.com\/en\/product\/storm-truck-kamyon-kutuda\/","og_site_name":"Matrax Oyuncak | Futbol, Ah\u015fap, Bilardo, E\u011fitici, Oyuncak \u00dcreticisi","article_modified_time":"2025-05-23T11:57:07+00:00","og_image":[{"width":1200,"height":977,"url":"https:\/\/matraxoyuncak.com\/wp-content\/uploads\/2022\/06\/203_kt.jpg","type":"image\/jpeg"}],"twitter_card":"summary_large_image","twitter_misc":{"Est. reading time":"1 minute"},"schema":{"@context":"https:\/\/schema.org","@graph":[{"@type":"WebPage","@id":"https:\/\/matraxoyuncak.com\/urun\/storm-truck-kamyon-kutuda\/","url":"https:\/\/matraxoyuncak.com\/urun\/storm-truck-kamyon-kutuda\/","name":"Storm Truck - Kamyon Kutuda - Matrax Oyuncak | Futbol, Ah\u015fap, Bilardo, E\u011fitici, Oyuncak \u00dcreticisi","isPartOf":{"@id":"https:\/\/matraxoyuncak.com\/#website"},"primaryImageOfPage":{"@id":"https:\/\/matraxoyuncak.com\/urun\/storm-truck-kamyon-kutuda\/#primaryimage"},"image":{"@id":"https:\/\/matraxoyuncak.com\/urun\/storm-truck-kamyon-kutuda\/#primaryimage"},"thumbnailUrl":"https:\/\/matraxoyuncak.com\/wp-content\/uploads\/2022\/06\/203_kt.jpg","datePublished":"2022-06-02T22:39:19+00:00","dateModified":"2025-05-23T11:57:07+00:00","description":"Matrax Storm Truck damperli kamyon oyunca\u011f\u0131, yumu\u015fak hatl\u0131 g\u00fcvenli tasar\u0131m\u0131 ve hediye k\u00fcre\u011fiyle \u00e7ocuklara e\u011flenceli bir oyun deneyimi sunar.","breadcrumb":{"@id":"https:\/\/matraxoyuncak.com\/urun\/storm-truck-kamyon-kutuda\/#breadcrumb"},"inLanguage":"en-US","potentialAction":[{"@type":"ReadAction","target":["https:\/\/matraxoyuncak.com\/urun\/storm-truck-kamyon-kutuda\/"]}]},{"@type":"ImageObject","inLanguage":"en-US","@id":"https:\/\/matraxoyuncak.com\/urun\/storm-truck-kamyon-kutuda\/#primaryimage","url":"https:\/\/matraxoyuncak.com\/wp-content\/uploads\/2022\/06\/203_kt.jpg","contentUrl":"https:\/\/matraxoyuncak.com\/wp-content\/uploads\/2022\/06\/203_kt.jpg","width":1200,"height":977},{"@type":"BreadcrumbList","@id":"https:\/\/matraxoyuncak.com\/urun\/storm-truck-kamyon-kutuda\/#breadcrumb","itemListElement":[{"@type":"ListItem","position":1,"name":"Anasayfa","item":"https:\/\/matraxoyuncak.com\/tr\/"},{"@type":"ListItem","position":2,"name":"\u00dcr\u00fcnler","item":"https:\/\/matraxoyuncak.com\/shop__trashed\/"},{"@type":"ListItem","position":3,"name":"Storm Truck &#8211; Kamyon Kutuda"}]},{"@type":"WebSite","@id":"https:\/\/matraxoyuncak.com\/#website","url":"https:\/\/matraxoyuncak.com\/","name":"Matrax Oyuncak | Futbol, Ah\u015fap, Bilardo, E\u011fitici, Oyuncak \u00dcreticisi","description":"Matrax Oyuncak, futbol, ah\u015fap, bilardo ve e\u011fitici oyuncaklar\u0131n \u00fcretimini T\u00fcrkiye&#039;de ger\u00e7ekle\u015ftiren ilk ve tek yerli firma olan Ak\u00e7i\u00e7ek Oyuncak&#039;\u0131n markas\u0131d\u0131r.","publisher":{"@id":"https:\/\/matraxoyuncak.com\/#organization"},"potentialAction":[{"@type":"SearchAction","target":{"@type":"EntryPoint","urlTemplate":"https:\/\/matraxoyuncak.com\/?s={search_term_string}"},"query-input":{"@type":"PropertyValueSpecification","valueRequired":true,"valueName":"search_term_string"}}],"inLanguage":"en-US"},{"@type":"Organization","@id":"https:\/\/matraxoyuncak.com\/#organization","name":"Matrax Oyuncak","url":"https:\/\/matraxoyuncak.com\/","logo":{"@type":"ImageObject","inLanguage":"en-US","@id":"https:\/\/matraxoyuncak.com\/#\/schema\/logo\/image\/","url":"https:\/\/matraxoyuncak.com\/wp-content\/uploads\/2022\/05\/matrax-logo.png","contentUrl":"https:\/\/matraxoyuncak.com\/wp-content\/uploads\/2022\/05\/matrax-logo.png","width":228,"height":91,"caption":"Matrax Oyuncak"},"image":{"@id":"https:\/\/matraxoyuncak.com\/#\/schema\/logo\/image\/"}}]}},"_links":{"self":[{"href":"https:\/\/matraxoyuncak.com\/en\/wp-json\/wp\/v2\/product\/21003","targetHints":{"allow":["GET"]}}],"collection":[{"href":"https:\/\/matraxoyuncak.com\/en\/wp-json\/wp\/v2\/product"}],"about":[{"href":"https:\/\/matraxoyuncak.com\/en\/wp-json\/wp\/v2\/types\/product"}],"wp:featuredmedia":[{"embeddable":true,"href":"https:\/\/matraxoyuncak.com\/en\/wp-json\/wp\/v2\/media\/21676"}],"wp:attachment":[{"href":"https:\/\/matraxoyuncak.com\/en\/wp-json\/wp\/v2\/media?parent=21003"}],"wp:term":[{"taxonomy":"product_brand","embeddable":true,"href":"https:\/\/matraxoyuncak.com\/en\/wp-json\/wp\/v2\/product_brand?post=21003"},{"taxonomy":"product_cat","embeddable":true,"href":"https:\/\/matraxoyuncak.com\/en\/wp-json\/wp\/v2\/product_cat?post=21003"},{"taxonomy":"product_tag","embeddable":true,"href":"https:\/\/matraxoyuncak.com\/en\/wp-json\/wp\/v2\/product_tag?post=21003"}],"curies":[{"name":"wp","href":"https:\/\/api.w.org\/{rel}","templated":true}]}}