{"id":20517,"date":"2022-05-31T09:31:52","date_gmt":"2022-05-31T09:31:52","guid":{"rendered":"http:\/\/www.favorioyuncak.com\/?post_type=product&#038;p=20517"},"modified":"2022-07-31T12:09:09","modified_gmt":"2022-07-31T12:09:09","slug":"snooker-pool-set-bilardo-oyuncagi","status":"publish","type":"product","link":"https:\/\/matraxoyuncak.com\/en\/product\/snooker-pool-set-bilardo-oyuncagi\/","title":{"rendered":"Snooker &amp; Pool Set Billiards Toy"},"content":{"rendered":"<div class=\"block\">\n<div class=\"text\"><strong>Barcode<\/strong><\/div>\n<div class=\"value\">8695295000112<\/div>\n<\/div>\n<div class=\"block\">\n<div class=\"text\"><strong>Product Dimensions<\/strong><\/div>\n<div class=\"value\">28 cm. x Height: 48 cm. x Height : 13 cm<\/div>\n<\/div>\n<div><\/div>\n<div>\n<div class=\"title\"><strong>Other informations<\/strong><\/div>\n<div class=\"desc\">\n<p>Package Shape: Carton Box<\/p>\n<p>Package Dimensions: 28.5 x 48 x 4 cm<\/p>\n<p>Quantity in Box: 12<\/p>\n<p>Box Dimensions: 30 x 52.5 x 49.5 cm<\/p>\n<p>Net Box Weight: 10,620 gr<\/p>\n<\/div>\n<\/div>","protected":false},"excerpt":{"rendered":"<div class=\"toy-details-block\">\n<div class=\"desc\">We produce billiards, which is one of the 5 most common sports in Europe, as a billiard toy under the Snooker &amp; Pool brand so that children can play at home. This product, which is a billiard toy, is completely healthy for our children with its high quality raw materials and paint. Our billiard toy product is sold disassembled and is very easy to install.<\/div>\n<\/div>","protected":false},"featured_media":20518,"template":"","meta":[],"product_brand":[],"product_cat":[234],"product_tag":[],"class_list":{"0":"post-20517","1":"product","2":"type-product","3":"status-publish","4":"has-post-thumbnail","6":"product_cat-bilardo-oyuncaklari","8":"first","9":"instock","10":"shipping-taxable","11":"product-type-simple"},"yoast_head":"<!-- This site is optimized with the Yoast SEO plugin v25.0 - https:\/\/yoast.com\/wordpress\/plugins\/seo\/ -->\n<title>Snooker &amp; Pool Set Bilardo Oyunca\u011f\u0131 - Matrax Oyuncak | Futbol, Ah\u015fap, Bilardo, E\u011fitici, Oyuncak \u00dcreticisi<\/title>\n<meta name=\"description\" content=\"Matrax Oyuncak, futbol, ah\u015fap, bilardo ve e\u011fitici oyuncaklar\u0131n \u00fcretimini T\u00fcrkiye&#039;de ger\u00e7ekle\u015ftiren ilk ve tek yerli firma olan Ak\u00e7i\u00e7ek Oyuncak&#039;\u0131n markas\u0131d\u0131r.\" \/>\n<meta name=\"robots\" content=\"index, follow, max-snippet:-1, max-image-preview:large, max-video-preview:-1\" \/>\n<link rel=\"canonical\" href=\"https:\/\/matraxoyuncak.com\/en\/product\/snooker-pool-set-bilardo-oyuncagi\/\" \/>\n<meta property=\"og:locale\" content=\"en_US\" \/>\n<meta property=\"og:type\" content=\"article\" \/>\n<meta property=\"og:title\" content=\"Snooker &amp; Pool Set Bilardo Oyunca\u011f\u0131 - Matrax Oyuncak | Futbol, Ah\u015fap, Bilardo, E\u011fitici, Oyuncak \u00dcreticisi\" \/>\n<meta property=\"og:description\" content=\"Matrax Oyuncak, futbol, ah\u015fap, bilardo ve e\u011fitici oyuncaklar\u0131n \u00fcretimini T\u00fcrkiye&#039;de ger\u00e7ekle\u015ftiren ilk ve tek yerli firma olan Ak\u00e7i\u00e7ek Oyuncak&#039;\u0131n markas\u0131d\u0131r.\" \/>\n<meta property=\"og:url\" content=\"https:\/\/matraxoyuncak.com\/en\/product\/snooker-pool-set-bilardo-oyuncagi\/\" \/>\n<meta property=\"og:site_name\" content=\"Matrax Oyuncak | Futbol, Ah\u015fap, Bilardo, E\u011fitici, Oyuncak \u00dcreticisi\" \/>\n<meta property=\"article:modified_time\" content=\"2022-07-31T12:09:09+00:00\" \/>\n<meta property=\"og:image\" content=\"https:\/\/matraxoyuncak.com\/wp-content\/uploads\/2022\/05\/5891011i.jpg\" \/>\n\t<meta property=\"og:image:width\" content=\"605\" \/>\n\t<meta property=\"og:image:height\" content=\"465\" \/>\n\t<meta property=\"og:image:type\" content=\"image\/jpeg\" \/>\n<meta name=\"twitter:card\" content=\"summary_large_image\" \/>\n<script type=\"application\/ld+json\" class=\"yoast-schema-graph\">{\"@context\":\"https:\/\/schema.org\",\"@graph\":[{\"@type\":\"WebPage\",\"@id\":\"https:\/\/matraxoyuncak.com\/urun\/snooker-pool-set-bilardo-oyuncagi\/\",\"url\":\"https:\/\/matraxoyuncak.com\/urun\/snooker-pool-set-bilardo-oyuncagi\/\",\"name\":\"Snooker & Pool Set Bilardo Oyunca\u011f\u0131 - Matrax Oyuncak | Futbol, Ah\u015fap, Bilardo, E\u011fitici, Oyuncak \u00dcreticisi\",\"isPartOf\":{\"@id\":\"https:\/\/matraxoyuncak.com\/#website\"},\"primaryImageOfPage\":{\"@id\":\"https:\/\/matraxoyuncak.com\/urun\/snooker-pool-set-bilardo-oyuncagi\/#primaryimage\"},\"image\":{\"@id\":\"https:\/\/matraxoyuncak.com\/urun\/snooker-pool-set-bilardo-oyuncagi\/#primaryimage\"},\"thumbnailUrl\":\"https:\/\/matraxoyuncak.com\/wp-content\/uploads\/2022\/05\/5891011i.jpg\",\"datePublished\":\"2022-05-31T09:31:52+00:00\",\"dateModified\":\"2022-07-31T12:09:09+00:00\",\"description\":\"Matrax Oyuncak, futbol, ah\u015fap, bilardo ve e\u011fitici oyuncaklar\u0131n \u00fcretimini T\u00fcrkiye'de ger\u00e7ekle\u015ftiren ilk ve tek yerli firma olan Ak\u00e7i\u00e7ek Oyuncak'\u0131n markas\u0131d\u0131r.\",\"breadcrumb\":{\"@id\":\"https:\/\/matraxoyuncak.com\/urun\/snooker-pool-set-bilardo-oyuncagi\/#breadcrumb\"},\"inLanguage\":\"en-US\",\"potentialAction\":[{\"@type\":\"ReadAction\",\"target\":[\"https:\/\/matraxoyuncak.com\/urun\/snooker-pool-set-bilardo-oyuncagi\/\"]}]},{\"@type\":\"ImageObject\",\"inLanguage\":\"en-US\",\"@id\":\"https:\/\/matraxoyuncak.com\/urun\/snooker-pool-set-bilardo-oyuncagi\/#primaryimage\",\"url\":\"https:\/\/matraxoyuncak.com\/wp-content\/uploads\/2022\/05\/5891011i.jpg\",\"contentUrl\":\"https:\/\/matraxoyuncak.com\/wp-content\/uploads\/2022\/05\/5891011i.jpg\",\"width\":605,\"height\":465},{\"@type\":\"BreadcrumbList\",\"@id\":\"https:\/\/matraxoyuncak.com\/urun\/snooker-pool-set-bilardo-oyuncagi\/#breadcrumb\",\"itemListElement\":[{\"@type\":\"ListItem\",\"position\":1,\"name\":\"Anasayfa\",\"item\":\"https:\/\/matraxoyuncak.com\/tr\/\"},{\"@type\":\"ListItem\",\"position\":2,\"name\":\"\u00dcr\u00fcnler\",\"item\":\"https:\/\/matraxoyuncak.com\/shop__trashed\/\"},{\"@type\":\"ListItem\",\"position\":3,\"name\":\"Snooker &#038; Pool Set Bilardo Oyunca\u011f\u0131\"}]},{\"@type\":\"WebSite\",\"@id\":\"https:\/\/matraxoyuncak.com\/#website\",\"url\":\"https:\/\/matraxoyuncak.com\/\",\"name\":\"Matrax Oyuncak | Futbol, Ah\u015fap, Bilardo, E\u011fitici, Oyuncak \u00dcreticisi\",\"description\":\"Matrax Oyuncak, futbol, ah\u015fap, bilardo ve e\u011fitici oyuncaklar\u0131n \u00fcretimini T\u00fcrkiye&#039;de ger\u00e7ekle\u015ftiren ilk ve tek yerli firma olan Ak\u00e7i\u00e7ek Oyuncak&#039;\u0131n markas\u0131d\u0131r.\",\"publisher\":{\"@id\":\"https:\/\/matraxoyuncak.com\/#organization\"},\"potentialAction\":[{\"@type\":\"SearchAction\",\"target\":{\"@type\":\"EntryPoint\",\"urlTemplate\":\"https:\/\/matraxoyuncak.com\/?s={search_term_string}\"},\"query-input\":{\"@type\":\"PropertyValueSpecification\",\"valueRequired\":true,\"valueName\":\"search_term_string\"}}],\"inLanguage\":\"en-US\"},{\"@type\":\"Organization\",\"@id\":\"https:\/\/matraxoyuncak.com\/#organization\",\"name\":\"Matrax Oyuncak\",\"url\":\"https:\/\/matraxoyuncak.com\/\",\"logo\":{\"@type\":\"ImageObject\",\"inLanguage\":\"en-US\",\"@id\":\"https:\/\/matraxoyuncak.com\/#\/schema\/logo\/image\/\",\"url\":\"https:\/\/matraxoyuncak.com\/wp-content\/uploads\/2022\/05\/matrax-logo.png\",\"contentUrl\":\"https:\/\/matraxoyuncak.com\/wp-content\/uploads\/2022\/05\/matrax-logo.png\",\"width\":228,\"height\":91,\"caption\":\"Matrax Oyuncak\"},\"image\":{\"@id\":\"https:\/\/matraxoyuncak.com\/#\/schema\/logo\/image\/\"}}]}<\/script>\n<!-- \/ Yoast SEO plugin. -->","yoast_head_json":{"title":"Snooker & Pool Set Bilardo Oyunca\u011f\u0131 - Matrax Oyuncak | Futbol, Ah\u015fap, Bilardo, E\u011fitici, Oyuncak \u00dcreticisi","description":"Matrax Oyuncak, futbol, ah\u015fap, bilardo ve e\u011fitici oyuncaklar\u0131n \u00fcretimini T\u00fcrkiye'de ger\u00e7ekle\u015ftiren ilk ve tek yerli firma olan Ak\u00e7i\u00e7ek Oyuncak'\u0131n markas\u0131d\u0131r.","robots":{"index":"index","follow":"follow","max-snippet":"max-snippet:-1","max-image-preview":"max-image-preview:large","max-video-preview":"max-video-preview:-1"},"canonical":"https:\/\/matraxoyuncak.com\/en\/product\/snooker-pool-set-bilardo-oyuncagi\/","og_locale":"en_US","og_type":"article","og_title":"Snooker & Pool Set Bilardo Oyunca\u011f\u0131 - Matrax Oyuncak | Futbol, Ah\u015fap, Bilardo, E\u011fitici, Oyuncak \u00dcreticisi","og_description":"Matrax Oyuncak, futbol, ah\u015fap, bilardo ve e\u011fitici oyuncaklar\u0131n \u00fcretimini T\u00fcrkiye'de ger\u00e7ekle\u015ftiren ilk ve tek yerli firma olan Ak\u00e7i\u00e7ek Oyuncak'\u0131n markas\u0131d\u0131r.","og_url":"https:\/\/matraxoyuncak.com\/en\/product\/snooker-pool-set-bilardo-oyuncagi\/","og_site_name":"Matrax Oyuncak | Futbol, Ah\u015fap, Bilardo, E\u011fitici, Oyuncak \u00dcreticisi","article_modified_time":"2022-07-31T12:09:09+00:00","og_image":[{"width":605,"height":465,"url":"https:\/\/matraxoyuncak.com\/wp-content\/uploads\/2022\/05\/5891011i.jpg","type":"image\/jpeg"}],"twitter_card":"summary_large_image","schema":{"@context":"https:\/\/schema.org","@graph":[{"@type":"WebPage","@id":"https:\/\/matraxoyuncak.com\/urun\/snooker-pool-set-bilardo-oyuncagi\/","url":"https:\/\/matraxoyuncak.com\/urun\/snooker-pool-set-bilardo-oyuncagi\/","name":"Snooker & Pool Set Bilardo Oyunca\u011f\u0131 - Matrax Oyuncak | Futbol, Ah\u015fap, Bilardo, E\u011fitici, Oyuncak \u00dcreticisi","isPartOf":{"@id":"https:\/\/matraxoyuncak.com\/#website"},"primaryImageOfPage":{"@id":"https:\/\/matraxoyuncak.com\/urun\/snooker-pool-set-bilardo-oyuncagi\/#primaryimage"},"image":{"@id":"https:\/\/matraxoyuncak.com\/urun\/snooker-pool-set-bilardo-oyuncagi\/#primaryimage"},"thumbnailUrl":"https:\/\/matraxoyuncak.com\/wp-content\/uploads\/2022\/05\/5891011i.jpg","datePublished":"2022-05-31T09:31:52+00:00","dateModified":"2022-07-31T12:09:09+00:00","description":"Matrax Oyuncak, futbol, ah\u015fap, bilardo ve e\u011fitici oyuncaklar\u0131n \u00fcretimini T\u00fcrkiye'de ger\u00e7ekle\u015ftiren ilk ve tek yerli firma olan Ak\u00e7i\u00e7ek Oyuncak'\u0131n markas\u0131d\u0131r.","breadcrumb":{"@id":"https:\/\/matraxoyuncak.com\/urun\/snooker-pool-set-bilardo-oyuncagi\/#breadcrumb"},"inLanguage":"en-US","potentialAction":[{"@type":"ReadAction","target":["https:\/\/matraxoyuncak.com\/urun\/snooker-pool-set-bilardo-oyuncagi\/"]}]},{"@type":"ImageObject","inLanguage":"en-US","@id":"https:\/\/matraxoyuncak.com\/urun\/snooker-pool-set-bilardo-oyuncagi\/#primaryimage","url":"https:\/\/matraxoyuncak.com\/wp-content\/uploads\/2022\/05\/5891011i.jpg","contentUrl":"https:\/\/matraxoyuncak.com\/wp-content\/uploads\/2022\/05\/5891011i.jpg","width":605,"height":465},{"@type":"BreadcrumbList","@id":"https:\/\/matraxoyuncak.com\/urun\/snooker-pool-set-bilardo-oyuncagi\/#breadcrumb","itemListElement":[{"@type":"ListItem","position":1,"name":"Anasayfa","item":"https:\/\/matraxoyuncak.com\/tr\/"},{"@type":"ListItem","position":2,"name":"\u00dcr\u00fcnler","item":"https:\/\/matraxoyuncak.com\/shop__trashed\/"},{"@type":"ListItem","position":3,"name":"Snooker &#038; Pool Set Bilardo Oyunca\u011f\u0131"}]},{"@type":"WebSite","@id":"https:\/\/matraxoyuncak.com\/#website","url":"https:\/\/matraxoyuncak.com\/","name":"Matrax Oyuncak | Futbol, Ah\u015fap, Bilardo, E\u011fitici, Oyuncak \u00dcreticisi","description":"Matrax Oyuncak, futbol, ah\u015fap, bilardo ve e\u011fitici oyuncaklar\u0131n \u00fcretimini T\u00fcrkiye&#039;de ger\u00e7ekle\u015ftiren ilk ve tek yerli firma olan Ak\u00e7i\u00e7ek Oyuncak&#039;\u0131n markas\u0131d\u0131r.","publisher":{"@id":"https:\/\/matraxoyuncak.com\/#organization"},"potentialAction":[{"@type":"SearchAction","target":{"@type":"EntryPoint","urlTemplate":"https:\/\/matraxoyuncak.com\/?s={search_term_string}"},"query-input":{"@type":"PropertyValueSpecification","valueRequired":true,"valueName":"search_term_string"}}],"inLanguage":"en-US"},{"@type":"Organization","@id":"https:\/\/matraxoyuncak.com\/#organization","name":"Matrax Oyuncak","url":"https:\/\/matraxoyuncak.com\/","logo":{"@type":"ImageObject","inLanguage":"en-US","@id":"https:\/\/matraxoyuncak.com\/#\/schema\/logo\/image\/","url":"https:\/\/matraxoyuncak.com\/wp-content\/uploads\/2022\/05\/matrax-logo.png","contentUrl":"https:\/\/matraxoyuncak.com\/wp-content\/uploads\/2022\/05\/matrax-logo.png","width":228,"height":91,"caption":"Matrax Oyuncak"},"image":{"@id":"https:\/\/matraxoyuncak.com\/#\/schema\/logo\/image\/"}}]}},"_links":{"self":[{"href":"https:\/\/matraxoyuncak.com\/en\/wp-json\/wp\/v2\/product\/20517","targetHints":{"allow":["GET"]}}],"collection":[{"href":"https:\/\/matraxoyuncak.com\/en\/wp-json\/wp\/v2\/product"}],"about":[{"href":"https:\/\/matraxoyuncak.com\/en\/wp-json\/wp\/v2\/types\/product"}],"wp:featuredmedia":[{"embeddable":true,"href":"https:\/\/matraxoyuncak.com\/en\/wp-json\/wp\/v2\/media\/20518"}],"wp:attachment":[{"href":"https:\/\/matraxoyuncak.com\/en\/wp-json\/wp\/v2\/media?parent=20517"}],"wp:term":[{"taxonomy":"product_brand","embeddable":true,"href":"https:\/\/matraxoyuncak.com\/en\/wp-json\/wp\/v2\/product_brand?post=20517"},{"taxonomy":"product_cat","embeddable":true,"href":"https:\/\/matraxoyuncak.com\/en\/wp-json\/wp\/v2\/product_cat?post=20517"},{"taxonomy":"product_tag","embeddable":true,"href":"https:\/\/matraxoyuncak.com\/en\/wp-json\/wp\/v2\/product_tag?post=20517"}],"curies":[{"name":"wp","href":"https:\/\/api.w.org\/{rel}","templated":true}]}}