{"id":21567,"date":"2023-01-23T09:25:16","date_gmt":"2023-01-23T09:25:16","guid":{"rendered":"https:\/\/matraxoyuncak.com\/?post_type=product&#038;p=21567"},"modified":"2025-05-23T10:31:45","modified_gmt":"2025-05-23T10:31:45","slug":"sut-ve-gol","status":"publish","type":"product","link":"https:\/\/matraxoyuncak.com\/ar\/product\/sut-ve-gol\/","title":{"rendered":"\u015eut ve Gol"},"content":{"rendered":"<div class=\"toy-detail\">\n<div class=\"block\">\n<div class=\"text\"><strong>\u0627\u0644\u0631\u0645\u0632 \u0627\u0644\u0634\u0631\u064a\u0637\u064a<\/strong><\/div>\n<div class=\"value\">8695295002277<\/div>\n<div><\/div>\n<\/div>\n<\/div>\n<div class=\"other-details\">\n<div class=\"title\">\n<div class=\"other-details\">\n<div class=\"title\"><strong>\u0627\u0644\u0645\u0639\u0644\u0648\u0645\u0627\u062a \u0627\u0644\u0623\u062e\u0631\u0649<\/strong><\/div>\n<div class=\"desc\">\n<p>\u0634\u0643\u0644 \u0627\u0644\u0639\u0628\u0648\u0629: \u0639\u0644\u0628\u0629 \u0643\u0631\u062a\u0648\u0646<\/p>\n<p>\u0623\u0628\u0639\u0627\u062f \u0627\u0644\u0639\u0644\u0628\u0629: 57 \u00d7 24 \u00d7 13 \u0633\u0645.<\/p>\n<p>\u00dcr\u00fcn Ebatlar\u0131: 105 x 74,5 x 50 (Kurulum sonras\u0131) + 1 Ad. 13cm. \u00c7apl\u0131 TOP<\/p>\n<p>\u0627\u0644\u0643\u0645\u064a\u0629 \u0641\u064a \u0627\u0644\u0635\u0646\u062f\u0648\u0642: 12<\/p>\n<p>Koli Ebatlar\u0131: 76 x 50 x 58 cm<\/p>\n<p>Net Koli A\u011f\u0131rl\u0131\u011f\u0131: 12,400 gr<\/p>\n<\/div>\n<\/div>\n<\/div>\n<\/div>","protected":false},"excerpt":{"rendered":"<p><strong data-start=\"98\" data-end=\"127\">&#8220;\u015eut ve Gol&#8221; oyuncak seti<\/strong>, futbol kalesi ve \u00fczerinde hedef delikleri bulunan bir brandadan olu\u015fur. Bu e\u011flenceli futbol oyunca\u011f\u0131, \u00e7ocuklara hem \u00f6\u011fretici hem de keyifli bir oyun deneyimi sunar. Minikler, topu hedef deliklerinden ge\u00e7irerek puan toplarken motor becerilerini geli\u015ftirir. Kaleye ait file ve futbol topu da set i\u00e7erisinde yer almaktad\u0131r. Bu futbol oyuncak seti, \u00e7ocuklar\u0131n \u015fut yeteneklerini art\u0131r\u0131rken spora olan ilgilerini de peki\u015ftirir. Ayn\u0131 zamanda el-g\u00f6z koordinasyonunu ve bireysel geli\u015fimi destekler.<\/p>","protected":false},"featured_media":21568,"template":"","meta":[],"product_brand":[],"product_cat":[236],"product_tag":[],"class_list":{"0":"post-21567","1":"product","2":"type-product","3":"status-publish","4":"has-post-thumbnail","6":"product_cat-ic-dis-mekan-oyuncaklari","8":"first","9":"instock","10":"shipping-taxable","11":"product-type-simple"},"yoast_head":"<!-- This site is optimized with the Yoast SEO plugin v25.0 - https:\/\/yoast.com\/wordpress\/plugins\/seo\/ -->\n<title>\u015eut ve Gol - Matrax Oyuncak | Futbol, Ah\u015fap, Bilardo, E\u011fitici, Oyuncak \u00dcreticisi<\/title>\n<meta name=\"description\" content=\"\u015eut ve Gol Oyuncak Seti ile \u00e7ocuklar futbol oynamay\u0131 e\u011flenerek \u00f6\u011freniyor. Hedef delikli kale, top ve file ile tam tak\u0131m ve \u015fut becerilerini geli\u015ftirir!\" \/>\n<meta name=\"robots\" content=\"index, follow, max-snippet:-1, max-image-preview:large, max-video-preview:-1\" \/>\n<link rel=\"canonical\" href=\"https:\/\/matraxoyuncak.com\/ar\/product\/sut-ve-gol\/\" \/>\n<meta property=\"og:locale\" content=\"ar_AR\" \/>\n<meta property=\"og:type\" content=\"article\" \/>\n<meta property=\"og:title\" content=\"\u015eut ve Gol - Matrax Oyuncak | Futbol, Ah\u015fap, Bilardo, E\u011fitici, Oyuncak \u00dcreticisi\" \/>\n<meta property=\"og:description\" content=\"\u015eut ve Gol Oyuncak Seti ile \u00e7ocuklar futbol oynamay\u0131 e\u011flenerek \u00f6\u011freniyor. Hedef delikli kale, top ve file ile tam tak\u0131m ve \u015fut becerilerini geli\u015ftirir!\" \/>\n<meta property=\"og:url\" content=\"https:\/\/matraxoyuncak.com\/ar\/product\/sut-ve-gol\/\" \/>\n<meta property=\"og:site_name\" content=\"Matrax Oyuncak | Futbol, Ah\u015fap, Bilardo, E\u011fitici, Oyuncak \u00dcreticisi\" \/>\n<meta property=\"article:modified_time\" content=\"2025-05-23T10:31:45+00:00\" \/>\n<meta property=\"og:image\" content=\"https:\/\/matraxoyuncak.com\/wp-content\/uploads\/2023\/01\/43ab0aa3-4077-41b3-8ac4-c504efb43628.jpg\" \/>\n\t<meta property=\"og:image:width\" content=\"1200\" \/>\n\t<meta property=\"og:image:height\" content=\"797\" \/>\n\t<meta property=\"og:image:type\" content=\"image\/jpeg\" \/>\n<meta name=\"twitter:card\" content=\"summary_large_image\" \/>\n<meta name=\"twitter:label1\" content=\"\u0648\u0642\u062a \u0627\u0644\u0642\u0631\u0627\u0621\u0629 \u0627\u0644\u0645\u064f\u0642\u062f\u0651\u0631\" \/>\n\t<meta name=\"twitter:data1\" content=\"\u062f\u0642\u064a\u0642\u0629 \u0648\u0627\u062d\u062f\u0629\" \/>\n<script type=\"application\/ld+json\" class=\"yoast-schema-graph\">{\"@context\":\"https:\/\/schema.org\",\"@graph\":[{\"@type\":\"WebPage\",\"@id\":\"https:\/\/matraxoyuncak.com\/urun\/sut-ve-gol\/\",\"url\":\"https:\/\/matraxoyuncak.com\/urun\/sut-ve-gol\/\",\"name\":\"\u015eut ve Gol - Matrax Oyuncak | Futbol, Ah\u015fap, Bilardo, E\u011fitici, Oyuncak \u00dcreticisi\",\"isPartOf\":{\"@id\":\"https:\/\/matraxoyuncak.com\/#website\"},\"primaryImageOfPage\":{\"@id\":\"https:\/\/matraxoyuncak.com\/urun\/sut-ve-gol\/#primaryimage\"},\"image\":{\"@id\":\"https:\/\/matraxoyuncak.com\/urun\/sut-ve-gol\/#primaryimage\"},\"thumbnailUrl\":\"https:\/\/matraxoyuncak.com\/wp-content\/uploads\/2023\/01\/43ab0aa3-4077-41b3-8ac4-c504efb43628.jpg\",\"datePublished\":\"2023-01-23T09:25:16+00:00\",\"dateModified\":\"2025-05-23T10:31:45+00:00\",\"description\":\"\u015eut ve Gol Oyuncak Seti ile \u00e7ocuklar futbol oynamay\u0131 e\u011flenerek \u00f6\u011freniyor. Hedef delikli kale, top ve file ile tam tak\u0131m ve \u015fut becerilerini geli\u015ftirir!\",\"breadcrumb\":{\"@id\":\"https:\/\/matraxoyuncak.com\/urun\/sut-ve-gol\/#breadcrumb\"},\"inLanguage\":\"ar\",\"potentialAction\":[{\"@type\":\"ReadAction\",\"target\":[\"https:\/\/matraxoyuncak.com\/urun\/sut-ve-gol\/\"]}]},{\"@type\":\"ImageObject\",\"inLanguage\":\"ar\",\"@id\":\"https:\/\/matraxoyuncak.com\/urun\/sut-ve-gol\/#primaryimage\",\"url\":\"https:\/\/matraxoyuncak.com\/wp-content\/uploads\/2023\/01\/43ab0aa3-4077-41b3-8ac4-c504efb43628.jpg\",\"contentUrl\":\"https:\/\/matraxoyuncak.com\/wp-content\/uploads\/2023\/01\/43ab0aa3-4077-41b3-8ac4-c504efb43628.jpg\",\"width\":1200,\"height\":797},{\"@type\":\"BreadcrumbList\",\"@id\":\"https:\/\/matraxoyuncak.com\/urun\/sut-ve-gol\/#breadcrumb\",\"itemListElement\":[{\"@type\":\"ListItem\",\"position\":1,\"name\":\"Anasayfa\",\"item\":\"https:\/\/matraxoyuncak.com\/tr\/\"},{\"@type\":\"ListItem\",\"position\":2,\"name\":\"\u00dcr\u00fcnler\",\"item\":\"https:\/\/matraxoyuncak.com\/shop__trashed\/\"},{\"@type\":\"ListItem\",\"position\":3,\"name\":\"\u015eut ve Gol\"}]},{\"@type\":\"WebSite\",\"@id\":\"https:\/\/matraxoyuncak.com\/#website\",\"url\":\"https:\/\/matraxoyuncak.com\/\",\"name\":\"Matrax Oyuncak | Futbol, Ah\u015fap, Bilardo, E\u011fitici, Oyuncak \u00dcreticisi\",\"description\":\"Matrax Oyuncak, futbol, ah\u015fap, bilardo ve e\u011fitici oyuncaklar\u0131n \u00fcretimini T\u00fcrkiye&#039;de ger\u00e7ekle\u015ftiren ilk ve tek yerli firma olan Ak\u00e7i\u00e7ek Oyuncak&#039;\u0131n markas\u0131d\u0131r.\",\"publisher\":{\"@id\":\"https:\/\/matraxoyuncak.com\/#organization\"},\"potentialAction\":[{\"@type\":\"SearchAction\",\"target\":{\"@type\":\"EntryPoint\",\"urlTemplate\":\"https:\/\/matraxoyuncak.com\/?s={search_term_string}\"},\"query-input\":{\"@type\":\"PropertyValueSpecification\",\"valueRequired\":true,\"valueName\":\"search_term_string\"}}],\"inLanguage\":\"ar\"},{\"@type\":\"Organization\",\"@id\":\"https:\/\/matraxoyuncak.com\/#organization\",\"name\":\"Matrax Oyuncak\",\"url\":\"https:\/\/matraxoyuncak.com\/\",\"logo\":{\"@type\":\"ImageObject\",\"inLanguage\":\"ar\",\"@id\":\"https:\/\/matraxoyuncak.com\/#\/schema\/logo\/image\/\",\"url\":\"https:\/\/matraxoyuncak.com\/wp-content\/uploads\/2022\/05\/matrax-logo.png\",\"contentUrl\":\"https:\/\/matraxoyuncak.com\/wp-content\/uploads\/2022\/05\/matrax-logo.png\",\"width\":228,\"height\":91,\"caption\":\"Matrax Oyuncak\"},\"image\":{\"@id\":\"https:\/\/matraxoyuncak.com\/#\/schema\/logo\/image\/\"}}]}<\/script>\n<!-- \/ Yoast SEO plugin. -->","yoast_head_json":{"title":"\u015eut ve Gol - Matrax Oyuncak | Futbol, Ah\u015fap, Bilardo, E\u011fitici, Oyuncak \u00dcreticisi","description":"\u015eut ve Gol Oyuncak Seti ile \u00e7ocuklar futbol oynamay\u0131 e\u011flenerek \u00f6\u011freniyor. Hedef delikli kale, top ve file ile tam tak\u0131m ve \u015fut becerilerini geli\u015ftirir!","robots":{"index":"index","follow":"follow","max-snippet":"max-snippet:-1","max-image-preview":"max-image-preview:large","max-video-preview":"max-video-preview:-1"},"canonical":"https:\/\/matraxoyuncak.com\/ar\/product\/sut-ve-gol\/","og_locale":"ar_AR","og_type":"article","og_title":"\u015eut ve Gol - Matrax Oyuncak | Futbol, Ah\u015fap, Bilardo, E\u011fitici, Oyuncak \u00dcreticisi","og_description":"\u015eut ve Gol Oyuncak Seti ile \u00e7ocuklar futbol oynamay\u0131 e\u011flenerek \u00f6\u011freniyor. Hedef delikli kale, top ve file ile tam tak\u0131m ve \u015fut becerilerini geli\u015ftirir!","og_url":"https:\/\/matraxoyuncak.com\/ar\/product\/sut-ve-gol\/","og_site_name":"Matrax Oyuncak | Futbol, Ah\u015fap, Bilardo, E\u011fitici, Oyuncak \u00dcreticisi","article_modified_time":"2025-05-23T10:31:45+00:00","og_image":[{"width":1200,"height":797,"url":"https:\/\/matraxoyuncak.com\/wp-content\/uploads\/2023\/01\/43ab0aa3-4077-41b3-8ac4-c504efb43628.jpg","type":"image\/jpeg"}],"twitter_card":"summary_large_image","twitter_misc":{"\u0648\u0642\u062a \u0627\u0644\u0642\u0631\u0627\u0621\u0629 \u0627\u0644\u0645\u064f\u0642\u062f\u0651\u0631":"\u062f\u0642\u064a\u0642\u0629 \u0648\u0627\u062d\u062f\u0629"},"schema":{"@context":"https:\/\/schema.org","@graph":[{"@type":"WebPage","@id":"https:\/\/matraxoyuncak.com\/urun\/sut-ve-gol\/","url":"https:\/\/matraxoyuncak.com\/urun\/sut-ve-gol\/","name":"\u015eut ve Gol - Matrax Oyuncak | Futbol, Ah\u015fap, Bilardo, E\u011fitici, Oyuncak \u00dcreticisi","isPartOf":{"@id":"https:\/\/matraxoyuncak.com\/#website"},"primaryImageOfPage":{"@id":"https:\/\/matraxoyuncak.com\/urun\/sut-ve-gol\/#primaryimage"},"image":{"@id":"https:\/\/matraxoyuncak.com\/urun\/sut-ve-gol\/#primaryimage"},"thumbnailUrl":"https:\/\/matraxoyuncak.com\/wp-content\/uploads\/2023\/01\/43ab0aa3-4077-41b3-8ac4-c504efb43628.jpg","datePublished":"2023-01-23T09:25:16+00:00","dateModified":"2025-05-23T10:31:45+00:00","description":"\u015eut ve Gol Oyuncak Seti ile \u00e7ocuklar futbol oynamay\u0131 e\u011flenerek \u00f6\u011freniyor. Hedef delikli kale, top ve file ile tam tak\u0131m ve \u015fut becerilerini geli\u015ftirir!","breadcrumb":{"@id":"https:\/\/matraxoyuncak.com\/urun\/sut-ve-gol\/#breadcrumb"},"inLanguage":"ar","potentialAction":[{"@type":"ReadAction","target":["https:\/\/matraxoyuncak.com\/urun\/sut-ve-gol\/"]}]},{"@type":"ImageObject","inLanguage":"ar","@id":"https:\/\/matraxoyuncak.com\/urun\/sut-ve-gol\/#primaryimage","url":"https:\/\/matraxoyuncak.com\/wp-content\/uploads\/2023\/01\/43ab0aa3-4077-41b3-8ac4-c504efb43628.jpg","contentUrl":"https:\/\/matraxoyuncak.com\/wp-content\/uploads\/2023\/01\/43ab0aa3-4077-41b3-8ac4-c504efb43628.jpg","width":1200,"height":797},{"@type":"BreadcrumbList","@id":"https:\/\/matraxoyuncak.com\/urun\/sut-ve-gol\/#breadcrumb","itemListElement":[{"@type":"ListItem","position":1,"name":"Anasayfa","item":"https:\/\/matraxoyuncak.com\/tr\/"},{"@type":"ListItem","position":2,"name":"\u00dcr\u00fcnler","item":"https:\/\/matraxoyuncak.com\/shop__trashed\/"},{"@type":"ListItem","position":3,"name":"\u015eut ve Gol"}]},{"@type":"WebSite","@id":"https:\/\/matraxoyuncak.com\/#website","url":"https:\/\/matraxoyuncak.com\/","name":"Matrax Oyuncak | Futbol, Ah\u015fap, Bilardo, E\u011fitici, Oyuncak \u00dcreticisi","description":"Matrax Oyuncak, futbol, ah\u015fap, bilardo ve e\u011fitici oyuncaklar\u0131n \u00fcretimini T\u00fcrkiye&#039;de ger\u00e7ekle\u015ftiren ilk ve tek yerli firma olan Ak\u00e7i\u00e7ek Oyuncak&#039;\u0131n markas\u0131d\u0131r.","publisher":{"@id":"https:\/\/matraxoyuncak.com\/#organization"},"potentialAction":[{"@type":"SearchAction","target":{"@type":"EntryPoint","urlTemplate":"https:\/\/matraxoyuncak.com\/?s={search_term_string}"},"query-input":{"@type":"PropertyValueSpecification","valueRequired":true,"valueName":"search_term_string"}}],"inLanguage":"ar"},{"@type":"Organization","@id":"https:\/\/matraxoyuncak.com\/#organization","name":"Matrax Oyuncak","url":"https:\/\/matraxoyuncak.com\/","logo":{"@type":"ImageObject","inLanguage":"ar","@id":"https:\/\/matraxoyuncak.com\/#\/schema\/logo\/image\/","url":"https:\/\/matraxoyuncak.com\/wp-content\/uploads\/2022\/05\/matrax-logo.png","contentUrl":"https:\/\/matraxoyuncak.com\/wp-content\/uploads\/2022\/05\/matrax-logo.png","width":228,"height":91,"caption":"Matrax Oyuncak"},"image":{"@id":"https:\/\/matraxoyuncak.com\/#\/schema\/logo\/image\/"}}]}},"_links":{"self":[{"href":"https:\/\/matraxoyuncak.com\/ar\/wp-json\/wp\/v2\/product\/21567","targetHints":{"allow":["GET"]}}],"collection":[{"href":"https:\/\/matraxoyuncak.com\/ar\/wp-json\/wp\/v2\/product"}],"about":[{"href":"https:\/\/matraxoyuncak.com\/ar\/wp-json\/wp\/v2\/types\/product"}],"wp:featuredmedia":[{"embeddable":true,"href":"https:\/\/matraxoyuncak.com\/ar\/wp-json\/wp\/v2\/media\/21568"}],"wp:attachment":[{"href":"https:\/\/matraxoyuncak.com\/ar\/wp-json\/wp\/v2\/media?parent=21567"}],"wp:term":[{"taxonomy":"product_brand","embeddable":true,"href":"https:\/\/matraxoyuncak.com\/ar\/wp-json\/wp\/v2\/product_brand?post=21567"},{"taxonomy":"product_cat","embeddable":true,"href":"https:\/\/matraxoyuncak.com\/ar\/wp-json\/wp\/v2\/product_cat?post=21567"},{"taxonomy":"product_tag","embeddable":true,"href":"https:\/\/matraxoyuncak.com\/ar\/wp-json\/wp\/v2\/product_tag?post=21567"}],"curies":[{"name":"wp","href":"https:\/\/api.w.org\/{rel}","templated":true}]}}