{"id":20964,"date":"2022-06-02T22:21:35","date_gmt":"2022-06-02T22:21:35","guid":{"rendered":"http:\/\/www.favorioyuncak.com\/?post_type=product&#038;p=20964"},"modified":"2022-07-31T12:18:33","modified_gmt":"2022-07-31T12:18:33","slug":"work-machines-is-makineleri12-li-display","status":"publish","type":"product","link":"https:\/\/matraxoyuncak.com\/ar\/product\/work-machines-is-makineleri12-li-display\/","title":{"rendered":"Work Machines\u00ae Work Machines12 \u0644\u064a \u0639\u0631\u0636"},"content":{"rendered":"<div class=\"toy-detail\">\n<div class=\"block\">\n<div class=\"text\"><strong>\u0627\u0644\u0631\u0645\u0632 \u0627\u0644\u0634\u0631\u064a\u0637\u064a<\/strong><\/div>\n<div class=\"value\">8695295002413<\/div>\n<\/div>\n<div class=\"block\">\n<div class=\"text\"><strong>\u0627\u0628\u0639\u0627\u062f \u0627\u0644\u0645\u0646\u062a\u062c<\/strong><\/div>\n<div class=\"value\">10x12x11 \u0633\u0645.<\/div>\n<\/div>\n<div class=\"clear\"><\/div>\n<\/div>\n<div class=\"other-details\">\n<div class=\"title\"><strong>\u0627\u0644\u0645\u0639\u0644\u0648\u0645\u0627\u062a \u0627\u0644\u0623\u062e\u0631\u0649<\/strong><\/div>\n<div class=\"desc\">\n<p>\u0634\u0643\u0644 \u0627\u0644\u0639\u0628\u0648\u0629: 12 \u0639\u0644\u0628\u0629 \u0643\u0631\u062a\u0648\u0646 \u0639\u0631\u0636 \u0644\u0649<\/p>\n<p>\u0623\u0628\u0639\u0627\u062f \u0627\u0644\u0639\u0628\u0648\u0629: \u0664\u0660 \u00d7 \u0663\u0668.\u0665 \u00d7 \u0661\u0665.\u0665 \u0633\u0645.<\/p>\n<p>\u0641\u064a \u0635\u0646\u062f\u0648\u0642 \u0627\u0644\u0639\u0631\u0636: 12 \u0642\u0637\u0639\u0629<\/p>\n<p>\u0627\u0644\u0643\u0645\u064a\u0629 \u0641\u064a \u0635\u0646\u062f\u0648\u0642: 10 \u0639\u0644\u0628 \u0639\u0631\u0636 (120 \u0622\u0644\u0629 \u0628\u0646\u0627\u0621)<\/p>\n<p>\u0623\u0628\u0639\u0627\u062f \u0627\u0644\u0635\u0646\u062f\u0648\u0642: 83 \u00d7 39.5 \u00d7 77.5 \u0633\u0645.<\/p>\n<p>\u0627\u0644\u0648\u0632\u0646 \u0627\u0644\u0635\u0627\u0641\u064a \u0644\u0644\u0635\u0646\u062f\u0648\u0642: 20\u060c960 \u063a\u0631\u0627\u0645.<\/p>\n<\/div>\n<\/div>","protected":false},"excerpt":{"rendered":"<p>\u062a\u062a\u0643\u0648\u0646 &quot;\u0622\u0644\u0627\u062a \u0627\u0644\u0628\u0646\u0627\u0621&quot; \u0627\u0644\u062a\u064a \u062a\u062d\u0645\u0644 \u0639\u0644\u0627\u0645\u0629 \u0645\u0627\u062a\u0631\u0627\u0643\u0633 \u0645\u0646 \u0644\u0639\u0628 \u0641\u064a 9 \u062a\u0635\u0645\u064a\u0645\u0627\u062a \u0645\u062e\u062a\u0644\u0641\u0629. \u0645\u0646 \u0623\u062c\u0644 \u0645\u0646\u0639 \u0625\u0644\u062d\u0627\u0642 \u0627\u0644\u0623\u0630\u0649 \u0628\u0623\u0637\u0641\u0627\u0644\u0646\u0627 \u060c \u062a\u0645 \u062a\u0635\u0645\u064a\u0645\u0647 \u0628\u0623\u0634\u0643\u0627\u0644 \u0630\u0627\u062a \u062e\u0637\u0648\u0637 \u0646\u0627\u0639\u0645\u0629 \u0645\u0646 \u062e\u0644\u0627\u0644 \u062a\u062c\u0646\u0628 \u0627\u0644\u062a\u0635\u0627\u0645\u064a\u0645 \u0630\u0627\u062a \u0627\u0644\u062d\u0648\u0627\u0641 \u0627\u0644\u062d\u0627\u062f\u0629. \u0645\u0627\u062a\u0631\u0627\u0643\u0633 - \u0645\u0639\u062f\u0627\u062a \u0627\u0644\u0628\u0646\u0627\u0621 \u0647\u064a \u0645\u062c\u0645\u0648\u0639\u0629 \u0633\u062a\u062c\u0639\u0644 \u0623\u0637\u0641\u0627\u0644\u0646\u0627 \u064a\u0642\u0636\u0648\u0646 \u0648\u0642\u062a\u064b\u0627 \u0645\u0645\u062a\u0639\u064b\u0627 \u0644\u064a\u0633 \u0641\u0642\u0637 \u0628\u0635\u0631\u064a\u064b\u0627 \u0648\u0644\u0643\u0646 \u0623\u064a\u0636\u064b\u0627 \u0648\u0638\u064a\u0641\u064a\u064b\u0627. \u064a\u0645\u0643\u0646\u0643 \u0634\u0631\u0627\u0621 \u0647\u0630\u0647 \u0627\u0644\u0645\u0646\u062a\u062c\u0627\u062a \u0628\u0634\u0643\u0644 \u0641\u0631\u062f\u064a \u0623\u0648 \u0643\u0645\u062c\u0645\u0648\u0639\u0629 \u0641\u064a \u0645\u062c\u0645\u0648\u0639\u0627\u062a \u0645\u062e\u062a\u0644\u0641\u0629. \u064a\u0639\u062a\u0645\u062f \u0645\u0627 \u0633\u064a\u0641\u0639\u0644\u0648\u0646\u0647 \u0628\u0623\u0639\u0636\u0627\u0621 \u0647\u0630\u0647 \u0627\u0644\u0645\u062c\u0645\u0648\u0639\u0629 \u0643\u0644\u064a\u064b\u0627 \u0639\u0644\u0649 \u062e\u064a\u0627\u0644 \u0627\u0644\u0623\u0637\u0641\u0627\u0644. \u0643\u0645\u0627 \u0647\u0648 \u0627\u0644\u062d\u0627\u0644 \u0645\u0639 \u062c\u0645\u064a\u0639 \u0645\u0646\u062a\u062c\u0627\u062a \u0627\u0644\u0634\u0631\u0643\u0629 \u0627\u0644\u0623\u062e\u0631\u0649 \u060c \u064a\u062a\u0645 \u0625\u0646\u062a\u0627\u062c \u0647\u0630\u0627 \u0627\u0644\u0645\u0646\u062a\u062c \u0645\u0646 \u0627\u0644\u0645\u0648\u0627\u062f \u0627\u0644\u062e\u0627\u0645 \u0648\u0627\u0644\u0623\u0635\u0628\u0627\u063a \u0627\u0644\u0645\u0646\u0627\u0633\u0628\u0629 \u0644\u0635\u062d\u0629 \u0627\u0644\u0637\u0641\u0644. 12 \u0644\u064a \u0627\u0644\u0639\u0631\u0636 \u064a\u0623\u062e\u0630 \u0645\u0643\u0627\u0646\u0647 \u0639\u0644\u0649 \u0627\u0644\u0631\u0641\u0648\u0641 \u0641\u064a \u0627\u0644\u0635\u0646\u062f\u0648\u0642.<\/p>","protected":false},"featured_media":20965,"template":"","meta":[],"product_brand":[],"product_cat":[236],"product_tag":[],"class_list":{"0":"post-20964","1":"product","2":"type-product","3":"status-publish","4":"has-post-thumbnail","6":"product_cat-ic-dis-mekan-oyuncaklari","8":"first","9":"instock","10":"shipping-taxable","11":"product-type-simple"},"yoast_head":"<!-- This site is optimized with the Yoast SEO plugin v25.0 - https:\/\/yoast.com\/wordpress\/plugins\/seo\/ -->\n<title>Work Machines\u00ae \u0130\u015f Makineleri12 li Display - Matrax Oyuncak | Futbol, Ah\u015fap, Bilardo, E\u011fitici, Oyuncak \u00dcreticisi<\/title>\n<meta name=\"description\" content=\"Matrax Oyuncak, futbol, ah\u015fap, bilardo ve e\u011fitici oyuncaklar\u0131n \u00fcretimini T\u00fcrkiye&#039;de ger\u00e7ekle\u015ftiren ilk ve tek yerli firma olan Ak\u00e7i\u00e7ek Oyuncak&#039;\u0131n markas\u0131d\u0131r.\" \/>\n<meta name=\"robots\" content=\"index, follow, max-snippet:-1, max-image-preview:large, max-video-preview:-1\" \/>\n<link rel=\"canonical\" href=\"https:\/\/matraxoyuncak.com\/ar\/product\/work-machines-is-makineleri12-li-display\/\" \/>\n<meta property=\"og:locale\" content=\"ar_AR\" \/>\n<meta property=\"og:type\" content=\"article\" \/>\n<meta property=\"og:title\" content=\"Work Machines\u00ae \u0130\u015f Makineleri12 li Display - Matrax Oyuncak | Futbol, Ah\u015fap, Bilardo, E\u011fitici, Oyuncak \u00dcreticisi\" \/>\n<meta property=\"og:description\" content=\"Matrax Oyuncak, futbol, ah\u015fap, bilardo ve e\u011fitici oyuncaklar\u0131n \u00fcretimini T\u00fcrkiye&#039;de ger\u00e7ekle\u015ftiren ilk ve tek yerli firma olan Ak\u00e7i\u00e7ek Oyuncak&#039;\u0131n markas\u0131d\u0131r.\" \/>\n<meta property=\"og:url\" content=\"https:\/\/matraxoyuncak.com\/ar\/product\/work-machines-is-makineleri12-li-display\/\" \/>\n<meta property=\"og:site_name\" content=\"Matrax Oyuncak | Futbol, Ah\u015fap, Bilardo, E\u011fitici, Oyuncak \u00dcreticisi\" \/>\n<meta property=\"article:modified_time\" content=\"2022-07-31T12:18:33+00:00\" \/>\n<meta property=\"og:image\" content=\"https:\/\/matraxoyuncak.com\/wp-content\/uploads\/2022\/06\/6840241-c.jpg\" \/>\n\t<meta property=\"og:image:width\" content=\"605\" \/>\n\t<meta property=\"og:image:height\" content=\"465\" \/>\n\t<meta property=\"og:image:type\" content=\"image\/jpeg\" \/>\n<meta name=\"twitter:card\" content=\"summary_large_image\" \/>\n<script type=\"application\/ld+json\" class=\"yoast-schema-graph\">{\"@context\":\"https:\/\/schema.org\",\"@graph\":[{\"@type\":\"WebPage\",\"@id\":\"https:\/\/matraxoyuncak.com\/urun\/work-machines-is-makineleri12-li-display\/\",\"url\":\"https:\/\/matraxoyuncak.com\/urun\/work-machines-is-makineleri12-li-display\/\",\"name\":\"Work Machines\u00ae \u0130\u015f Makineleri12 li Display - Matrax Oyuncak | Futbol, Ah\u015fap, Bilardo, E\u011fitici, Oyuncak \u00dcreticisi\",\"isPartOf\":{\"@id\":\"https:\/\/matraxoyuncak.com\/#website\"},\"primaryImageOfPage\":{\"@id\":\"https:\/\/matraxoyuncak.com\/urun\/work-machines-is-makineleri12-li-display\/#primaryimage\"},\"image\":{\"@id\":\"https:\/\/matraxoyuncak.com\/urun\/work-machines-is-makineleri12-li-display\/#primaryimage\"},\"thumbnailUrl\":\"https:\/\/matraxoyuncak.com\/wp-content\/uploads\/2022\/06\/6840241-c.jpg\",\"datePublished\":\"2022-06-02T22:21:35+00:00\",\"dateModified\":\"2022-07-31T12:18:33+00:00\",\"description\":\"Matrax Oyuncak, futbol, ah\u015fap, bilardo ve e\u011fitici oyuncaklar\u0131n \u00fcretimini T\u00fcrkiye'de ger\u00e7ekle\u015ftiren ilk ve tek yerli firma olan Ak\u00e7i\u00e7ek Oyuncak'\u0131n markas\u0131d\u0131r.\",\"breadcrumb\":{\"@id\":\"https:\/\/matraxoyuncak.com\/urun\/work-machines-is-makineleri12-li-display\/#breadcrumb\"},\"inLanguage\":\"ar\",\"potentialAction\":[{\"@type\":\"ReadAction\",\"target\":[\"https:\/\/matraxoyuncak.com\/urun\/work-machines-is-makineleri12-li-display\/\"]}]},{\"@type\":\"ImageObject\",\"inLanguage\":\"ar\",\"@id\":\"https:\/\/matraxoyuncak.com\/urun\/work-machines-is-makineleri12-li-display\/#primaryimage\",\"url\":\"https:\/\/matraxoyuncak.com\/wp-content\/uploads\/2022\/06\/6840241-c.jpg\",\"contentUrl\":\"https:\/\/matraxoyuncak.com\/wp-content\/uploads\/2022\/06\/6840241-c.jpg\",\"width\":605,\"height\":465},{\"@type\":\"BreadcrumbList\",\"@id\":\"https:\/\/matraxoyuncak.com\/urun\/work-machines-is-makineleri12-li-display\/#breadcrumb\",\"itemListElement\":[{\"@type\":\"ListItem\",\"position\":1,\"name\":\"Anasayfa\",\"item\":\"https:\/\/matraxoyuncak.com\/tr\/\"},{\"@type\":\"ListItem\",\"position\":2,\"name\":\"\u00dcr\u00fcnler\",\"item\":\"https:\/\/matraxoyuncak.com\/shop__trashed\/\"},{\"@type\":\"ListItem\",\"position\":3,\"name\":\"Work Machines\u00ae \u0130\u015f Makineleri12 li Display\"}]},{\"@type\":\"WebSite\",\"@id\":\"https:\/\/matraxoyuncak.com\/#website\",\"url\":\"https:\/\/matraxoyuncak.com\/\",\"name\":\"Matrax Oyuncak | Futbol, Ah\u015fap, Bilardo, E\u011fitici, Oyuncak \u00dcreticisi\",\"description\":\"Matrax Oyuncak, futbol, ah\u015fap, bilardo ve e\u011fitici oyuncaklar\u0131n \u00fcretimini T\u00fcrkiye&#039;de ger\u00e7ekle\u015ftiren ilk ve tek yerli firma olan Ak\u00e7i\u00e7ek Oyuncak&#039;\u0131n markas\u0131d\u0131r.\",\"publisher\":{\"@id\":\"https:\/\/matraxoyuncak.com\/#organization\"},\"potentialAction\":[{\"@type\":\"SearchAction\",\"target\":{\"@type\":\"EntryPoint\",\"urlTemplate\":\"https:\/\/matraxoyuncak.com\/?s={search_term_string}\"},\"query-input\":{\"@type\":\"PropertyValueSpecification\",\"valueRequired\":true,\"valueName\":\"search_term_string\"}}],\"inLanguage\":\"ar\"},{\"@type\":\"Organization\",\"@id\":\"https:\/\/matraxoyuncak.com\/#organization\",\"name\":\"Matrax Oyuncak\",\"url\":\"https:\/\/matraxoyuncak.com\/\",\"logo\":{\"@type\":\"ImageObject\",\"inLanguage\":\"ar\",\"@id\":\"https:\/\/matraxoyuncak.com\/#\/schema\/logo\/image\/\",\"url\":\"https:\/\/matraxoyuncak.com\/wp-content\/uploads\/2022\/05\/matrax-logo.png\",\"contentUrl\":\"https:\/\/matraxoyuncak.com\/wp-content\/uploads\/2022\/05\/matrax-logo.png\",\"width\":228,\"height\":91,\"caption\":\"Matrax Oyuncak\"},\"image\":{\"@id\":\"https:\/\/matraxoyuncak.com\/#\/schema\/logo\/image\/\"}}]}<\/script>\n<!-- \/ Yoast SEO plugin. -->","yoast_head_json":{"title":"Work Machines\u00ae \u0130\u015f Makineleri12 li Display - Matrax Oyuncak | Futbol, Ah\u015fap, Bilardo, E\u011fitici, Oyuncak \u00dcreticisi","description":"Matrax Oyuncak, futbol, ah\u015fap, bilardo ve e\u011fitici oyuncaklar\u0131n \u00fcretimini T\u00fcrkiye'de ger\u00e7ekle\u015ftiren ilk ve tek yerli firma olan Ak\u00e7i\u00e7ek Oyuncak'\u0131n markas\u0131d\u0131r.","robots":{"index":"index","follow":"follow","max-snippet":"max-snippet:-1","max-image-preview":"max-image-preview:large","max-video-preview":"max-video-preview:-1"},"canonical":"https:\/\/matraxoyuncak.com\/ar\/product\/work-machines-is-makineleri12-li-display\/","og_locale":"ar_AR","og_type":"article","og_title":"Work Machines\u00ae \u0130\u015f Makineleri12 li Display - Matrax Oyuncak | Futbol, Ah\u015fap, Bilardo, E\u011fitici, Oyuncak \u00dcreticisi","og_description":"Matrax Oyuncak, futbol, ah\u015fap, bilardo ve e\u011fitici oyuncaklar\u0131n \u00fcretimini T\u00fcrkiye'de ger\u00e7ekle\u015ftiren ilk ve tek yerli firma olan Ak\u00e7i\u00e7ek Oyuncak'\u0131n markas\u0131d\u0131r.","og_url":"https:\/\/matraxoyuncak.com\/ar\/product\/work-machines-is-makineleri12-li-display\/","og_site_name":"Matrax Oyuncak | Futbol, Ah\u015fap, Bilardo, E\u011fitici, Oyuncak \u00dcreticisi","article_modified_time":"2022-07-31T12:18:33+00:00","og_image":[{"width":605,"height":465,"url":"https:\/\/matraxoyuncak.com\/wp-content\/uploads\/2022\/06\/6840241-c.jpg","type":"image\/jpeg"}],"twitter_card":"summary_large_image","schema":{"@context":"https:\/\/schema.org","@graph":[{"@type":"WebPage","@id":"https:\/\/matraxoyuncak.com\/urun\/work-machines-is-makineleri12-li-display\/","url":"https:\/\/matraxoyuncak.com\/urun\/work-machines-is-makineleri12-li-display\/","name":"Work Machines\u00ae \u0130\u015f Makineleri12 li Display - Matrax Oyuncak | Futbol, Ah\u015fap, Bilardo, E\u011fitici, Oyuncak \u00dcreticisi","isPartOf":{"@id":"https:\/\/matraxoyuncak.com\/#website"},"primaryImageOfPage":{"@id":"https:\/\/matraxoyuncak.com\/urun\/work-machines-is-makineleri12-li-display\/#primaryimage"},"image":{"@id":"https:\/\/matraxoyuncak.com\/urun\/work-machines-is-makineleri12-li-display\/#primaryimage"},"thumbnailUrl":"https:\/\/matraxoyuncak.com\/wp-content\/uploads\/2022\/06\/6840241-c.jpg","datePublished":"2022-06-02T22:21:35+00:00","dateModified":"2022-07-31T12:18:33+00:00","description":"Matrax Oyuncak, futbol, ah\u015fap, bilardo ve e\u011fitici oyuncaklar\u0131n \u00fcretimini T\u00fcrkiye'de ger\u00e7ekle\u015ftiren ilk ve tek yerli firma olan Ak\u00e7i\u00e7ek Oyuncak'\u0131n markas\u0131d\u0131r.","breadcrumb":{"@id":"https:\/\/matraxoyuncak.com\/urun\/work-machines-is-makineleri12-li-display\/#breadcrumb"},"inLanguage":"ar","potentialAction":[{"@type":"ReadAction","target":["https:\/\/matraxoyuncak.com\/urun\/work-machines-is-makineleri12-li-display\/"]}]},{"@type":"ImageObject","inLanguage":"ar","@id":"https:\/\/matraxoyuncak.com\/urun\/work-machines-is-makineleri12-li-display\/#primaryimage","url":"https:\/\/matraxoyuncak.com\/wp-content\/uploads\/2022\/06\/6840241-c.jpg","contentUrl":"https:\/\/matraxoyuncak.com\/wp-content\/uploads\/2022\/06\/6840241-c.jpg","width":605,"height":465},{"@type":"BreadcrumbList","@id":"https:\/\/matraxoyuncak.com\/urun\/work-machines-is-makineleri12-li-display\/#breadcrumb","itemListElement":[{"@type":"ListItem","position":1,"name":"Anasayfa","item":"https:\/\/matraxoyuncak.com\/tr\/"},{"@type":"ListItem","position":2,"name":"\u00dcr\u00fcnler","item":"https:\/\/matraxoyuncak.com\/shop__trashed\/"},{"@type":"ListItem","position":3,"name":"Work Machines\u00ae \u0130\u015f Makineleri12 li Display"}]},{"@type":"WebSite","@id":"https:\/\/matraxoyuncak.com\/#website","url":"https:\/\/matraxoyuncak.com\/","name":"Matrax Oyuncak | Futbol, Ah\u015fap, Bilardo, E\u011fitici, Oyuncak \u00dcreticisi","description":"Matrax Oyuncak, futbol, ah\u015fap, bilardo ve e\u011fitici oyuncaklar\u0131n \u00fcretimini T\u00fcrkiye&#039;de ger\u00e7ekle\u015ftiren ilk ve tek yerli firma olan Ak\u00e7i\u00e7ek Oyuncak&#039;\u0131n markas\u0131d\u0131r.","publisher":{"@id":"https:\/\/matraxoyuncak.com\/#organization"},"potentialAction":[{"@type":"SearchAction","target":{"@type":"EntryPoint","urlTemplate":"https:\/\/matraxoyuncak.com\/?s={search_term_string}"},"query-input":{"@type":"PropertyValueSpecification","valueRequired":true,"valueName":"search_term_string"}}],"inLanguage":"ar"},{"@type":"Organization","@id":"https:\/\/matraxoyuncak.com\/#organization","name":"Matrax Oyuncak","url":"https:\/\/matraxoyuncak.com\/","logo":{"@type":"ImageObject","inLanguage":"ar","@id":"https:\/\/matraxoyuncak.com\/#\/schema\/logo\/image\/","url":"https:\/\/matraxoyuncak.com\/wp-content\/uploads\/2022\/05\/matrax-logo.png","contentUrl":"https:\/\/matraxoyuncak.com\/wp-content\/uploads\/2022\/05\/matrax-logo.png","width":228,"height":91,"caption":"Matrax Oyuncak"},"image":{"@id":"https:\/\/matraxoyuncak.com\/#\/schema\/logo\/image\/"}}]}},"_links":{"self":[{"href":"https:\/\/matraxoyuncak.com\/ar\/wp-json\/wp\/v2\/product\/20964","targetHints":{"allow":["GET"]}}],"collection":[{"href":"https:\/\/matraxoyuncak.com\/ar\/wp-json\/wp\/v2\/product"}],"about":[{"href":"https:\/\/matraxoyuncak.com\/ar\/wp-json\/wp\/v2\/types\/product"}],"wp:featuredmedia":[{"embeddable":true,"href":"https:\/\/matraxoyuncak.com\/ar\/wp-json\/wp\/v2\/media\/20965"}],"wp:attachment":[{"href":"https:\/\/matraxoyuncak.com\/ar\/wp-json\/wp\/v2\/media?parent=20964"}],"wp:term":[{"taxonomy":"product_brand","embeddable":true,"href":"https:\/\/matraxoyuncak.com\/ar\/wp-json\/wp\/v2\/product_brand?post=20964"},{"taxonomy":"product_cat","embeddable":true,"href":"https:\/\/matraxoyuncak.com\/ar\/wp-json\/wp\/v2\/product_cat?post=20964"},{"taxonomy":"product_tag","embeddable":true,"href":"https:\/\/matraxoyuncak.com\/ar\/wp-json\/wp\/v2\/product_tag?post=20964"}],"curies":[{"name":"wp","href":"https:\/\/api.w.org\/{rel}","templated":true}]}}