{"id":20618,"date":"2022-06-02T18:55:08","date_gmt":"2022-06-02T18:55:08","guid":{"rendered":"http:\/\/www.favorioyuncak.com\/?post_type=product&#038;p=20618"},"modified":"2025-05-23T13:15:39","modified_gmt":"2025-05-23T13:15:39","slug":"rooper-ip-cambazi","status":"publish","type":"product","link":"https:\/\/matraxoyuncak.com\/ar\/product\/rooper-ip-cambazi\/","title":{"rendered":"\u0631\u0648\u0628\u0631 - \u0645\u0634\u062f\u0648\u062f \u0627\u0644\u062d\u0628\u0644 \u0648\u0648\u0643\u0631"},"content":{"rendered":"<div class=\"toy-detail\">\n<div class=\"block\">\n<div class=\"text\"><strong>\u0627\u0644\u0631\u0645\u0632 \u0627\u0644\u0634\u0631\u064a\u0637\u064a<\/strong><\/div>\n<div class=\"value\">8695295000358<\/div>\n<\/div>\n<div class=\"block\">\n<div class=\"text\">\u0627\u0628\u0639\u0627\u062f \u0627\u0644\u0645\u0646\u062a\u062c<\/div>\n<div class=\"value\">28 \u00d7 19.7 \u00d7 1.2 \u0633\u0645<\/div>\n<\/div>\n<div class=\"clear\"><\/div>\n<\/div>\n<div class=\"other-details\">\n<div class=\"title\"><strong>\u0627\u0644\u0645\u0639\u0644\u0648\u0645\u0627\u062a \u0627\u0644\u0623\u062e\u0631\u0649<\/strong><\/div>\n<div class=\"desc\">\n<p>\u0634\u0643\u0644 \u0627\u0644\u0639\u0628\u0648\u0629: \u0639\u0644\u0628\u0629 \u0643\u0631\u062a\u0648\u0646<\/p>\n<p>\u0623\u0628\u0639\u0627\u062f \u0627\u0644\u0639\u0644\u0628\u0629: 38.5 \u00d7 25 \u00d7 7.3 \u0633\u0645.<\/p>\n<p>\u0627\u0644\u0643\u0645\u064a\u0629 \u0641\u064a \u0627\u0644\u0635\u0646\u062f\u0648\u0642: 12<\/p>\n<p>\u0623\u0628\u0639\u0627\u062f \u0627\u0644\u0635\u0646\u062f\u0648\u0642: 51.5 \u00d7 47 \u00d7 41<\/p>\n<p>\u0627\u0644\u0648\u0632\u0646 \u0627\u0644\u0635\u0627\u0641\u064a \u0644\u0644\u0635\u0646\u062f\u0648\u0642: 7\u060c825 \u063a\u0631\u0627\u0645.<\/p>\n<\/div>\n<\/div>","protected":false},"excerpt":{"rendered":"<div class=\"block-title\">\n<p data-start=\"187\" data-end=\"565\"><strong data-start=\"187\" data-end=\"210\">Rooper \u2013 \u0130p Cambaz\u0131<\/strong>, geometrinin en temel kural\u0131ndan ilham alarak tasarlanm\u0131\u015f yarat\u0131c\u0131 ve e\u011fitici bir oyunca\u011f\u0131d\u0131r: \u201c\u0130ki noktadan bir do\u011fru ge\u00e7er.\u201d Yumu\u015fak yap\u0131l\u0131 \u00f6zel oyun platformu \u00fczerindeki \u00f6zel tasar\u0131m deliklere, renkli ipler t\u00fcpler arac\u0131l\u0131\u011f\u0131yla ge\u00e7irilebilir. B\u00f6ylece \u00e7ocuklar, hayal g\u00fc\u00e7lerini kullanarak birbirinden farkl\u0131 \u015fekil, desen ve kompozisyonlar olu\u015fturabilir.<\/p>\n<p data-start=\"567\" data-end=\"812\">Sadece do\u011frular de\u011fil; <strong data-start=\"590\" data-end=\"622\">e\u011friler, d\u00fc\u011f\u00fcmler, fiyonklar<\/strong> ve daha pek \u00e7ok yarat\u0131c\u0131 form bu e\u011flenceli ip oyunca\u011f\u0131 ile m\u00fcmk\u00fcnd\u00fcr. Kullan\u0131m alan\u0131 geni\u015f olan bu \u00fcr\u00fcn, <strong data-start=\"728\" data-end=\"782\">anaokulu, kre\u015f ve ilkokul gibi e\u011fitim kurumlar\u0131nda<\/strong> da s\u0131k\u00e7a tercih edilmektedir.<\/p>\n<p data-start=\"814\" data-end=\"950\"><strong data-start=\"814\" data-end=\"824\">Rooper<\/strong>, e\u011flenceli tasar\u0131m\u0131, motor becerileri geli\u015ftirme potansiyeli ve zihin a\u00e7\u0131c\u0131 yap\u0131s\u0131yla \u00e7ocuklar\u0131n yeni favori oyunca\u011f\u0131 olacak.<\/p>\n<\/div>","protected":false},"featured_media":21693,"template":"","meta":[],"product_brand":[],"product_cat":[235],"product_tag":[],"class_list":{"0":"post-20618","1":"product","2":"type-product","3":"status-publish","4":"has-post-thumbnail","6":"product_cat-egitici-oyuncaklar","8":"first","9":"instock","10":"shipping-taxable","11":"product-type-simple"},"yoast_head":"<!-- This site is optimized with the Yoast SEO plugin v25.0 - https:\/\/yoast.com\/wordpress\/plugins\/seo\/ -->\n<title>Rooper - \u0130p Cambaz\u0131 - Matrax Oyuncak | Futbol, Ah\u015fap, Bilardo, E\u011fitici, Oyuncak \u00dcreticisi<\/title>\n<meta name=\"description\" content=\"Rooper \u2013 \u0130p Cambaz\u0131 ile \u00e7ocuklar hayal g\u00fcc\u00fcn\u00fc konu\u015fturuyor! Renkli iplerle s\u0131n\u0131rs\u0131z \u015fekil, e\u011fitici tasar\u0131m ve anaokullar\u0131na uygun i\u00e7erik bir arada.\" \/>\n<meta name=\"robots\" content=\"index, follow, max-snippet:-1, max-image-preview:large, max-video-preview:-1\" \/>\n<link rel=\"canonical\" href=\"https:\/\/matraxoyuncak.com\/ar\/product\/rooper-ip-cambazi\/\" \/>\n<meta property=\"og:locale\" content=\"ar_AR\" \/>\n<meta property=\"og:type\" content=\"article\" \/>\n<meta property=\"og:title\" content=\"Rooper - \u0130p Cambaz\u0131 - Matrax Oyuncak | Futbol, Ah\u015fap, Bilardo, E\u011fitici, Oyuncak \u00dcreticisi\" \/>\n<meta property=\"og:description\" content=\"Rooper \u2013 \u0130p Cambaz\u0131 ile \u00e7ocuklar hayal g\u00fcc\u00fcn\u00fc konu\u015fturuyor! Renkli iplerle s\u0131n\u0131rs\u0131z \u015fekil, e\u011fitici tasar\u0131m ve anaokullar\u0131na uygun i\u00e7erik bir arada.\" \/>\n<meta property=\"og:url\" content=\"https:\/\/matraxoyuncak.com\/ar\/product\/rooper-ip-cambazi\/\" \/>\n<meta property=\"og:site_name\" content=\"Matrax Oyuncak | Futbol, Ah\u015fap, Bilardo, E\u011fitici, Oyuncak \u00dcreticisi\" \/>\n<meta property=\"article:modified_time\" content=\"2025-05-23T13:15:39+00:00\" \/>\n<meta property=\"og:image\" content=\"https:\/\/matraxoyuncak.com\/wp-content\/uploads\/2022\/06\/035-kt-ve-ic-1.jpg\" \/>\n\t<meta property=\"og:image:width\" content=\"1167\" \/>\n\t<meta property=\"og:image:height\" content=\"1800\" \/>\n\t<meta property=\"og:image:type\" content=\"image\/jpeg\" \/>\n<meta name=\"twitter:card\" content=\"summary_large_image\" \/>\n<meta name=\"twitter:label1\" content=\"\u0648\u0642\u062a \u0627\u0644\u0642\u0631\u0627\u0621\u0629 \u0627\u0644\u0645\u064f\u0642\u062f\u0651\u0631\" \/>\n\t<meta name=\"twitter:data1\" content=\"\u062f\u0642\u064a\u0642\u0629 \u0648\u0627\u062d\u062f\u0629\" \/>\n<script type=\"application\/ld+json\" class=\"yoast-schema-graph\">{\"@context\":\"https:\/\/schema.org\",\"@graph\":[{\"@type\":\"WebPage\",\"@id\":\"https:\/\/matraxoyuncak.com\/urun\/rooper-ip-cambazi\/\",\"url\":\"https:\/\/matraxoyuncak.com\/urun\/rooper-ip-cambazi\/\",\"name\":\"Rooper - \u0130p Cambaz\u0131 - Matrax Oyuncak | Futbol, Ah\u015fap, Bilardo, E\u011fitici, Oyuncak \u00dcreticisi\",\"isPartOf\":{\"@id\":\"https:\/\/matraxoyuncak.com\/#website\"},\"primaryImageOfPage\":{\"@id\":\"https:\/\/matraxoyuncak.com\/urun\/rooper-ip-cambazi\/#primaryimage\"},\"image\":{\"@id\":\"https:\/\/matraxoyuncak.com\/urun\/rooper-ip-cambazi\/#primaryimage\"},\"thumbnailUrl\":\"https:\/\/matraxoyuncak.com\/wp-content\/uploads\/2022\/06\/035-kt-ve-ic-1.jpg\",\"datePublished\":\"2022-06-02T18:55:08+00:00\",\"dateModified\":\"2025-05-23T13:15:39+00:00\",\"description\":\"Rooper \u2013 \u0130p Cambaz\u0131 ile \u00e7ocuklar hayal g\u00fcc\u00fcn\u00fc konu\u015fturuyor! Renkli iplerle s\u0131n\u0131rs\u0131z \u015fekil, e\u011fitici tasar\u0131m ve anaokullar\u0131na uygun i\u00e7erik bir arada.\",\"breadcrumb\":{\"@id\":\"https:\/\/matraxoyuncak.com\/urun\/rooper-ip-cambazi\/#breadcrumb\"},\"inLanguage\":\"ar\",\"potentialAction\":[{\"@type\":\"ReadAction\",\"target\":[\"https:\/\/matraxoyuncak.com\/urun\/rooper-ip-cambazi\/\"]}]},{\"@type\":\"ImageObject\",\"inLanguage\":\"ar\",\"@id\":\"https:\/\/matraxoyuncak.com\/urun\/rooper-ip-cambazi\/#primaryimage\",\"url\":\"https:\/\/matraxoyuncak.com\/wp-content\/uploads\/2022\/06\/035-kt-ve-ic-1.jpg\",\"contentUrl\":\"https:\/\/matraxoyuncak.com\/wp-content\/uploads\/2022\/06\/035-kt-ve-ic-1.jpg\",\"width\":1167,\"height\":1800},{\"@type\":\"BreadcrumbList\",\"@id\":\"https:\/\/matraxoyuncak.com\/urun\/rooper-ip-cambazi\/#breadcrumb\",\"itemListElement\":[{\"@type\":\"ListItem\",\"position\":1,\"name\":\"Anasayfa\",\"item\":\"https:\/\/matraxoyuncak.com\/tr\/\"},{\"@type\":\"ListItem\",\"position\":2,\"name\":\"\u00dcr\u00fcnler\",\"item\":\"https:\/\/matraxoyuncak.com\/shop__trashed\/\"},{\"@type\":\"ListItem\",\"position\":3,\"name\":\"Rooper &#8211; \u0130p Cambaz\u0131\"}]},{\"@type\":\"WebSite\",\"@id\":\"https:\/\/matraxoyuncak.com\/#website\",\"url\":\"https:\/\/matraxoyuncak.com\/\",\"name\":\"Matrax Oyuncak | Futbol, Ah\u015fap, Bilardo, E\u011fitici, Oyuncak \u00dcreticisi\",\"description\":\"Matrax Oyuncak, futbol, ah\u015fap, bilardo ve e\u011fitici oyuncaklar\u0131n \u00fcretimini T\u00fcrkiye&#039;de ger\u00e7ekle\u015ftiren ilk ve tek yerli firma olan Ak\u00e7i\u00e7ek Oyuncak&#039;\u0131n markas\u0131d\u0131r.\",\"publisher\":{\"@id\":\"https:\/\/matraxoyuncak.com\/#organization\"},\"potentialAction\":[{\"@type\":\"SearchAction\",\"target\":{\"@type\":\"EntryPoint\",\"urlTemplate\":\"https:\/\/matraxoyuncak.com\/?s={search_term_string}\"},\"query-input\":{\"@type\":\"PropertyValueSpecification\",\"valueRequired\":true,\"valueName\":\"search_term_string\"}}],\"inLanguage\":\"ar\"},{\"@type\":\"Organization\",\"@id\":\"https:\/\/matraxoyuncak.com\/#organization\",\"name\":\"Matrax Oyuncak\",\"url\":\"https:\/\/matraxoyuncak.com\/\",\"logo\":{\"@type\":\"ImageObject\",\"inLanguage\":\"ar\",\"@id\":\"https:\/\/matraxoyuncak.com\/#\/schema\/logo\/image\/\",\"url\":\"https:\/\/matraxoyuncak.com\/wp-content\/uploads\/2022\/05\/matrax-logo.png\",\"contentUrl\":\"https:\/\/matraxoyuncak.com\/wp-content\/uploads\/2022\/05\/matrax-logo.png\",\"width\":228,\"height\":91,\"caption\":\"Matrax Oyuncak\"},\"image\":{\"@id\":\"https:\/\/matraxoyuncak.com\/#\/schema\/logo\/image\/\"}}]}<\/script>\n<!-- \/ Yoast SEO plugin. -->","yoast_head_json":{"title":"Rooper - \u0130p Cambaz\u0131 - Matrax Oyuncak | Futbol, Ah\u015fap, Bilardo, E\u011fitici, Oyuncak \u00dcreticisi","description":"Rooper \u2013 \u0130p Cambaz\u0131 ile \u00e7ocuklar hayal g\u00fcc\u00fcn\u00fc konu\u015fturuyor! Renkli iplerle s\u0131n\u0131rs\u0131z \u015fekil, e\u011fitici tasar\u0131m ve anaokullar\u0131na uygun i\u00e7erik bir arada.","robots":{"index":"index","follow":"follow","max-snippet":"max-snippet:-1","max-image-preview":"max-image-preview:large","max-video-preview":"max-video-preview:-1"},"canonical":"https:\/\/matraxoyuncak.com\/ar\/product\/rooper-ip-cambazi\/","og_locale":"ar_AR","og_type":"article","og_title":"Rooper - \u0130p Cambaz\u0131 - Matrax Oyuncak | Futbol, Ah\u015fap, Bilardo, E\u011fitici, Oyuncak \u00dcreticisi","og_description":"Rooper \u2013 \u0130p Cambaz\u0131 ile \u00e7ocuklar hayal g\u00fcc\u00fcn\u00fc konu\u015fturuyor! Renkli iplerle s\u0131n\u0131rs\u0131z \u015fekil, e\u011fitici tasar\u0131m ve anaokullar\u0131na uygun i\u00e7erik bir arada.","og_url":"https:\/\/matraxoyuncak.com\/ar\/product\/rooper-ip-cambazi\/","og_site_name":"Matrax Oyuncak | Futbol, Ah\u015fap, Bilardo, E\u011fitici, Oyuncak \u00dcreticisi","article_modified_time":"2025-05-23T13:15:39+00:00","og_image":[{"width":1167,"height":1800,"url":"https:\/\/matraxoyuncak.com\/wp-content\/uploads\/2022\/06\/035-kt-ve-ic-1.jpg","type":"image\/jpeg"}],"twitter_card":"summary_large_image","twitter_misc":{"\u0648\u0642\u062a \u0627\u0644\u0642\u0631\u0627\u0621\u0629 \u0627\u0644\u0645\u064f\u0642\u062f\u0651\u0631":"\u062f\u0642\u064a\u0642\u0629 \u0648\u0627\u062d\u062f\u0629"},"schema":{"@context":"https:\/\/schema.org","@graph":[{"@type":"WebPage","@id":"https:\/\/matraxoyuncak.com\/urun\/rooper-ip-cambazi\/","url":"https:\/\/matraxoyuncak.com\/urun\/rooper-ip-cambazi\/","name":"Rooper - \u0130p Cambaz\u0131 - Matrax Oyuncak | Futbol, Ah\u015fap, Bilardo, E\u011fitici, Oyuncak \u00dcreticisi","isPartOf":{"@id":"https:\/\/matraxoyuncak.com\/#website"},"primaryImageOfPage":{"@id":"https:\/\/matraxoyuncak.com\/urun\/rooper-ip-cambazi\/#primaryimage"},"image":{"@id":"https:\/\/matraxoyuncak.com\/urun\/rooper-ip-cambazi\/#primaryimage"},"thumbnailUrl":"https:\/\/matraxoyuncak.com\/wp-content\/uploads\/2022\/06\/035-kt-ve-ic-1.jpg","datePublished":"2022-06-02T18:55:08+00:00","dateModified":"2025-05-23T13:15:39+00:00","description":"Rooper \u2013 \u0130p Cambaz\u0131 ile \u00e7ocuklar hayal g\u00fcc\u00fcn\u00fc konu\u015fturuyor! Renkli iplerle s\u0131n\u0131rs\u0131z \u015fekil, e\u011fitici tasar\u0131m ve anaokullar\u0131na uygun i\u00e7erik bir arada.","breadcrumb":{"@id":"https:\/\/matraxoyuncak.com\/urun\/rooper-ip-cambazi\/#breadcrumb"},"inLanguage":"ar","potentialAction":[{"@type":"ReadAction","target":["https:\/\/matraxoyuncak.com\/urun\/rooper-ip-cambazi\/"]}]},{"@type":"ImageObject","inLanguage":"ar","@id":"https:\/\/matraxoyuncak.com\/urun\/rooper-ip-cambazi\/#primaryimage","url":"https:\/\/matraxoyuncak.com\/wp-content\/uploads\/2022\/06\/035-kt-ve-ic-1.jpg","contentUrl":"https:\/\/matraxoyuncak.com\/wp-content\/uploads\/2022\/06\/035-kt-ve-ic-1.jpg","width":1167,"height":1800},{"@type":"BreadcrumbList","@id":"https:\/\/matraxoyuncak.com\/urun\/rooper-ip-cambazi\/#breadcrumb","itemListElement":[{"@type":"ListItem","position":1,"name":"Anasayfa","item":"https:\/\/matraxoyuncak.com\/tr\/"},{"@type":"ListItem","position":2,"name":"\u00dcr\u00fcnler","item":"https:\/\/matraxoyuncak.com\/shop__trashed\/"},{"@type":"ListItem","position":3,"name":"Rooper &#8211; \u0130p Cambaz\u0131"}]},{"@type":"WebSite","@id":"https:\/\/matraxoyuncak.com\/#website","url":"https:\/\/matraxoyuncak.com\/","name":"Matrax Oyuncak | Futbol, Ah\u015fap, Bilardo, E\u011fitici, Oyuncak \u00dcreticisi","description":"Matrax Oyuncak, futbol, ah\u015fap, bilardo ve e\u011fitici oyuncaklar\u0131n \u00fcretimini T\u00fcrkiye&#039;de ger\u00e7ekle\u015ftiren ilk ve tek yerli firma olan Ak\u00e7i\u00e7ek Oyuncak&#039;\u0131n markas\u0131d\u0131r.","publisher":{"@id":"https:\/\/matraxoyuncak.com\/#organization"},"potentialAction":[{"@type":"SearchAction","target":{"@type":"EntryPoint","urlTemplate":"https:\/\/matraxoyuncak.com\/?s={search_term_string}"},"query-input":{"@type":"PropertyValueSpecification","valueRequired":true,"valueName":"search_term_string"}}],"inLanguage":"ar"},{"@type":"Organization","@id":"https:\/\/matraxoyuncak.com\/#organization","name":"Matrax Oyuncak","url":"https:\/\/matraxoyuncak.com\/","logo":{"@type":"ImageObject","inLanguage":"ar","@id":"https:\/\/matraxoyuncak.com\/#\/schema\/logo\/image\/","url":"https:\/\/matraxoyuncak.com\/wp-content\/uploads\/2022\/05\/matrax-logo.png","contentUrl":"https:\/\/matraxoyuncak.com\/wp-content\/uploads\/2022\/05\/matrax-logo.png","width":228,"height":91,"caption":"Matrax Oyuncak"},"image":{"@id":"https:\/\/matraxoyuncak.com\/#\/schema\/logo\/image\/"}}]}},"_links":{"self":[{"href":"https:\/\/matraxoyuncak.com\/ar\/wp-json\/wp\/v2\/product\/20618","targetHints":{"allow":["GET"]}}],"collection":[{"href":"https:\/\/matraxoyuncak.com\/ar\/wp-json\/wp\/v2\/product"}],"about":[{"href":"https:\/\/matraxoyuncak.com\/ar\/wp-json\/wp\/v2\/types\/product"}],"wp:featuredmedia":[{"embeddable":true,"href":"https:\/\/matraxoyuncak.com\/ar\/wp-json\/wp\/v2\/media\/21693"}],"wp:attachment":[{"href":"https:\/\/matraxoyuncak.com\/ar\/wp-json\/wp\/v2\/media?parent=20618"}],"wp:term":[{"taxonomy":"product_brand","embeddable":true,"href":"https:\/\/matraxoyuncak.com\/ar\/wp-json\/wp\/v2\/product_brand?post=20618"},{"taxonomy":"product_cat","embeddable":true,"href":"https:\/\/matraxoyuncak.com\/ar\/wp-json\/wp\/v2\/product_cat?post=20618"},{"taxonomy":"product_tag","embeddable":true,"href":"https:\/\/matraxoyuncak.com\/ar\/wp-json\/wp\/v2\/product_tag?post=20618"}],"curies":[{"name":"wp","href":"https:\/\/api.w.org\/{rel}","templated":true}]}}