{"id":20574,"date":"2022-05-31T15:02:58","date_gmt":"2022-05-31T15:02:58","guid":{"rendered":"http:\/\/www.favorioyuncak.com\/?post_type=product&#038;p=20574"},"modified":"2022-05-31T15:02:58","modified_gmt":"2022-05-31T15:02:58","slug":"gs-ahsap-masa-maci","status":"publish","type":"product","link":"https:\/\/matraxoyuncak.com\/ar\/product\/gs-ahsap-masa-maci\/","title":{"rendered":"\u0645\u0628\u0627\u0631\u0627\u0629 \u0637\u0627\u0648\u0644\u0629 \u062e\u0634\u0628\u064a\u0629 GS"},"content":{"rendered":"<div class=\"block-title\">\u0645\u0648\u0627\u0635\u0641\u0627\u062a \u0627\u0644\u0645\u0646\u062a\u062c<\/div>\n<div class=\"clear\"><\/div>\n<div class=\"toy-detail\">\n<div class=\"block\">\n<div class=\"text\">\u0643\u0648\u062f \u0627\u0644\u0645\u0646\u062a\u062c<\/div>\n<div class=\"value\">831<\/div>\n<\/div>\n<div class=\"block\">\n<div class=\"text\">\u0627\u0644\u0631\u0645\u0632 \u0627\u0644\u0634\u0631\u064a\u0637\u064a<\/div>\n<div class=\"value\">8695295008316<\/div>\n<\/div>\n<div class=\"block\">\n<div class=\"text\">\u0627\u0628\u0639\u0627\u062f \u0627\u0644\u0645\u0646\u062a\u062c<\/div>\n<div class=\"value\">54 \u00d7 49.3 \u00d7 10.4 \u0633\u0645. (\u0645\u0646 \u0627\u0644\u0645\u0642\u0628\u0636 \u0625\u0644\u0649 \u0627\u0644\u0645\u0646\u0627\u0648\u0644\u0629 \u0628\u0639\u062f \u0627\u0644\u062a\u062b\u0628\u064a\u062a)<\/div>\n<\/div>\n<div class=\"clear\"><\/div>\n<\/div>\n<div class=\"other-details\">\n<div class=\"title\">\u0627\u0644\u0645\u0639\u0644\u0648\u0645\u0627\u062a \u0627\u0644\u0623\u062e\u0631\u0649<\/div>\n<div class=\"desc\">\n<p>\u0634\u0643\u0644 \u0627\u0644\u0639\u0628\u0648\u0629: \u0639\u0644\u0628\u0629 \u0643\u0631\u062a\u0648\u0646<\/p>\n<p>\u0623\u0628\u0639\u0627\u062f \u0627\u0644\u0639\u0644\u0628\u0629: 45 \u00d7 32.5 \u00d7 11 \u0633\u0645.<\/p>\n<p>\u0627\u0644\u0643\u0645\u064a\u0629 \u0641\u064a \u0627\u0644\u0635\u0646\u062f\u0648\u0642: 6<\/p>\n<p>\u0623\u0628\u0639\u0627\u062f \u0627\u0644\u0635\u0646\u062f\u0648\u0642: 66 \u00d7 33.5 \u00d7 46.5 \u0633\u0645.<\/p>\n<p>\u0627\u0644\u0648\u0632\u0646 \u0627\u0644\u0635\u0627\u0641\u064a \u0644\u0644\u0635\u0646\u062f\u0648\u0642: 12\u060c820 \u063a\u0631\u0627\u0645.<\/p>\n<\/div>\n<\/div>","protected":false},"excerpt":{"rendered":"<p>\u0646\u062d\u0646 \u0646\u0633\u062a\u0645\u062a\u0639 \u0628\u0645\u0628\u0627\u0631\u064a\u0627\u062a \u0627\u0644\u0637\u0627\u0648\u0644\u0629 \u0627\u0644\u062e\u0634\u0628\u064a\u0629 \u0641\u064a \u0645\u0646\u0632\u0644\u0643 \u060c \u0648\u0645\u0639 GALATASARAY! \u062a\u0648\u0644\u0649 \u0631\u0626\u0627\u0633\u0629 \u0641\u0631\u064a\u0642\u0643 \u0648\u0627\u062a\u062e\u0627\u0630 \u0627\u0644\u062e\u0637\u0648\u0629 \u0627\u0644\u0623\u0648\u0644\u0649 \u0641\u064a \u0637\u0631\u064a\u0642\u0643 \u0646\u062d\u0648 \u0627\u0644\u0628\u0637\u0648\u0644\u0629. \u0627\u062c\u0639\u0644 \u0627\u0644\u0646\u062c\u0645 \u0627\u0644\u0639\u0627\u0644\u0645\u064a \u0627\u0644\u0630\u064a \u062a\u0631\u064a\u062f\u0647 \u0623\u0646 \u062a\u0643\u0648\u0646 \u0623\u0641\u0636\u0644 \u062e\u0627\u062f\u0645 \u0641\u064a \u0627\u0644\u0628\u0637\u0648\u0644\u0629 \u0648\u0647\u0632\u0645 \u062e\u0635\u0648\u0645\u0643. \u0644\u0639\u0628\u0629 \u0637\u0627\u0648\u0644\u0629 \u0637\u0627\u0648\u0644\u0629 \u062e\u0634\u0628\u064a\u0629 GALATASARAY \u0643\u0627\u0641\u064a\u0629 \u0644\u062a\u0635\u0628\u062d \u0646\u062c\u0645 \u0643\u0631\u0629 \u0642\u062f\u0645 \u062d\u0642\u064a\u0642\u064a. \u0645\u0627 \u0627\u0644\u0630\u064a \u062a\u0631\u064a\u062f\u0647 \u0644\u0644\u062a\u0631\u062d\u064a\u0628 \u0628\u0646\u062c\u0648\u0645 \u0643\u0631\u0629 \u0627\u0644\u0642\u062f\u0645 \u0627\u0644\u0645\u0641\u0636\u0644\u0629 \u0644\u062f\u064a\u0643 \u0641\u064a \u0627\u0644\u0645\u0646\u0632\u0644\u061f<\/p>","protected":false},"featured_media":20575,"template":"","meta":[],"product_brand":[],"product_cat":[238],"product_tag":[247],"class_list":{"0":"post-20574","1":"product","2":"type-product","3":"status-publish","4":"has-post-thumbnail","6":"product_cat-lisansli-oyuncaklar","7":"product_tag-langirt","9":"first","10":"instock","11":"shipping-taxable","12":"product-type-simple"},"yoast_head":"<!-- This site is optimized with the Yoast SEO plugin v25.0 - https:\/\/yoast.com\/wordpress\/plugins\/seo\/ -->\n<title>GS Ah\u015fap Masa Ma\u00e7\u0131 - Matrax Oyuncak | Futbol, Ah\u015fap, Bilardo, E\u011fitici, Oyuncak \u00dcreticisi<\/title>\n<meta name=\"description\" content=\"Matrax Oyuncak, futbol, ah\u015fap, bilardo ve e\u011fitici oyuncaklar\u0131n \u00fcretimini T\u00fcrkiye&#039;de ger\u00e7ekle\u015ftiren ilk ve tek yerli firma olan Ak\u00e7i\u00e7ek Oyuncak&#039;\u0131n markas\u0131d\u0131r.\" \/>\n<meta name=\"robots\" content=\"index, follow, max-snippet:-1, max-image-preview:large, max-video-preview:-1\" \/>\n<link rel=\"canonical\" href=\"https:\/\/matraxoyuncak.com\/ar\/product\/gs-ahsap-masa-maci\/\" \/>\n<meta property=\"og:locale\" content=\"ar_AR\" \/>\n<meta property=\"og:type\" content=\"article\" \/>\n<meta property=\"og:title\" content=\"GS Ah\u015fap Masa Ma\u00e7\u0131 - Matrax Oyuncak | Futbol, Ah\u015fap, Bilardo, E\u011fitici, Oyuncak \u00dcreticisi\" \/>\n<meta property=\"og:description\" content=\"Matrax Oyuncak, futbol, ah\u015fap, bilardo ve e\u011fitici oyuncaklar\u0131n \u00fcretimini T\u00fcrkiye&#039;de ger\u00e7ekle\u015ftiren ilk ve tek yerli firma olan Ak\u00e7i\u00e7ek Oyuncak&#039;\u0131n markas\u0131d\u0131r.\" \/>\n<meta property=\"og:url\" content=\"https:\/\/matraxoyuncak.com\/ar\/product\/gs-ahsap-masa-maci\/\" \/>\n<meta property=\"og:site_name\" content=\"Matrax Oyuncak | Futbol, Ah\u015fap, Bilardo, E\u011fitici, Oyuncak \u00dcreticisi\" \/>\n<meta property=\"og:image\" content=\"https:\/\/matraxoyuncak.com\/wp-content\/uploads\/2022\/05\/12312.jpg\" \/>\n\t<meta property=\"og:image:width\" content=\"605\" \/>\n\t<meta property=\"og:image:height\" content=\"465\" \/>\n\t<meta property=\"og:image:type\" content=\"image\/jpeg\" \/>\n<meta name=\"twitter:card\" content=\"summary_large_image\" \/>\n<script type=\"application\/ld+json\" class=\"yoast-schema-graph\">{\"@context\":\"https:\/\/schema.org\",\"@graph\":[{\"@type\":\"WebPage\",\"@id\":\"https:\/\/matraxoyuncak.com\/urun\/gs-ahsap-masa-maci\/\",\"url\":\"https:\/\/matraxoyuncak.com\/urun\/gs-ahsap-masa-maci\/\",\"name\":\"GS Ah\u015fap Masa Ma\u00e7\u0131 - Matrax Oyuncak | Futbol, Ah\u015fap, Bilardo, E\u011fitici, Oyuncak \u00dcreticisi\",\"isPartOf\":{\"@id\":\"https:\/\/matraxoyuncak.com\/#website\"},\"primaryImageOfPage\":{\"@id\":\"https:\/\/matraxoyuncak.com\/urun\/gs-ahsap-masa-maci\/#primaryimage\"},\"image\":{\"@id\":\"https:\/\/matraxoyuncak.com\/urun\/gs-ahsap-masa-maci\/#primaryimage\"},\"thumbnailUrl\":\"https:\/\/matraxoyuncak.com\/wp-content\/uploads\/2022\/05\/12312.jpg\",\"datePublished\":\"2022-05-31T15:02:58+00:00\",\"description\":\"Matrax Oyuncak, futbol, ah\u015fap, bilardo ve e\u011fitici oyuncaklar\u0131n \u00fcretimini T\u00fcrkiye'de ger\u00e7ekle\u015ftiren ilk ve tek yerli firma olan Ak\u00e7i\u00e7ek Oyuncak'\u0131n markas\u0131d\u0131r.\",\"breadcrumb\":{\"@id\":\"https:\/\/matraxoyuncak.com\/urun\/gs-ahsap-masa-maci\/#breadcrumb\"},\"inLanguage\":\"ar\",\"potentialAction\":[{\"@type\":\"ReadAction\",\"target\":[\"https:\/\/matraxoyuncak.com\/urun\/gs-ahsap-masa-maci\/\"]}]},{\"@type\":\"ImageObject\",\"inLanguage\":\"ar\",\"@id\":\"https:\/\/matraxoyuncak.com\/urun\/gs-ahsap-masa-maci\/#primaryimage\",\"url\":\"https:\/\/matraxoyuncak.com\/wp-content\/uploads\/2022\/05\/12312.jpg\",\"contentUrl\":\"https:\/\/matraxoyuncak.com\/wp-content\/uploads\/2022\/05\/12312.jpg\",\"width\":605,\"height\":465},{\"@type\":\"BreadcrumbList\",\"@id\":\"https:\/\/matraxoyuncak.com\/urun\/gs-ahsap-masa-maci\/#breadcrumb\",\"itemListElement\":[{\"@type\":\"ListItem\",\"position\":1,\"name\":\"Anasayfa\",\"item\":\"https:\/\/matraxoyuncak.com\/tr\/\"},{\"@type\":\"ListItem\",\"position\":2,\"name\":\"\u00dcr\u00fcnler\",\"item\":\"https:\/\/matraxoyuncak.com\/shop__trashed\/\"},{\"@type\":\"ListItem\",\"position\":3,\"name\":\"GS Ah\u015fap Masa Ma\u00e7\u0131\"}]},{\"@type\":\"WebSite\",\"@id\":\"https:\/\/matraxoyuncak.com\/#website\",\"url\":\"https:\/\/matraxoyuncak.com\/\",\"name\":\"Matrax Oyuncak | Futbol, Ah\u015fap, Bilardo, E\u011fitici, Oyuncak \u00dcreticisi\",\"description\":\"Matrax Oyuncak, futbol, ah\u015fap, bilardo ve e\u011fitici oyuncaklar\u0131n \u00fcretimini T\u00fcrkiye&#039;de ger\u00e7ekle\u015ftiren ilk ve tek yerli firma olan Ak\u00e7i\u00e7ek Oyuncak&#039;\u0131n markas\u0131d\u0131r.\",\"publisher\":{\"@id\":\"https:\/\/matraxoyuncak.com\/#organization\"},\"potentialAction\":[{\"@type\":\"SearchAction\",\"target\":{\"@type\":\"EntryPoint\",\"urlTemplate\":\"https:\/\/matraxoyuncak.com\/?s={search_term_string}\"},\"query-input\":{\"@type\":\"PropertyValueSpecification\",\"valueRequired\":true,\"valueName\":\"search_term_string\"}}],\"inLanguage\":\"ar\"},{\"@type\":\"Organization\",\"@id\":\"https:\/\/matraxoyuncak.com\/#organization\",\"name\":\"Matrax Oyuncak\",\"url\":\"https:\/\/matraxoyuncak.com\/\",\"logo\":{\"@type\":\"ImageObject\",\"inLanguage\":\"ar\",\"@id\":\"https:\/\/matraxoyuncak.com\/#\/schema\/logo\/image\/\",\"url\":\"https:\/\/matraxoyuncak.com\/wp-content\/uploads\/2022\/05\/matrax-logo.png\",\"contentUrl\":\"https:\/\/matraxoyuncak.com\/wp-content\/uploads\/2022\/05\/matrax-logo.png\",\"width\":228,\"height\":91,\"caption\":\"Matrax Oyuncak\"},\"image\":{\"@id\":\"https:\/\/matraxoyuncak.com\/#\/schema\/logo\/image\/\"}}]}<\/script>\n<!-- \/ Yoast SEO plugin. -->","yoast_head_json":{"title":"GS Ah\u015fap Masa Ma\u00e7\u0131 - Matrax Oyuncak | Futbol, Ah\u015fap, Bilardo, E\u011fitici, Oyuncak \u00dcreticisi","description":"Matrax Oyuncak, futbol, ah\u015fap, bilardo ve e\u011fitici oyuncaklar\u0131n \u00fcretimini T\u00fcrkiye'de ger\u00e7ekle\u015ftiren ilk ve tek yerli firma olan Ak\u00e7i\u00e7ek Oyuncak'\u0131n markas\u0131d\u0131r.","robots":{"index":"index","follow":"follow","max-snippet":"max-snippet:-1","max-image-preview":"max-image-preview:large","max-video-preview":"max-video-preview:-1"},"canonical":"https:\/\/matraxoyuncak.com\/ar\/product\/gs-ahsap-masa-maci\/","og_locale":"ar_AR","og_type":"article","og_title":"GS Ah\u015fap Masa Ma\u00e7\u0131 - Matrax Oyuncak | Futbol, Ah\u015fap, Bilardo, E\u011fitici, Oyuncak \u00dcreticisi","og_description":"Matrax Oyuncak, futbol, ah\u015fap, bilardo ve e\u011fitici oyuncaklar\u0131n \u00fcretimini T\u00fcrkiye'de ger\u00e7ekle\u015ftiren ilk ve tek yerli firma olan Ak\u00e7i\u00e7ek Oyuncak'\u0131n markas\u0131d\u0131r.","og_url":"https:\/\/matraxoyuncak.com\/ar\/product\/gs-ahsap-masa-maci\/","og_site_name":"Matrax Oyuncak | Futbol, Ah\u015fap, Bilardo, E\u011fitici, Oyuncak \u00dcreticisi","og_image":[{"width":605,"height":465,"url":"https:\/\/matraxoyuncak.com\/wp-content\/uploads\/2022\/05\/12312.jpg","type":"image\/jpeg"}],"twitter_card":"summary_large_image","schema":{"@context":"https:\/\/schema.org","@graph":[{"@type":"WebPage","@id":"https:\/\/matraxoyuncak.com\/urun\/gs-ahsap-masa-maci\/","url":"https:\/\/matraxoyuncak.com\/urun\/gs-ahsap-masa-maci\/","name":"GS Ah\u015fap Masa Ma\u00e7\u0131 - Matrax Oyuncak | Futbol, Ah\u015fap, Bilardo, E\u011fitici, Oyuncak \u00dcreticisi","isPartOf":{"@id":"https:\/\/matraxoyuncak.com\/#website"},"primaryImageOfPage":{"@id":"https:\/\/matraxoyuncak.com\/urun\/gs-ahsap-masa-maci\/#primaryimage"},"image":{"@id":"https:\/\/matraxoyuncak.com\/urun\/gs-ahsap-masa-maci\/#primaryimage"},"thumbnailUrl":"https:\/\/matraxoyuncak.com\/wp-content\/uploads\/2022\/05\/12312.jpg","datePublished":"2022-05-31T15:02:58+00:00","description":"Matrax Oyuncak, futbol, ah\u015fap, bilardo ve e\u011fitici oyuncaklar\u0131n \u00fcretimini T\u00fcrkiye'de ger\u00e7ekle\u015ftiren ilk ve tek yerli firma olan Ak\u00e7i\u00e7ek Oyuncak'\u0131n markas\u0131d\u0131r.","breadcrumb":{"@id":"https:\/\/matraxoyuncak.com\/urun\/gs-ahsap-masa-maci\/#breadcrumb"},"inLanguage":"ar","potentialAction":[{"@type":"ReadAction","target":["https:\/\/matraxoyuncak.com\/urun\/gs-ahsap-masa-maci\/"]}]},{"@type":"ImageObject","inLanguage":"ar","@id":"https:\/\/matraxoyuncak.com\/urun\/gs-ahsap-masa-maci\/#primaryimage","url":"https:\/\/matraxoyuncak.com\/wp-content\/uploads\/2022\/05\/12312.jpg","contentUrl":"https:\/\/matraxoyuncak.com\/wp-content\/uploads\/2022\/05\/12312.jpg","width":605,"height":465},{"@type":"BreadcrumbList","@id":"https:\/\/matraxoyuncak.com\/urun\/gs-ahsap-masa-maci\/#breadcrumb","itemListElement":[{"@type":"ListItem","position":1,"name":"Anasayfa","item":"https:\/\/matraxoyuncak.com\/tr\/"},{"@type":"ListItem","position":2,"name":"\u00dcr\u00fcnler","item":"https:\/\/matraxoyuncak.com\/shop__trashed\/"},{"@type":"ListItem","position":3,"name":"GS Ah\u015fap Masa Ma\u00e7\u0131"}]},{"@type":"WebSite","@id":"https:\/\/matraxoyuncak.com\/#website","url":"https:\/\/matraxoyuncak.com\/","name":"Matrax Oyuncak | Futbol, Ah\u015fap, Bilardo, E\u011fitici, Oyuncak \u00dcreticisi","description":"Matrax Oyuncak, futbol, ah\u015fap, bilardo ve e\u011fitici oyuncaklar\u0131n \u00fcretimini T\u00fcrkiye&#039;de ger\u00e7ekle\u015ftiren ilk ve tek yerli firma olan Ak\u00e7i\u00e7ek Oyuncak&#039;\u0131n markas\u0131d\u0131r.","publisher":{"@id":"https:\/\/matraxoyuncak.com\/#organization"},"potentialAction":[{"@type":"SearchAction","target":{"@type":"EntryPoint","urlTemplate":"https:\/\/matraxoyuncak.com\/?s={search_term_string}"},"query-input":{"@type":"PropertyValueSpecification","valueRequired":true,"valueName":"search_term_string"}}],"inLanguage":"ar"},{"@type":"Organization","@id":"https:\/\/matraxoyuncak.com\/#organization","name":"Matrax Oyuncak","url":"https:\/\/matraxoyuncak.com\/","logo":{"@type":"ImageObject","inLanguage":"ar","@id":"https:\/\/matraxoyuncak.com\/#\/schema\/logo\/image\/","url":"https:\/\/matraxoyuncak.com\/wp-content\/uploads\/2022\/05\/matrax-logo.png","contentUrl":"https:\/\/matraxoyuncak.com\/wp-content\/uploads\/2022\/05\/matrax-logo.png","width":228,"height":91,"caption":"Matrax Oyuncak"},"image":{"@id":"https:\/\/matraxoyuncak.com\/#\/schema\/logo\/image\/"}}]}},"_links":{"self":[{"href":"https:\/\/matraxoyuncak.com\/ar\/wp-json\/wp\/v2\/product\/20574","targetHints":{"allow":["GET"]}}],"collection":[{"href":"https:\/\/matraxoyuncak.com\/ar\/wp-json\/wp\/v2\/product"}],"about":[{"href":"https:\/\/matraxoyuncak.com\/ar\/wp-json\/wp\/v2\/types\/product"}],"wp:featuredmedia":[{"embeddable":true,"href":"https:\/\/matraxoyuncak.com\/ar\/wp-json\/wp\/v2\/media\/20575"}],"wp:attachment":[{"href":"https:\/\/matraxoyuncak.com\/ar\/wp-json\/wp\/v2\/media?parent=20574"}],"wp:term":[{"taxonomy":"product_brand","embeddable":true,"href":"https:\/\/matraxoyuncak.com\/ar\/wp-json\/wp\/v2\/product_brand?post=20574"},{"taxonomy":"product_cat","embeddable":true,"href":"https:\/\/matraxoyuncak.com\/ar\/wp-json\/wp\/v2\/product_cat?post=20574"},{"taxonomy":"product_tag","embeddable":true,"href":"https:\/\/matraxoyuncak.com\/ar\/wp-json\/wp\/v2\/product_tag?post=20574"}],"curies":[{"name":"wp","href":"https:\/\/api.w.org\/{rel}","templated":true}]}}