{"id":20542,"date":"2022-05-31T14:42:07","date_gmt":"2022-05-31T14:42:07","guid":{"rendered":"http:\/\/www.favorioyuncak.com\/?post_type=product&#038;p=20542"},"modified":"2022-05-31T14:42:07","modified_gmt":"2022-05-31T14:42:07","slug":"eva-egzersiz-mati-180x60-cm-3-katli","status":"publish","type":"product","link":"https:\/\/matraxoyuncak.com\/ar\/product\/eva-egzersiz-mati-180x60-cm-3-katli\/","title":{"rendered":"\u0633\u062c\u0627\u062f\u0629 \u062a\u0645\u0631\u064a\u0646 EVA 180 \u00d7 60 \u0633\u0645 3 \u0637\u0628\u0642\u0627\u062a"},"content":{"rendered":"<div class=\"block-title\">\u0645\u0648\u0627\u0635\u0641\u0627\u062a \u0627\u0644\u0645\u0646\u062a\u062c<\/div>\n<div class=\"clear\"><\/div>\n<div class=\"toy-detail\">\n<div class=\"block\">\n<div class=\"text\">\u0643\u0648\u062f \u0627\u0644\u0645\u0646\u062a\u062c<\/div>\n<div class=\"value\">364<\/div>\n<\/div>\n<div class=\"block\">\n<div class=\"text\">\u0627\u0644\u0631\u0645\u0632 \u0627\u0644\u0634\u0631\u064a\u0637\u064a<\/div>\n<div class=\"value\">869529003649<\/div>\n<\/div>\n<div class=\"block\">\n<div class=\"text\">\u0627\u0628\u0639\u0627\u062f \u0627\u0644\u0645\u0646\u062a\u062c<\/div>\n<div class=\"value\">180 \u00d7 60<\/div>\n<\/div>\n<div class=\"clear\"><\/div>\n<\/div>\n<div class=\"other-details\">\n<div class=\"title\">\u0627\u0644\u0645\u0639\u0644\u0648\u0645\u0627\u062a \u0627\u0644\u0623\u062e\u0631\u0649<\/div>\n<div class=\"desc\">\n<p>\u0641\u064a \u0627\u0644\u0639\u0628\u0648\u0629: \u0642\u0637\u0639\u0629 \u0648\u0627\u062d\u062f\u0629<\/p>\n<p>\u0623\u0628\u0639\u0627\u062f \u0627\u0644\u0645\u0646\u062a\u062c: 180 \u00d7 60 \u0633\u0645<\/p>\n<p>\u0625\u0646\u0647 \u062e\u0641\u064a\u0641 \u0648\u0645\u0631\u064a\u062d \u0648\u0645\u0631\u0646 \u061b<\/p>\n<p>\u0645\u0642\u0627\u0648\u0645 \u0644\u0644\u0645\u0627\u0621 \u0648\u0627\u0644\u0631\u0637\u0648\u0628\u0629.<\/p>\n<p>\u0644\u0627 \u064a\u062d\u062a\u0648\u064a \u0639\u0644\u0649 \u0628\u0643\u062a\u064a\u0631\u064a\u0627 \u0648\u0644\u0627 \u0631\u0627\u0626\u062d\u0629 \u061b<\/p>\n<p>\u064a\u0638\u0647\u0631 \u0645\u0642\u0627\u0648\u0645\u0629 \u0639\u0627\u0644\u064a\u0629 \u0644\u0644\u0635\u062f\u0645\u0627\u062a \u0648\u0627\u0644\u062a\u0623\u062b\u064a\u0631\u0627\u062a \u061b<\/p>\n<p>\u0644\u062f\u064a\u0647 \u0627\u0644\u0642\u062f\u0631\u0629 \u0639\u0644\u0649 \u0627\u0633\u062a\u0639\u0627\u062f\u0629 \u0646\u0641\u0633\u0647 \u0628\u0639\u062f \u0627\u0644\u0627\u0635\u0637\u062f\u0627\u0645 \u061b<\/p>\n<p>\u064a\u0648\u0641\u0631 \u0627\u0644\u0639\u0632\u0644 \u0627\u0644\u062d\u0631\u0627\u0631\u064a \u060c \u0644\u0627 \u064a\u0645\u0631 \u0628\u0631\u0648\u062f\u0629 \u0627\u0644\u0646\u0639\u0644.<\/p>\n<p>\u0627\u0644\u0643\u0645\u064a\u0629 \u0641\u064a \u0639\u0644\u0628\u0629: 15<\/p>\n<p>\u0623\u0628\u0639\u0627\u062f \u0627\u0644\u0639\u0644\u0628\u0629: 52 \u00d7 78 \u00d7 64<\/p>\n<p>\u0648\u0632\u0646 \u0627\u0644\u0635\u0646\u062f\u0648\u0642: 7\u060c205 \u0643\u062c\u0645.<\/p>\n<\/div>\n<\/div>","protected":false},"excerpt":{"rendered":"<p>&quot;\u0633\u062c\u0627\u062f\u0629 Eva \u0644\u0644\u062a\u0645\u0627\u0631\u064a\u0646 \u0627\u0644\u0631\u064a\u0627\u0636\u064a\u0629&quot; \u060c \u0648\u0627\u0644\u062a\u064a \u064a\u0645\u0643\u0646\u0643 \u0627\u0633\u062a\u062e\u062f\u0627\u0645\u0647\u0627 \u0641\u064a \u0627\u0644\u0645\u0646\u0632\u0644 \u0623\u0648 \u0641\u064a \u0627\u0644\u062e\u0627\u0631\u062c \u0645\u0646 \u062e\u0644\u0627\u0644 \u0627\u0644\u0627\u0633\u062a\u0644\u0642\u0627\u0621 \u0639\u0644\u0649 \u0627\u0644\u0623\u0631\u0636 \u060c \u0645\u0635\u0645\u0645\u0629 \u062e\u0635\u064a\u0635\u064b\u0627 \u0644\u0645\u0645\u0627\u0631\u0633\u0629 \u0627\u0644\u0631\u064a\u0627\u0636\u0629 \u0628\u0634\u0643\u0644 \u0645\u0631\u064a\u062d. \u064a\u0645\u0643\u0646\u0643 \u0627\u0633\u062a\u062e\u062f\u0627\u0645 \u0647\u0630\u0627 \u0627\u0644\u0645\u0646\u062a\u062c \u0627\u0644\u0630\u064a \u0644\u0627 \u064a\u0642\u062a\u0635\u0631 \u0639\u0644\u0649 \u0645\u0645\u0627\u0631\u0633\u0629 \u0627\u0644\u0631\u064a\u0627\u0636\u0629 \u0641\u0642\u0637 \u0639\u0644\u0649 \u0627\u0644\u0634\u0627\u0637\u0626 \u0623\u0648 \u0627\u0644\u0645\u062e\u064a\u0645 \u0623\u0648 \u0627\u0644\u0645\u0633\u0627\u062c\u062f. \u0647\u0630\u0647 \u0627\u0644\u0633\u062c\u0627\u062f\u0629 180 \u0633\u0645. \u00d7 \u0666\u0660 \u0633\u0645. \u0645\u0635\u0645\u0645 \u0628\u0627\u0644\u062d\u062c\u0645. \u064a\u062a\u0643\u0648\u0646 \u0645\u0646 3 \u0637\u0628\u0642\u0627\u062a \u0648\u064a\u062a\u0645 \u0625\u0646\u062a\u0627\u062c\u0647 \u0645\u0646 \u0645\u0648\u0627\u062f \u062e\u0627\u0645 \u062e\u0627\u0644\u064a\u0629 \u0645\u0646 \u0645\u0627\u062f\u0629 BPA. \u0625\u0646\u0647\u0627 \u0645\u0646\u0627\u0633\u0628\u0629 \u0644\u0644\u0627\u0633\u062a\u062e\u062f\u0627\u0645 \u0639\u0644\u0649 \u0627\u0644\u0648\u062c\u0647\u064a\u0646.<\/p>","protected":false},"featured_media":20543,"template":"","meta":[],"product_brand":[],"product_cat":[239],"product_tag":[],"class_list":{"0":"post-20542","1":"product","2":"type-product","3":"status-publish","4":"has-post-thumbnail","6":"product_cat-matrax-sport","8":"first","9":"instock","10":"shipping-taxable","11":"product-type-simple"},"yoast_head":"<!-- This site is optimized with the Yoast SEO plugin v25.0 - https:\/\/yoast.com\/wordpress\/plugins\/seo\/ -->\n<title>EVA Egzersiz Mat\u0131 180x60 cm 3 Katl\u0131 - Matrax Oyuncak | Futbol, Ah\u015fap, Bilardo, E\u011fitici, Oyuncak \u00dcreticisi<\/title>\n<meta name=\"description\" content=\"Matrax Oyuncak, futbol, ah\u015fap, bilardo ve e\u011fitici oyuncaklar\u0131n \u00fcretimini T\u00fcrkiye&#039;de ger\u00e7ekle\u015ftiren ilk ve tek yerli firma olan Ak\u00e7i\u00e7ek Oyuncak&#039;\u0131n markas\u0131d\u0131r.\" \/>\n<meta name=\"robots\" content=\"index, follow, max-snippet:-1, max-image-preview:large, max-video-preview:-1\" \/>\n<link rel=\"canonical\" href=\"https:\/\/matraxoyuncak.com\/ar\/product\/eva-egzersiz-mati-180x60-cm-3-katli\/\" \/>\n<meta property=\"og:locale\" content=\"ar_AR\" \/>\n<meta property=\"og:type\" content=\"article\" \/>\n<meta property=\"og:title\" content=\"EVA Egzersiz Mat\u0131 180x60 cm 3 Katl\u0131 - Matrax Oyuncak | Futbol, Ah\u015fap, Bilardo, E\u011fitici, Oyuncak \u00dcreticisi\" \/>\n<meta property=\"og:description\" content=\"Matrax Oyuncak, futbol, ah\u015fap, bilardo ve e\u011fitici oyuncaklar\u0131n \u00fcretimini T\u00fcrkiye&#039;de ger\u00e7ekle\u015ftiren ilk ve tek yerli firma olan Ak\u00e7i\u00e7ek Oyuncak&#039;\u0131n markas\u0131d\u0131r.\" \/>\n<meta property=\"og:url\" content=\"https:\/\/matraxoyuncak.com\/ar\/product\/eva-egzersiz-mati-180x60-cm-3-katli\/\" \/>\n<meta property=\"og:site_name\" content=\"Matrax Oyuncak | Futbol, Ah\u015fap, Bilardo, E\u011fitici, Oyuncak \u00dcreticisi\" \/>\n<meta property=\"og:image\" content=\"https:\/\/matraxoyuncak.com\/wp-content\/uploads\/2022\/05\/4489364.jpg\" \/>\n\t<meta property=\"og:image:width\" content=\"605\" \/>\n\t<meta property=\"og:image:height\" content=\"465\" \/>\n\t<meta property=\"og:image:type\" content=\"image\/jpeg\" \/>\n<meta name=\"twitter:card\" content=\"summary_large_image\" \/>\n<script type=\"application\/ld+json\" class=\"yoast-schema-graph\">{\"@context\":\"https:\/\/schema.org\",\"@graph\":[{\"@type\":\"WebPage\",\"@id\":\"https:\/\/matraxoyuncak.com\/urun\/eva-egzersiz-mati-180x60-cm-3-katli\/\",\"url\":\"https:\/\/matraxoyuncak.com\/urun\/eva-egzersiz-mati-180x60-cm-3-katli\/\",\"name\":\"EVA Egzersiz Mat\u0131 180x60 cm 3 Katl\u0131 - Matrax Oyuncak | Futbol, Ah\u015fap, Bilardo, E\u011fitici, Oyuncak \u00dcreticisi\",\"isPartOf\":{\"@id\":\"https:\/\/matraxoyuncak.com\/#website\"},\"primaryImageOfPage\":{\"@id\":\"https:\/\/matraxoyuncak.com\/urun\/eva-egzersiz-mati-180x60-cm-3-katli\/#primaryimage\"},\"image\":{\"@id\":\"https:\/\/matraxoyuncak.com\/urun\/eva-egzersiz-mati-180x60-cm-3-katli\/#primaryimage\"},\"thumbnailUrl\":\"https:\/\/matraxoyuncak.com\/wp-content\/uploads\/2022\/05\/4489364.jpg\",\"datePublished\":\"2022-05-31T14:42:07+00:00\",\"description\":\"Matrax Oyuncak, futbol, ah\u015fap, bilardo ve e\u011fitici oyuncaklar\u0131n \u00fcretimini T\u00fcrkiye'de ger\u00e7ekle\u015ftiren ilk ve tek yerli firma olan Ak\u00e7i\u00e7ek Oyuncak'\u0131n markas\u0131d\u0131r.\",\"breadcrumb\":{\"@id\":\"https:\/\/matraxoyuncak.com\/urun\/eva-egzersiz-mati-180x60-cm-3-katli\/#breadcrumb\"},\"inLanguage\":\"ar\",\"potentialAction\":[{\"@type\":\"ReadAction\",\"target\":[\"https:\/\/matraxoyuncak.com\/urun\/eva-egzersiz-mati-180x60-cm-3-katli\/\"]}]},{\"@type\":\"ImageObject\",\"inLanguage\":\"ar\",\"@id\":\"https:\/\/matraxoyuncak.com\/urun\/eva-egzersiz-mati-180x60-cm-3-katli\/#primaryimage\",\"url\":\"https:\/\/matraxoyuncak.com\/wp-content\/uploads\/2022\/05\/4489364.jpg\",\"contentUrl\":\"https:\/\/matraxoyuncak.com\/wp-content\/uploads\/2022\/05\/4489364.jpg\",\"width\":605,\"height\":465},{\"@type\":\"BreadcrumbList\",\"@id\":\"https:\/\/matraxoyuncak.com\/urun\/eva-egzersiz-mati-180x60-cm-3-katli\/#breadcrumb\",\"itemListElement\":[{\"@type\":\"ListItem\",\"position\":1,\"name\":\"Anasayfa\",\"item\":\"https:\/\/matraxoyuncak.com\/tr\/\"},{\"@type\":\"ListItem\",\"position\":2,\"name\":\"\u00dcr\u00fcnler\",\"item\":\"https:\/\/matraxoyuncak.com\/shop__trashed\/\"},{\"@type\":\"ListItem\",\"position\":3,\"name\":\"EVA Egzersiz Mat\u0131 180&#215;60 cm 3 Katl\u0131\"}]},{\"@type\":\"WebSite\",\"@id\":\"https:\/\/matraxoyuncak.com\/#website\",\"url\":\"https:\/\/matraxoyuncak.com\/\",\"name\":\"Matrax Oyuncak | Futbol, Ah\u015fap, Bilardo, E\u011fitici, Oyuncak \u00dcreticisi\",\"description\":\"Matrax Oyuncak, futbol, ah\u015fap, bilardo ve e\u011fitici oyuncaklar\u0131n \u00fcretimini T\u00fcrkiye&#039;de ger\u00e7ekle\u015ftiren ilk ve tek yerli firma olan Ak\u00e7i\u00e7ek Oyuncak&#039;\u0131n markas\u0131d\u0131r.\",\"publisher\":{\"@id\":\"https:\/\/matraxoyuncak.com\/#organization\"},\"potentialAction\":[{\"@type\":\"SearchAction\",\"target\":{\"@type\":\"EntryPoint\",\"urlTemplate\":\"https:\/\/matraxoyuncak.com\/?s={search_term_string}\"},\"query-input\":{\"@type\":\"PropertyValueSpecification\",\"valueRequired\":true,\"valueName\":\"search_term_string\"}}],\"inLanguage\":\"ar\"},{\"@type\":\"Organization\",\"@id\":\"https:\/\/matraxoyuncak.com\/#organization\",\"name\":\"Matrax Oyuncak\",\"url\":\"https:\/\/matraxoyuncak.com\/\",\"logo\":{\"@type\":\"ImageObject\",\"inLanguage\":\"ar\",\"@id\":\"https:\/\/matraxoyuncak.com\/#\/schema\/logo\/image\/\",\"url\":\"https:\/\/matraxoyuncak.com\/wp-content\/uploads\/2022\/05\/matrax-logo.png\",\"contentUrl\":\"https:\/\/matraxoyuncak.com\/wp-content\/uploads\/2022\/05\/matrax-logo.png\",\"width\":228,\"height\":91,\"caption\":\"Matrax Oyuncak\"},\"image\":{\"@id\":\"https:\/\/matraxoyuncak.com\/#\/schema\/logo\/image\/\"}}]}<\/script>\n<!-- \/ Yoast SEO plugin. -->","yoast_head_json":{"title":"EVA Egzersiz Mat\u0131 180x60 cm 3 Katl\u0131 - Matrax Oyuncak | Futbol, Ah\u015fap, Bilardo, E\u011fitici, Oyuncak \u00dcreticisi","description":"Matrax Oyuncak, futbol, ah\u015fap, bilardo ve e\u011fitici oyuncaklar\u0131n \u00fcretimini T\u00fcrkiye'de ger\u00e7ekle\u015ftiren ilk ve tek yerli firma olan Ak\u00e7i\u00e7ek Oyuncak'\u0131n markas\u0131d\u0131r.","robots":{"index":"index","follow":"follow","max-snippet":"max-snippet:-1","max-image-preview":"max-image-preview:large","max-video-preview":"max-video-preview:-1"},"canonical":"https:\/\/matraxoyuncak.com\/ar\/product\/eva-egzersiz-mati-180x60-cm-3-katli\/","og_locale":"ar_AR","og_type":"article","og_title":"EVA Egzersiz Mat\u0131 180x60 cm 3 Katl\u0131 - Matrax Oyuncak | Futbol, Ah\u015fap, Bilardo, E\u011fitici, Oyuncak \u00dcreticisi","og_description":"Matrax Oyuncak, futbol, ah\u015fap, bilardo ve e\u011fitici oyuncaklar\u0131n \u00fcretimini T\u00fcrkiye'de ger\u00e7ekle\u015ftiren ilk ve tek yerli firma olan Ak\u00e7i\u00e7ek Oyuncak'\u0131n markas\u0131d\u0131r.","og_url":"https:\/\/matraxoyuncak.com\/ar\/product\/eva-egzersiz-mati-180x60-cm-3-katli\/","og_site_name":"Matrax Oyuncak | Futbol, Ah\u015fap, Bilardo, E\u011fitici, Oyuncak \u00dcreticisi","og_image":[{"width":605,"height":465,"url":"https:\/\/matraxoyuncak.com\/wp-content\/uploads\/2022\/05\/4489364.jpg","type":"image\/jpeg"}],"twitter_card":"summary_large_image","schema":{"@context":"https:\/\/schema.org","@graph":[{"@type":"WebPage","@id":"https:\/\/matraxoyuncak.com\/urun\/eva-egzersiz-mati-180x60-cm-3-katli\/","url":"https:\/\/matraxoyuncak.com\/urun\/eva-egzersiz-mati-180x60-cm-3-katli\/","name":"EVA Egzersiz Mat\u0131 180x60 cm 3 Katl\u0131 - Matrax Oyuncak | Futbol, Ah\u015fap, Bilardo, E\u011fitici, Oyuncak \u00dcreticisi","isPartOf":{"@id":"https:\/\/matraxoyuncak.com\/#website"},"primaryImageOfPage":{"@id":"https:\/\/matraxoyuncak.com\/urun\/eva-egzersiz-mati-180x60-cm-3-katli\/#primaryimage"},"image":{"@id":"https:\/\/matraxoyuncak.com\/urun\/eva-egzersiz-mati-180x60-cm-3-katli\/#primaryimage"},"thumbnailUrl":"https:\/\/matraxoyuncak.com\/wp-content\/uploads\/2022\/05\/4489364.jpg","datePublished":"2022-05-31T14:42:07+00:00","description":"Matrax Oyuncak, futbol, ah\u015fap, bilardo ve e\u011fitici oyuncaklar\u0131n \u00fcretimini T\u00fcrkiye'de ger\u00e7ekle\u015ftiren ilk ve tek yerli firma olan Ak\u00e7i\u00e7ek Oyuncak'\u0131n markas\u0131d\u0131r.","breadcrumb":{"@id":"https:\/\/matraxoyuncak.com\/urun\/eva-egzersiz-mati-180x60-cm-3-katli\/#breadcrumb"},"inLanguage":"ar","potentialAction":[{"@type":"ReadAction","target":["https:\/\/matraxoyuncak.com\/urun\/eva-egzersiz-mati-180x60-cm-3-katli\/"]}]},{"@type":"ImageObject","inLanguage":"ar","@id":"https:\/\/matraxoyuncak.com\/urun\/eva-egzersiz-mati-180x60-cm-3-katli\/#primaryimage","url":"https:\/\/matraxoyuncak.com\/wp-content\/uploads\/2022\/05\/4489364.jpg","contentUrl":"https:\/\/matraxoyuncak.com\/wp-content\/uploads\/2022\/05\/4489364.jpg","width":605,"height":465},{"@type":"BreadcrumbList","@id":"https:\/\/matraxoyuncak.com\/urun\/eva-egzersiz-mati-180x60-cm-3-katli\/#breadcrumb","itemListElement":[{"@type":"ListItem","position":1,"name":"Anasayfa","item":"https:\/\/matraxoyuncak.com\/tr\/"},{"@type":"ListItem","position":2,"name":"\u00dcr\u00fcnler","item":"https:\/\/matraxoyuncak.com\/shop__trashed\/"},{"@type":"ListItem","position":3,"name":"EVA Egzersiz Mat\u0131 180&#215;60 cm 3 Katl\u0131"}]},{"@type":"WebSite","@id":"https:\/\/matraxoyuncak.com\/#website","url":"https:\/\/matraxoyuncak.com\/","name":"Matrax Oyuncak | Futbol, Ah\u015fap, Bilardo, E\u011fitici, Oyuncak \u00dcreticisi","description":"Matrax Oyuncak, futbol, ah\u015fap, bilardo ve e\u011fitici oyuncaklar\u0131n \u00fcretimini T\u00fcrkiye&#039;de ger\u00e7ekle\u015ftiren ilk ve tek yerli firma olan Ak\u00e7i\u00e7ek Oyuncak&#039;\u0131n markas\u0131d\u0131r.","publisher":{"@id":"https:\/\/matraxoyuncak.com\/#organization"},"potentialAction":[{"@type":"SearchAction","target":{"@type":"EntryPoint","urlTemplate":"https:\/\/matraxoyuncak.com\/?s={search_term_string}"},"query-input":{"@type":"PropertyValueSpecification","valueRequired":true,"valueName":"search_term_string"}}],"inLanguage":"ar"},{"@type":"Organization","@id":"https:\/\/matraxoyuncak.com\/#organization","name":"Matrax Oyuncak","url":"https:\/\/matraxoyuncak.com\/","logo":{"@type":"ImageObject","inLanguage":"ar","@id":"https:\/\/matraxoyuncak.com\/#\/schema\/logo\/image\/","url":"https:\/\/matraxoyuncak.com\/wp-content\/uploads\/2022\/05\/matrax-logo.png","contentUrl":"https:\/\/matraxoyuncak.com\/wp-content\/uploads\/2022\/05\/matrax-logo.png","width":228,"height":91,"caption":"Matrax Oyuncak"},"image":{"@id":"https:\/\/matraxoyuncak.com\/#\/schema\/logo\/image\/"}}]}},"_links":{"self":[{"href":"https:\/\/matraxoyuncak.com\/ar\/wp-json\/wp\/v2\/product\/20542","targetHints":{"allow":["GET"]}}],"collection":[{"href":"https:\/\/matraxoyuncak.com\/ar\/wp-json\/wp\/v2\/product"}],"about":[{"href":"https:\/\/matraxoyuncak.com\/ar\/wp-json\/wp\/v2\/types\/product"}],"wp:featuredmedia":[{"embeddable":true,"href":"https:\/\/matraxoyuncak.com\/ar\/wp-json\/wp\/v2\/media\/20543"}],"wp:attachment":[{"href":"https:\/\/matraxoyuncak.com\/ar\/wp-json\/wp\/v2\/media?parent=20542"}],"wp:term":[{"taxonomy":"product_brand","embeddable":true,"href":"https:\/\/matraxoyuncak.com\/ar\/wp-json\/wp\/v2\/product_brand?post=20542"},{"taxonomy":"product_cat","embeddable":true,"href":"https:\/\/matraxoyuncak.com\/ar\/wp-json\/wp\/v2\/product_cat?post=20542"},{"taxonomy":"product_tag","embeddable":true,"href":"https:\/\/matraxoyuncak.com\/ar\/wp-json\/wp\/v2\/product_tag?post=20542"}],"curies":[{"name":"wp","href":"https:\/\/api.w.org\/{rel}","templated":true}]}}